{"id":38019,"date":"2024-09-11T12:12:42","date_gmt":"2024-09-11T12:12:42","guid":{"rendered":"https:\/\/cultivers.es\/abonos\/bio-futsu-schwarz-bio-kuerbiskerne\/"},"modified":"2025-09-22T05:12:55","modified_gmt":"2025-09-22T05:12:55","slug":"bio-futsu-schwarz-bio-kuerbiskerne","status":"publish","type":"product","link":"https:\/\/cultivers.es\/de\/d\u00fcngemittel\/bio-futsu-schwarz-bio-kuerbiskerne\/","title":{"rendered":"K\u00fcrbiskern Futsu Schwarz"},"content":{"rendered":"","protected":false},"excerpt":{"rendered":"<p>Entdecken Sie den Charme und die Eleganz einer traditionellen japanischen Sorte mit unseren Bio Futsu Schwarzen K\u00fcrbiskernen. Dieser K\u00fcrbis zeichnet sich durch seine dunkle, fast schwarze Schale aus, die zu einem braunen, gerippten Farbton reift, mit einem tief orangefarbenen Fruchtfleisch und einem s\u00fc\u00dfen, nussigen Geschmack. Er eignet sich perfekt f\u00fcr Suppen, P\u00fcrees, Braten und Desserts. Der Futsu Black K\u00fcrbis ist eine Gourmet-Option, die Ihren Gerichten einen besonderen Geschmack verleiht.  <\/p>\n<ul>\n<li><strong>S\u00fc\u00dfer und delikater Geschmack:<\/strong> Das Fruchtfleisch des Futsu Black Pumpkin hat einen milden, s\u00fc\u00dfen Geschmack mit einem Hauch von Nussigkeit, was ihn zu einem Genuss in jedem Gericht macht, von cremigen Suppen bis zu gebratenen Beilagen.<\/li>\n<li><strong>Samtige Textur:<\/strong> Sein festes und weiches Fruchtfleisch macht ihn ideal f\u00fcr alle Arten von kulinarischen Zubereitungen. Ob gebacken, gekocht oder p\u00fcriert, es bietet eine feine, cremige Textur. <\/li>\n<li><strong>Einzigartige \u00c4sthetik:<\/strong> Mit seiner dunklen Haut, die sich bei der Reifung braun f\u00e4rbt, und seiner gerippten Form eignet sich der Futsu Black Pumpkin auch perfekt f\u00fcr herbstliche Dekorationen und elegante Pr\u00e4sentationen.<\/li>\n<li><strong>Widerstandsf\u00e4higkeit und Produktivit\u00e4t:<\/strong> Diese K\u00fcrbissorte ist leicht anzubauen und bietet eine hohe Produktion von mittelgro\u00dfen bis gro\u00dfen, widerstandsf\u00e4higen und langlebigen Fr\u00fcchten, ideal f\u00fcr lange Ernten.<\/li>\n<li><strong>Biologischer Anbau:<\/strong> Unser Saatgut ist zu 100% biologisch und wird ohne den Einsatz von Chemikalien angebaut, was einen gesunden, nachhaltigen und umweltfreundlichen K\u00fcrbis garantiert.<\/li>\n<\/ul>\n<p>Bringen Sie einen Hauch von Raffinesse und Geschmack in Ihren Gem\u00fcsegarten mit den Futsu Schwarzen Bio-K\u00fcrbiskernen. Diese Sorte ist perfekt f\u00fcr Liebhaber der Gourmetk\u00fcche und bietet ein einzigartiges kulinarisches Erlebnis und biologischen Anbau. Bestellen Sie noch heute und genie\u00dfen Sie die Sch\u00f6nheit und den Geschmack dieses japanischen Juwels in Ihrem Garten.  <\/p>\n","protected":false},"featured_media":33926,"comment_status":"open","ping_status":"closed","template":"","meta":{"_acf_changed":false},"product_brand":[],"product_cat":[438,419],"product_tag":[1580],"class_list":{"0":"post-38019","1":"product","2":"type-product","3":"status-publish","4":"has-post-thumbnail","6":"product_cat-bio-obst-und-gemusesaatgut","7":"product_cat-bio-saatgut","8":"product_tag-oko","10":"first","11":"instock","12":"taxable","13":"shipping-taxable","14":"purchasable","15":"product-type-simple"},"acf":[],"_links":{"self":[{"href":"https:\/\/cultivers.es\/de\/wp-json\/wp\/v2\/product\/38019","targetHints":{"allow":["GET"]}}],"collection":[{"href":"https:\/\/cultivers.es\/de\/wp-json\/wp\/v2\/product"}],"about":[{"href":"https:\/\/cultivers.es\/de\/wp-json\/wp\/v2\/types\/product"}],"replies":[{"embeddable":true,"href":"https:\/\/cultivers.es\/de\/wp-json\/wp\/v2\/comments?post=38019"}],"wp:featuredmedia":[{"embeddable":true,"href":"https:\/\/cultivers.es\/de\/wp-json\/wp\/v2\/media\/33926"}],"wp:attachment":[{"href":"https:\/\/cultivers.es\/de\/wp-json\/wp\/v2\/media?parent=38019"}],"wp:term":[{"taxonomy":"product_brand","embeddable":true,"href":"https:\/\/cultivers.es\/de\/wp-json\/wp\/v2\/product_brand?post=38019"},{"taxonomy":"product_cat","embeddable":true,"href":"https:\/\/cultivers.es\/de\/wp-json\/wp\/v2\/product_cat?post=38019"},{"taxonomy":"product_tag","embeddable":true,"href":"https:\/\/cultivers.es\/de\/wp-json\/wp\/v2\/product_tag?post=38019"}],"curies":[{"name":"wp","href":"https:\/\/api.w.org\/{rel}","templated":true}]}}