{"id":38030,"date":"2024-09-11T12:20:32","date_gmt":"2024-09-11T12:20:32","guid":{"rendered":"https:\/\/cultivers.es\/abonos\/bio-suesser-knoedel-kuerbiskerne\/"},"modified":"2025-09-22T05:13:37","modified_gmt":"2025-09-22T05:13:37","slug":"bio-suesser-knoedel-kuerbiskerne","status":"publish","type":"product","link":"https:\/\/cultivers.es\/de\/d\u00fcngemittel\/bio-suesser-knoedel-kuerbiskerne\/","title":{"rendered":"S\u00fc\u00dfer Kn\u00f6del K\u00fcrbiskerne"},"content":{"rendered":"","protected":false},"excerpt":{"rendered":"<p>F\u00fcllen Sie Ihren Garten mit Geschmack und Sch\u00f6nheit mit unseren Bio-K\u00fcrbiskernen Sweet Dumpling. Diese Sorte, die f\u00fcr ihre kleine Form und wei\u00dfe Schale mit gr\u00fcnen Streifen bekannt ist, bietet ein orangefarbenes Fruchtfleisch mit einem s\u00fc\u00dfen, milden Geschmack. Sweet Dumpling Pumpkin ist ideal f\u00fcr gebratene, gef\u00fcllte oder p\u00fcrierte Gerichte und eignet sich perfekt f\u00fcr alle, die nach einer k\u00f6stlichen und optisch ansprechenden Alternative suchen.  <\/p>\n<ul>\n<li><strong>S\u00fc\u00dfer und milder Geschmack:<\/strong> Das Fruchtfleisch des S\u00fc\u00dfen Kn\u00f6delk\u00fcrbisses ist s\u00fc\u00df und zart, mit einem Hauch von Nussigkeit, was ihn zu einer ausgezeichneten Wahl f\u00fcr eine Vielzahl von Rezepten macht, von Braten bis zu gesunden Desserts.<\/li>\n<li><strong>Kompakte Gr\u00f6\u00dfe:<\/strong> Dank seiner geringen Gr\u00f6\u00dfe eignet sich dieser K\u00fcrbis perfekt f\u00fcr Einzelportionen. Er ist ideal zum F\u00fcllen und Servieren als Hauptgericht bei Dinnerpartys oder als kreative Beilage.<\/li>\n<li><strong>Attraktiv und dekorativ:<\/strong> Mit seiner hellen Schale und den eleganten gr\u00fcnen Streifen ist der Sweet Dumpling Pumpkin nicht nur k\u00f6stlich, sondern auch perfekt, um Ihre K\u00fcche oder Ihren Tisch w\u00e4hrend der Erntezeit zu dekorieren.<\/li>\n<li><strong>Einfacher Anbau:<\/strong> Diese Sorte ist widerstandsf\u00e4hig und passt sich gut an verschiedene Bodenarten und Klimazonen an. Au\u00dferdem ist sie sehr produktiv und bringt w\u00e4hrend der Wachstumsperiode eine gute Menge an Fr\u00fcchten pro Pflanze hervor. <\/li>\n<li><strong>Biologischer Anbau:<\/strong> Unser Saatgut ist zu 100% biologisch und garantiert eine pestizid- und chemikalienfreie Ernte, die eine gesunde und umweltfreundliche Ernte gew\u00e4hrleistet.<\/li>\n<\/ul>\n<p>Genie\u00dfen Sie den s\u00fc\u00dfen Geschmack und die kulinarische Vielseitigkeit von Sweet Dumpling Pumpkin. Bauen Sie diese k\u00f6stliche Sorte mit unseren Bio-Samen an und verleihen Sie Ihrem Garten einen Hauch von Delikatesse und Vornehmheit. Bestellen Sie noch heute und beginnen Sie mit der Ernte von K\u00fcrbissen voller Geschmack und Sch\u00f6nheit!  <\/p>\n","protected":false},"featured_media":33940,"comment_status":"open","ping_status":"closed","template":"","meta":{"_acf_changed":false},"product_brand":[],"product_cat":[438,419],"product_tag":[1580],"class_list":{"0":"post-38030","1":"product","2":"type-product","3":"status-publish","4":"has-post-thumbnail","6":"product_cat-bio-obst-und-gemusesaatgut","7":"product_cat-bio-saatgut","8":"product_tag-oko","10":"first","11":"instock","12":"taxable","13":"shipping-taxable","14":"purchasable","15":"product-type-simple"},"acf":[],"_links":{"self":[{"href":"https:\/\/cultivers.es\/de\/wp-json\/wp\/v2\/product\/38030","targetHints":{"allow":["GET"]}}],"collection":[{"href":"https:\/\/cultivers.es\/de\/wp-json\/wp\/v2\/product"}],"about":[{"href":"https:\/\/cultivers.es\/de\/wp-json\/wp\/v2\/types\/product"}],"replies":[{"embeddable":true,"href":"https:\/\/cultivers.es\/de\/wp-json\/wp\/v2\/comments?post=38030"}],"wp:featuredmedia":[{"embeddable":true,"href":"https:\/\/cultivers.es\/de\/wp-json\/wp\/v2\/media\/33940"}],"wp:attachment":[{"href":"https:\/\/cultivers.es\/de\/wp-json\/wp\/v2\/media?parent=38030"}],"wp:term":[{"taxonomy":"product_brand","embeddable":true,"href":"https:\/\/cultivers.es\/de\/wp-json\/wp\/v2\/product_brand?post=38030"},{"taxonomy":"product_cat","embeddable":true,"href":"https:\/\/cultivers.es\/de\/wp-json\/wp\/v2\/product_cat?post=38030"},{"taxonomy":"product_tag","embeddable":true,"href":"https:\/\/cultivers.es\/de\/wp-json\/wp\/v2\/product_tag?post=38030"}],"curies":[{"name":"wp","href":"https:\/\/api.w.org\/{rel}","templated":true}]}}