{"id":38034,"date":"2024-09-11T12:28:12","date_gmt":"2024-09-11T12:28:12","guid":{"rendered":"https:\/\/cultivers.es\/abonos\/ruebensamen-60-tage-bio-ruebensamen\/"},"modified":"2025-09-22T05:13:11","modified_gmt":"2025-09-22T05:13:11","slug":"ruebensamen-60-tage-bio-ruebensamen","status":"publish","type":"product","link":"https:\/\/cultivers.es\/de\/d\u00fcngemittel\/ruebensamen-60-tage-bio-ruebensamen\/","title":{"rendered":"R\u00fcbe R\u00fcbegr\u00fcn 60 Tage biodynamisch Demeter"},"content":{"rendered":"","protected":false},"excerpt":{"rendered":"<p>Z\u00fcchten Sie eines der am meisten gesch\u00e4tzten Gem\u00fcse in der traditionellen Gastronomie mit unseren Steckr\u00fcbensamen 60 Tage Bio. Diese Sorte ist bekannt f\u00fcr ihr schnelles Wachstum und daf\u00fcr, dass sie in nur 60 Tagen Steckr\u00fcben mit einem intensiven Geschmack hervorbringt. Sie sind ideal f\u00fcr die Zubereitung von typischen Gerichten wie Eint\u00f6pfen und Aufl\u00e4ufen. Steckr\u00fcben sind eine hervorragende N\u00e4hrstoffquelle und verleihen Ihren Rezepten eine charakteristische Note.  <\/p>\n<ul>\n<li><strong>Schnelle Ernte in 60 Tagen:<\/strong> Die R\u00fcbe Grelos ist eine der am schnellsten wachsenden Sorten, so dass Sie ihre nahrhaften Bl\u00e4tter in nur zwei Monaten genie\u00dfen k\u00f6nnen. Ideal f\u00fcr alle, die eine effiziente und produktive Ernte suchen.<\/li>\n<li><strong>Intensiver und traditioneller Geschmack:<\/strong> Steckr\u00fcben haben einen leicht bitteren und w\u00fcrzigen Geschmack, der f\u00fcr die galicische und nordspanische K\u00fcche charakteristisch ist, und sind ideal als Beilage zu Eint\u00f6pfen, Aufl\u00e4ufen und anderen traditionellen Rezepten.<\/li>\n<li><strong>Reich an N\u00e4hrstoffen:<\/strong> R\u00fcbstiele sind eine hervorragende Quelle f\u00fcr Ballaststoffe, Vitamine (A, C, K) und wichtige Mineralstoffe wie Eisen und Kalzium und tragen zu einer gesunden und ausgewogenen Ern\u00e4hrung bei.<\/li>\n<li><strong>Einfacher Anbau:<\/strong> Diese Sorte ist winterhart und passt sich gut an verschiedene Bodentypen an, vertr\u00e4gt k\u00fchles Klima und ist ideal f\u00fcr den Herbst- und Winteranbau. Sie erfordert au\u00dferdem wenig Pflege, so dass sie sowohl f\u00fcr Anf\u00e4nger als auch f\u00fcr erfahrene G\u00e4rtner geeignet ist. <\/li>\n<li><strong>Biologischer Anbau:<\/strong> Unser Saatgut ist zu 100% biologisch und garantiert eine Ernte ohne Pestizide und chemische D\u00fcngemittel, was eine gesunde und nachhaltige Ernte f\u00f6rdert.<\/li>\n<\/ul>\n<p>Genie\u00dfen Sie die Tradition und den authentischen Geschmack von Kohlrabi in Ihrem eigenen Garten mit unseren 60 Days Organic Turnip Greens Seeds. Erg\u00e4nzen Sie Ihre Gerichte mit diesem Juwel der traditionellen K\u00fcche und bauen Sie biologisch an - bestellen Sie noch heute und genie\u00dfen Sie eine schnelle und k\u00f6stliche Ernte!  <\/p>\n","protected":false},"featured_media":33947,"comment_status":"open","ping_status":"closed","template":"","meta":{"_acf_changed":false},"product_brand":[],"product_cat":[423,419,1304],"product_tag":[1384],"class_list":{"0":"post-38034","1":"product","2":"type-product","3":"status-publish","4":"has-post-thumbnail","6":"product_cat-bio-brassica-saatgut","7":"product_cat-bio-saatgut","8":"product_cat-demeter-samen","9":"product_tag-demeter-de","11":"first","12":"outofstock","13":"sale","14":"taxable","15":"shipping-taxable","16":"purchasable","17":"product-type-variable"},"acf":[],"_links":{"self":[{"href":"https:\/\/cultivers.es\/de\/wp-json\/wp\/v2\/product\/38034","targetHints":{"allow":["GET"]}}],"collection":[{"href":"https:\/\/cultivers.es\/de\/wp-json\/wp\/v2\/product"}],"about":[{"href":"https:\/\/cultivers.es\/de\/wp-json\/wp\/v2\/types\/product"}],"replies":[{"embeddable":true,"href":"https:\/\/cultivers.es\/de\/wp-json\/wp\/v2\/comments?post=38034"}],"wp:featuredmedia":[{"embeddable":true,"href":"https:\/\/cultivers.es\/de\/wp-json\/wp\/v2\/media\/33947"}],"wp:attachment":[{"href":"https:\/\/cultivers.es\/de\/wp-json\/wp\/v2\/media?parent=38034"}],"wp:term":[{"taxonomy":"product_brand","embeddable":true,"href":"https:\/\/cultivers.es\/de\/wp-json\/wp\/v2\/product_brand?post=38034"},{"taxonomy":"product_cat","embeddable":true,"href":"https:\/\/cultivers.es\/de\/wp-json\/wp\/v2\/product_cat?post=38034"},{"taxonomy":"product_tag","embeddable":true,"href":"https:\/\/cultivers.es\/de\/wp-json\/wp\/v2\/product_tag?post=38034"}],"curies":[{"name":"wp","href":"https:\/\/api.w.org\/{rel}","templated":true}]}}