{"id":38046,"date":"2024-09-11T13:10:32","date_gmt":"2024-09-11T13:10:32","guid":{"rendered":"https:\/\/cultivers.es\/abonos\/karottensamen-longue-rouge-sang-bio-karottensamen\/"},"modified":"2025-09-22T05:46:41","modified_gmt":"2025-09-22T05:46:41","slug":"karottensamen-longue-rouge-sang-bio-karottensamen","status":"publish","type":"product","link":"https:\/\/cultivers.es\/de\/d\u00fcngemittel\/karottensamen-longue-rouge-sang-bio-karottensamen\/","title":{"rendered":"Karottensamen Longue Rouge Sang"},"content":{"rendered":"","protected":false},"excerpt":{"rendered":"<p>Verleihen Sie Ihrem Garten mit unseren Bio Karottensamen Longue Rouge Sang einen Hauch von Geschichte und Besonderheit. Diese alte franz\u00f6sische Sorte zeichnet sich durch ihre l\u00e4ngliche Form und ihre auffallend dunkelrote Farbe aus, die nicht nur visuell auff\u00e4llt, sondern auch einen tiefen, s\u00fc\u00dfen Geschmack bietet. Diese Karotte ist ideal f\u00fcr alle, die etwas anderes in ihrer Ernte suchen, denn sie eignet sich hervorragend f\u00fcr Salate, Eint\u00f6pfe und Braten.  <\/p>\n<ul>\n<li><strong>Einzigartige und auff\u00e4llige Farbe:<\/strong> Die Longue Rouge Sang Karotte ist f\u00fcr ihre unverwechselbare dunkelrote Farbe bekannt, die sie sowohl im Garten als auch auf dem Teller auffallen l\u00e4sst. Ihr leuchtender Farbton ist ein Indikator f\u00fcr ihren hohen Gehalt an Antioxidantien. <\/li>\n<li><strong>S\u00fc\u00dfer und reichhaltiger Geschmack:<\/strong> Diese Sorte hat einen s\u00fc\u00dfen, intensiven und leicht erdigen Geschmack, der sie zu einer k\u00f6stlichen Wahl f\u00fcr eine breite Palette von Gerichten macht, von roh in Salaten bis gekocht in Suppen und Eint\u00f6pfen.<\/li>\n<li><strong>Feste Textur:<\/strong> Das Fruchtfleisch ist fest und knackig, wodurch es sich sowohl f\u00fcr den Frischverzehr als auch zum Kochen eignet. Ihre Konsistenz ist perfekt f\u00fcr alle, die in ihren Rezepten nach M\u00f6hren mit K\u00f6rper und Geschmack suchen. <\/li>\n<li><strong>Einfacher Anbau:<\/strong> Die Karotte Longue Rouge Sang ist eine robuste Sorte, die sich gut an verschiedene Bodenarten und klimatische Bedingungen anpasst. Sie ist f\u00fcr G\u00e4rtner aller Niveaus geeignet und liefert in jeder Saison eine zufriedenstellende Ernte. <\/li>\n<li><strong>Biologischer Anbau:<\/strong> Unser Saatgut ist zu 100% biologisch und garantiert eine Ernte, die frei von Pestiziden und chemischen Produkten ist. Das schont die Umwelt und ist perfekt f\u00fcr alle, die sich nat\u00fcrlich und nachhaltig ern\u00e4hren m\u00f6chten.<\/li>\n<\/ul>\n<p>Z\u00fcchten Sie eine Karotte mit einer besonderen Geschichte mit den Bio Longue Rouge Sang Karottensamen. Genie\u00dfen Sie ihre leuchtende Farbe und ihren au\u00dfergew\u00f6hnlichen Geschmack, w\u00e4hrend sie nachhaltig wachsen - bestellen Sie noch heute und verleihen Sie Ihrem Garten und Ihrer K\u00fcche eine besondere Note!  <\/p>\n","protected":false},"featured_media":33970,"comment_status":"open","ping_status":"closed","template":"","meta":{"_acf_changed":false},"product_brand":[],"product_cat":[419,433],"product_tag":[1580],"woo-feed-brand":[],"class_list":{"0":"post-38046","1":"product","2":"type-product","3":"status-publish","4":"has-post-thumbnail","6":"product_cat-bio-saatgut","7":"product_cat-bio-wurzelsaatgut","8":"product_tag-oko","10":"first","11":"outofstock","12":"taxable","13":"shipping-taxable","14":"purchasable","15":"product-type-simple"},"acf":[],"_links":{"self":[{"href":"https:\/\/cultivers.es\/de\/wp-json\/wp\/v2\/product\/38046","targetHints":{"allow":["GET"]}}],"collection":[{"href":"https:\/\/cultivers.es\/de\/wp-json\/wp\/v2\/product"}],"about":[{"href":"https:\/\/cultivers.es\/de\/wp-json\/wp\/v2\/types\/product"}],"replies":[{"embeddable":true,"href":"https:\/\/cultivers.es\/de\/wp-json\/wp\/v2\/comments?post=38046"}],"wp:featuredmedia":[{"embeddable":true,"href":"https:\/\/cultivers.es\/de\/wp-json\/wp\/v2\/media\/33970"}],"wp:attachment":[{"href":"https:\/\/cultivers.es\/de\/wp-json\/wp\/v2\/media?parent=38046"}],"wp:term":[{"taxonomy":"product_brand","embeddable":true,"href":"https:\/\/cultivers.es\/de\/wp-json\/wp\/v2\/product_brand?post=38046"},{"taxonomy":"product_cat","embeddable":true,"href":"https:\/\/cultivers.es\/de\/wp-json\/wp\/v2\/product_cat?post=38046"},{"taxonomy":"product_tag","embeddable":true,"href":"https:\/\/cultivers.es\/de\/wp-json\/wp\/v2\/product_tag?post=38046"},{"taxonomy":"woo-feed-brand","embeddable":true,"href":"https:\/\/cultivers.es\/de\/wp-json\/wp\/v2\/woo-feed-brand?post=38046"}],"curies":[{"name":"wp","href":"https:\/\/api.w.org\/{rel}","templated":true}]}}