{"id":38149,"date":"2024-04-28T14:49:12","date_gmt":"2024-04-28T14:49:12","guid":{"rendered":"https:\/\/cultivers.es\/abonos\/gruener-duenger-bio-inkarnatklee-saatgut\/"},"modified":"2025-09-22T04:48:03","modified_gmt":"2025-09-22T04:48:03","slug":"gruener-duenger-bio-inkarnatklee-saatgut","status":"publish","type":"product","link":"https:\/\/cultivers.es\/de\/d\u00fcngemittel\/gruener-duenger-bio-inkarnatklee-saatgut\/","title":{"rendered":"Gr\u00fcner D\u00fcnger Inkarnatkleesamen"},"content":{"rendered":"","protected":false},"excerpt":{"rendered":"<p>Unsere Bio Inkarnatkleesamen sind eine ausgezeichnete Wahl, um die Gesundheit und Fruchtbarkeit Ihres Bodens auf nat\u00fcrliche und nachhaltige Weise zu verbessern. Inkarnatklee ist f\u00fcr seine Eigenschaften als Gr\u00fcnd\u00fcngung bekannt und bietet eine Reihe von spezifischen Vorteilen, die dazu beitragen, Ihre Pflanzen zu n\u00e4hren und die Gesundheit Ihres Gartens auf umweltfreundliche Weise zu erhalten. <\/p>\n<ul>\n<li><strong>Gr\u00fcnd\u00fcngungseigenschaften:<\/strong> Eingewachsener Klee ist eine H\u00fclsenfrucht, die die einzigartige F\u00e4higkeit besitzt, atmosph\u00e4rischen Stickstoff im Boden zu fixieren und ihn mit diesem f\u00fcr das Pflanzenwachstum wichtigen N\u00e4hrstoff anzureichern.<\/li>\n<li><strong>Verbesserte Bodenstruktur:<\/strong> Wenn Sie eingewachsenen Klee als Gr\u00fcnd\u00fcngung anbauen, verbessern Sie die Bodenstruktur, erh\u00f6hen die organische Substanz und f\u00f6rdern die n\u00fctzliche mikrobielle Aktivit\u00e4t im Boden.<\/li>\n<li><strong>Unkrautbek\u00e4mpfung:<\/strong> Das kr\u00e4ftige Wachstum von eingewachsenem Klee tr\u00e4gt dazu bei, das Unkrautwachstum zu unterdr\u00fccken, indem er um Bodenressourcen konkurriert, wodurch der Bedarf an Herbiziden reduziert wird.<\/li>\n<li><strong>Bodenschutz und -erhaltung:<\/strong> Die Pflanzendecke, die der eingewachsene Klee bildet, tr\u00e4gt dazu bei, den Boden vor Erosion durch Wind und Regen zu sch\u00fctzen und die Bodenstruktur und Fruchtbarkeit langfristig zu erhalten.<\/li>\n<li><strong>Biologischer Anbau:<\/strong> Diese eingewachsenen Kleesamen werden biologisch angebaut, ohne Verwendung von sch\u00e4dlichen Chemikalien, um eine nat\u00fcrliche und sichere Versorgung Ihres Gartens zu gew\u00e4hrleisten.<\/li>\n<\/ul>\n<p>Nutzen Sie die nat\u00fcrlichen Vorteile und die Vitalit\u00e4t, die der Inkarnatklee als Gr\u00fcnd\u00fcngung in Ihrem Gem\u00fcsegarten bietet. Kultivieren Sie auf nachhaltige Weise einen fruchtbareren, ausgeglicheneren und ges\u00fcnderen Boden und tragen Sie zum Schutz der Umwelt bei, w\u00e4hrend Sie die Produktivit\u00e4t Ihrer Pflanzen verbessern. <\/p>\n","protected":false},"featured_media":24985,"comment_status":"open","ping_status":"closed","template":"","meta":{"_acf_changed":false},"product_brand":[],"product_cat":[419,1266],"product_tag":[1580],"woo-feed-brand":[],"class_list":{"0":"post-38149","1":"product","2":"type-product","3":"status-publish","4":"has-post-thumbnail","6":"product_cat-bio-saatgut","7":"product_cat-gruner-dunger-grune-deckpflanzen","8":"product_tag-oko","10":"first","11":"instock","12":"taxable","13":"shipping-taxable","14":"purchasable","15":"product-type-simple"},"acf":[],"_links":{"self":[{"href":"https:\/\/cultivers.es\/de\/wp-json\/wp\/v2\/product\/38149","targetHints":{"allow":["GET"]}}],"collection":[{"href":"https:\/\/cultivers.es\/de\/wp-json\/wp\/v2\/product"}],"about":[{"href":"https:\/\/cultivers.es\/de\/wp-json\/wp\/v2\/types\/product"}],"replies":[{"embeddable":true,"href":"https:\/\/cultivers.es\/de\/wp-json\/wp\/v2\/comments?post=38149"}],"wp:featuredmedia":[{"embeddable":true,"href":"https:\/\/cultivers.es\/de\/wp-json\/wp\/v2\/media\/24985"}],"wp:attachment":[{"href":"https:\/\/cultivers.es\/de\/wp-json\/wp\/v2\/media?parent=38149"}],"wp:term":[{"taxonomy":"product_brand","embeddable":true,"href":"https:\/\/cultivers.es\/de\/wp-json\/wp\/v2\/product_brand?post=38149"},{"taxonomy":"product_cat","embeddable":true,"href":"https:\/\/cultivers.es\/de\/wp-json\/wp\/v2\/product_cat?post=38149"},{"taxonomy":"product_tag","embeddable":true,"href":"https:\/\/cultivers.es\/de\/wp-json\/wp\/v2\/product_tag?post=38149"},{"taxonomy":"woo-feed-brand","embeddable":true,"href":"https:\/\/cultivers.es\/de\/wp-json\/wp\/v2\/woo-feed-brand?post=38149"}],"curies":[{"name":"wp","href":"https:\/\/api.w.org\/{rel}","templated":true}]}}