{"id":38158,"date":"2024-05-20T12:36:21","date_gmt":"2024-05-20T12:36:21","guid":{"rendered":"https:\/\/cultivers.es\/abonos\/osteen-mango-pflanze\/"},"modified":"2025-12-21T07:45:47","modified_gmt":"2025-12-21T07:45:47","slug":"osteen-mango-pflanze","status":"publish","type":"product","link":"https:\/\/cultivers.es\/de\/d\u00fcngemittel\/osteen-mango-pflanze\/","title":{"rendered":"Osteen Mango Pflanze"},"content":{"rendered":"","protected":false},"excerpt":{"rendered":"<p>Osteen Mango Pflanze zu verkaufen. Der<strong> Preis beinhaltet die Versandkosten, wenn Ihr Einkauf \u00fcber 20\u20ac liegt.<\/strong><\/p>\n<p>Die Frucht der Osteen Mango ist l\u00e4nglich und von violetter Farbe. Ihr durchschnittliches Gewicht, wenn der Baum beladen ist, betr\u00e4gt etwa 525 g. <\/p>\n<p>Der Ballaststoffgehalt des Fruchtfleisches ist gering bis m\u00e4\u00dfig und es eignet sich gut f\u00fcr den Verzehr mit dem L\u00f6ffel. Die Gr\u00f6\u00dfe des Samens ist klein. Die Qualit\u00e4t dieser Frucht ist gut.  <\/p>\n<p>Der Osteen-Mangobaum hat eine aufrechte, mittelgro\u00dfe Wuchsform.<\/p>\n<p>An Orten mit leicht kalten Wintern ist es ratsam,<strong> die Pflanzen<\/strong> bis zum Fr\u00fchlingsbeginn<strong> mit einer W\u00e4rmedecke abzudecken<\/strong>. Ein gut entwickelter Baum kann Temperaturen von zwei Grad unter Null aushalten, solange sie nicht zu lange andauern. Ein junger Baum, zwei bis f\u00fcnf Jahre alt, kann bei Temperaturen von null und einem Grad Celsius zugrunde gehen.  <\/p>\n","protected":false},"featured_media":25555,"comment_status":"open","ping_status":"closed","template":"","meta":{"_acf_changed":false},"product_brand":[],"product_cat":[1323,1404],"product_tag":[],"woo-feed-brand":[],"class_list":{"0":"post-38158","1":"product","2":"type-product","3":"status-publish","4":"has-post-thumbnail","6":"product_cat-kindergarten","7":"product_cat-mango-pflanzen","9":"first","10":"outofstock","11":"taxable","12":"shipping-taxable","13":"purchasable","14":"product-type-simple"},"acf":[],"_links":{"self":[{"href":"https:\/\/cultivers.es\/de\/wp-json\/wp\/v2\/product\/38158","targetHints":{"allow":["GET"]}}],"collection":[{"href":"https:\/\/cultivers.es\/de\/wp-json\/wp\/v2\/product"}],"about":[{"href":"https:\/\/cultivers.es\/de\/wp-json\/wp\/v2\/types\/product"}],"replies":[{"embeddable":true,"href":"https:\/\/cultivers.es\/de\/wp-json\/wp\/v2\/comments?post=38158"}],"wp:featuredmedia":[{"embeddable":true,"href":"https:\/\/cultivers.es\/de\/wp-json\/wp\/v2\/media\/25555"}],"wp:attachment":[{"href":"https:\/\/cultivers.es\/de\/wp-json\/wp\/v2\/media?parent=38158"}],"wp:term":[{"taxonomy":"product_brand","embeddable":true,"href":"https:\/\/cultivers.es\/de\/wp-json\/wp\/v2\/product_brand?post=38158"},{"taxonomy":"product_cat","embeddable":true,"href":"https:\/\/cultivers.es\/de\/wp-json\/wp\/v2\/product_cat?post=38158"},{"taxonomy":"product_tag","embeddable":true,"href":"https:\/\/cultivers.es\/de\/wp-json\/wp\/v2\/product_tag?post=38158"},{"taxonomy":"woo-feed-brand","embeddable":true,"href":"https:\/\/cultivers.es\/de\/wp-json\/wp\/v2\/woo-feed-brand?post=38158"}],"curies":[{"name":"wp","href":"https:\/\/api.w.org\/{rel}","templated":true}]}}