{"id":38170,"date":"2024-06-20T11:23:14","date_gmt":"2024-06-20T11:23:14","guid":{"rendered":"https:\/\/cultivers.es\/abonos\/oekologischer-fluessigduenger-fuer-phosphor\/"},"modified":"2025-09-22T05:43:51","modified_gmt":"2025-09-22T05:43:51","slug":"oekologischer-fluessigduenger-fuer-phosphor","status":"publish","type":"product","link":"https:\/\/cultivers.es\/de\/d\u00fcngemittel\/oekologischer-fluessigduenger-fuer-phosphor\/","title":{"rendered":"\u00d6kologischer Fl\u00fcssigd\u00fcnger f\u00fcr Phosphor"},"content":{"rendered":"","protected":false},"excerpt":{"rendered":"<ul class=\"a-unordered-list a-vertical a-spacing-mini\">\n<li class=\"a-spacing-mini\"><span class=\"a-list-item\">\ud83c\udf31 Phosphord\u00fcnger f\u00fcr Pflanzen 100% organisch: Unser super konzentrierter Fl\u00fcssigd\u00fcnger, der aus Phosphatgestein gewonnen wird, garantiert eine schnelle und effiziente Aufnahme der N\u00e4hrstoffe. Er ist ideal f\u00fcr eine nachhaltige und umweltfreundliche Landwirtschaft und verbessert die Wurzelentwicklung von Pflanzen und Nutzpflanzen. <\/span><\/li>\n<li class=\"a-spacing-mini\"><span class=\"a-list-item\">F\u00f6rdert eine \u00fcppige Bl\u00fcte und Fruchtbildung: Mit CULTIVERS Organic Liquid Phosphorus erhalten die Pflanzen den Phosphor, den sie f\u00fcr eine \u00fcppigere Bl\u00fcte und eine bessere Fruchtqualit\u00e4t ben\u00f6tigen. Perfekt f\u00fcr Obstg\u00e4rten, G\u00e4rten und extensive Kulturen, die ihre Ertr\u00e4ge auf umweltfreundliche Weise maximieren m\u00f6chten. <\/span><\/li>\n<li class=\"a-spacing-mini\"><span class=\"a-list-item\">\u2b06\ufe0f Beschleunigt die Erntereifung: Dieser organische D\u00fcnger hilft den Pflanzen, ihren Wachstumszyklus schneller abzuschlie\u00dfen, was zu fr\u00fcheren und gleichm\u00e4\u00dfigeren Ernten f\u00fchrt. Ideal f\u00fcr Landwirte, die ihre Produktivit\u00e4t steigern wollen, ohne die Nachhaltigkeit zu gef\u00e4hrden. <\/span><\/li>\n<li class=\"a-spacing-mini\"><span class=\"a-list-item\">\ud83c\udf3e Fr\u00fche und gleichm\u00e4\u00dfige Ernten: Beschleunigen Sie die Reifung Ihrer Pflanzen mit unserem Fl\u00fcssigd\u00fcnger. Die richtige Menge an Phosphor erm\u00f6glicht es den Pflanzen, ihre Wachstumszyklen schneller abzuschlie\u00dfen, was zu fr\u00fcheren und gleichm\u00e4\u00dfigeren Ernten f\u00fchrt - perfekt, um die landwirtschaftliche Produktivit\u00e4t zu maximieren. <\/span><\/li>\n<li class=\"a-spacing-mini\"><span class=\"a-list-item\">\ud83c\udf3b Krankheits- und Stressresistenz: St\u00e4rken Sie die Widerstandsf\u00e4higkeit Ihrer Pflanzen gegen Krankheiten und extreme Bedingungen mit unserem organischen Phosphor. Dieser N\u00e4hrstoff verbessert die strukturelle und funktionelle Integrit\u00e4t der Pflanzen und hilft ihnen, mit den Herausforderungen der Umwelt besser umzugehen, was eine verantwortungsvolle und nachhaltige Landwirtschaft f\u00f6rdert. <\/span><\/li>\n<\/ul>\n","protected":false},"featured_media":26180,"comment_status":"open","ping_status":"closed","template":"","meta":{"_acf_changed":false},"product_brand":[],"product_cat":[585,1273],"product_tag":[],"woo-feed-brand":[],"class_list":{"0":"post-38170","1":"product","2":"type-product","3":"status-publish","4":"has-post-thumbnail","6":"product_cat-defizit-korrektoren","7":"product_cat-empfohlene-dungemittel","9":"first","10":"instock","11":"taxable","12":"shipping-taxable","13":"purchasable","14":"product-type-variable"},"acf":[],"_links":{"self":[{"href":"https:\/\/cultivers.es\/de\/wp-json\/wp\/v2\/product\/38170","targetHints":{"allow":["GET"]}}],"collection":[{"href":"https:\/\/cultivers.es\/de\/wp-json\/wp\/v2\/product"}],"about":[{"href":"https:\/\/cultivers.es\/de\/wp-json\/wp\/v2\/types\/product"}],"replies":[{"embeddable":true,"href":"https:\/\/cultivers.es\/de\/wp-json\/wp\/v2\/comments?post=38170"}],"wp:featuredmedia":[{"embeddable":true,"href":"https:\/\/cultivers.es\/de\/wp-json\/wp\/v2\/media\/26180"}],"wp:attachment":[{"href":"https:\/\/cultivers.es\/de\/wp-json\/wp\/v2\/media?parent=38170"}],"wp:term":[{"taxonomy":"product_brand","embeddable":true,"href":"https:\/\/cultivers.es\/de\/wp-json\/wp\/v2\/product_brand?post=38170"},{"taxonomy":"product_cat","embeddable":true,"href":"https:\/\/cultivers.es\/de\/wp-json\/wp\/v2\/product_cat?post=38170"},{"taxonomy":"product_tag","embeddable":true,"href":"https:\/\/cultivers.es\/de\/wp-json\/wp\/v2\/product_tag?post=38170"},{"taxonomy":"woo-feed-brand","embeddable":true,"href":"https:\/\/cultivers.es\/de\/wp-json\/wp\/v2\/woo-feed-brand?post=38170"}],"curies":[{"name":"wp","href":"https:\/\/api.w.org\/{rel}","templated":true}]}}