{"id":38193,"date":"2024-01-12T10:20:37","date_gmt":"2024-01-12T10:20:37","guid":{"rendered":"https:\/\/cultivers.es\/abonos\/bio-moneymaker-tomatensamen\/"},"modified":"2025-09-22T05:40:47","modified_gmt":"2025-09-22T05:40:47","slug":"bio-moneymaker-tomatensamen","status":"publish","type":"product","link":"https:\/\/cultivers.es\/de\/d\u00fcngemittel\/bio-moneymaker-tomatensamen\/","title":{"rendered":"Bio Moneymaker Tomatensamen"},"content":{"rendered":"","protected":false},"excerpt":{"rendered":"<p>Unsere Bio-Moneymaker-Tomatensamen bieten Ihnen die M\u00f6glichkeit, Tomaten mit traditionellem Geschmack und reichen Ernten direkt in Ihrem Garten anzubauen. Diese Samen stammen aus kontrolliert biologischem Anbau und garantieren eine reine und k\u00f6stliche Ernte von Moneymaker-Tomaten (Solanum lycopersicum), die Ihnen die Authentizit\u00e4t einer Qualit\u00e4tstomate bietet. <\/p>\n<ul>\n<li><strong>Zertifizierte Herkunft.<\/strong><\/li>\n<li><strong>Traditionelle Geschmacksrichtung.<\/strong><\/li>\n<li><strong>Pestizidfreier Anbau.<\/strong><\/li>\n<li><strong>Anpassungsf\u00e4higkeit beim Anbau.<\/strong><\/li>\n<li><strong>\u00dcppige Ernten.<\/strong><\/li>\n<\/ul>\n<p>Kultivieren Sie Tradition mit unseren Bio Moneymaker Tomatensamen. Genie\u00dfen Sie den unverwechselbaren Geschmack von traditionellen Tomaten aus nachhaltigem Anbau in Ihrem eigenen Garten. <\/p>\n","protected":false},"featured_media":23299,"comment_status":"open","ping_status":"closed","template":"","meta":{"_acf_changed":false},"product_brand":[],"product_cat":[438,419],"product_tag":[1580],"woo-feed-brand":[],"class_list":{"0":"post-38193","1":"product","2":"type-product","3":"status-publish","4":"has-post-thumbnail","6":"product_cat-bio-obst-und-gemusesaatgut","7":"product_cat-bio-saatgut","8":"product_tag-oko","10":"first","11":"instock","12":"sale","13":"taxable","14":"shipping-taxable","15":"purchasable","16":"product-type-simple"},"acf":[],"_links":{"self":[{"href":"https:\/\/cultivers.es\/de\/wp-json\/wp\/v2\/product\/38193","targetHints":{"allow":["GET"]}}],"collection":[{"href":"https:\/\/cultivers.es\/de\/wp-json\/wp\/v2\/product"}],"about":[{"href":"https:\/\/cultivers.es\/de\/wp-json\/wp\/v2\/types\/product"}],"replies":[{"embeddable":true,"href":"https:\/\/cultivers.es\/de\/wp-json\/wp\/v2\/comments?post=38193"}],"wp:featuredmedia":[{"embeddable":true,"href":"https:\/\/cultivers.es\/de\/wp-json\/wp\/v2\/media\/23299"}],"wp:attachment":[{"href":"https:\/\/cultivers.es\/de\/wp-json\/wp\/v2\/media?parent=38193"}],"wp:term":[{"taxonomy":"product_brand","embeddable":true,"href":"https:\/\/cultivers.es\/de\/wp-json\/wp\/v2\/product_brand?post=38193"},{"taxonomy":"product_cat","embeddable":true,"href":"https:\/\/cultivers.es\/de\/wp-json\/wp\/v2\/product_cat?post=38193"},{"taxonomy":"product_tag","embeddable":true,"href":"https:\/\/cultivers.es\/de\/wp-json\/wp\/v2\/product_tag?post=38193"},{"taxonomy":"woo-feed-brand","embeddable":true,"href":"https:\/\/cultivers.es\/de\/wp-json\/wp\/v2\/woo-feed-brand?post=38193"}],"curies":[{"name":"wp","href":"https:\/\/api.w.org\/{rel}","templated":true}]}}