{"id":38207,"date":"2024-01-12T10:56:22","date_gmt":"2024-01-12T10:56:22","guid":{"rendered":"https:\/\/cultivers.es\/abonos\/la-carotina-bio-tomatensamen\/"},"modified":"2025-09-22T05:40:29","modified_gmt":"2025-09-22T05:40:29","slug":"la-carotina-bio-tomatensamen","status":"publish","type":"product","link":"https:\/\/cultivers.es\/de\/d\u00fcngemittel\/la-carotina-bio-tomatensamen\/","title":{"rendered":"La Carotina Bio Tomatensamen"},"content":{"rendered":"","protected":false},"excerpt":{"rendered":"<p>Unsere Bio-Tomatensamen La Carotina bieten Ihnen die M\u00f6glichkeit, einen nahrhaften Schatz direkt in Ihrem Garten anzubauen. Diese Samen stammen aus kontrolliert biologischem Anbau und garantieren eine reine und k\u00f6stliche Ernte von La Carotina-Tomaten (Solanum lycopersicum), die sich nicht nur durch ihren au\u00dfergew\u00f6hnlichen Geschmack, sondern auch durch ihren N\u00e4hrstoffgehalt auszeichnen. Dar\u00fcber hinaus ist diese Tomatensorte sehr ertragreich und krankheitsresistent. Ihr fruchtiger Geschmack wird Sie \u00fcberraschen.   <\/p>\n<ul>\n<li><strong>Zertifizierte Herkunft.<\/strong><\/li>\n<li><strong>Hoher Gehalt an Carotinoiden.<\/strong><\/li>\n<li><strong>Pestizidfreier Anbau.<\/strong><\/li>\n<li><strong>Anpassungsf\u00e4higkeit beim Anbau.<\/strong><\/li>\n<li><strong>Reichhaltiger und komplexer Geschmack.<\/strong><\/li>\n<\/ul>\n<p>Z\u00fcchten Sie den nahrhaften Schatz mit unseren La Carotina Bio-Tomatensamen. Genie\u00dfen Sie die Frische und den au\u00dfergew\u00f6hnlichen N\u00e4hrwert dieser Tomaten, die Sie ganz bewusst in Ihrem eigenen Garten anbauen. <\/p>\n","protected":false},"featured_media":23320,"comment_status":"open","ping_status":"closed","template":"","meta":{"_acf_changed":false},"product_brand":[],"product_cat":[438,419],"product_tag":[1580],"class_list":{"0":"post-38207","1":"product","2":"type-product","3":"status-publish","4":"has-post-thumbnail","6":"product_cat-bio-obst-und-gemusesaatgut","7":"product_cat-bio-saatgut","8":"product_tag-oko","10":"first","11":"instock","12":"sale","13":"taxable","14":"shipping-taxable","15":"purchasable","16":"product-type-simple"},"acf":[],"_links":{"self":[{"href":"https:\/\/cultivers.es\/de\/wp-json\/wp\/v2\/product\/38207","targetHints":{"allow":["GET"]}}],"collection":[{"href":"https:\/\/cultivers.es\/de\/wp-json\/wp\/v2\/product"}],"about":[{"href":"https:\/\/cultivers.es\/de\/wp-json\/wp\/v2\/types\/product"}],"replies":[{"embeddable":true,"href":"https:\/\/cultivers.es\/de\/wp-json\/wp\/v2\/comments?post=38207"}],"wp:featuredmedia":[{"embeddable":true,"href":"https:\/\/cultivers.es\/de\/wp-json\/wp\/v2\/media\/23320"}],"wp:attachment":[{"href":"https:\/\/cultivers.es\/de\/wp-json\/wp\/v2\/media?parent=38207"}],"wp:term":[{"taxonomy":"product_brand","embeddable":true,"href":"https:\/\/cultivers.es\/de\/wp-json\/wp\/v2\/product_brand?post=38207"},{"taxonomy":"product_cat","embeddable":true,"href":"https:\/\/cultivers.es\/de\/wp-json\/wp\/v2\/product_cat?post=38207"},{"taxonomy":"product_tag","embeddable":true,"href":"https:\/\/cultivers.es\/de\/wp-json\/wp\/v2\/product_tag?post=38207"}],"curies":[{"name":"wp","href":"https:\/\/api.w.org\/{rel}","templated":true}]}}