{"id":38208,"date":"2024-01-12T11:04:29","date_gmt":"2024-01-12T11:04:29","guid":{"rendered":"https:\/\/cultivers.es\/abonos\/bio-cherry-goldiana-tomatensamen\/"},"modified":"2025-09-22T05:40:07","modified_gmt":"2025-09-22T05:40:07","slug":"bio-cherry-goldiana-tomatensamen","status":"publish","type":"product","link":"https:\/\/cultivers.es\/de\/d\u00fcngemittel\/bio-cherry-goldiana-tomatensamen\/","title":{"rendered":"Biologisch-dynamische Cherry Goldiana Tomatensamen Demeter"},"content":{"rendered":"","protected":false},"excerpt":{"rendered":"<p>Mit unseren Bio-Goldiana-Kirschtomatensamen haben Sie die M\u00f6glichkeit, kleine Edelsteine der S\u00fc\u00dfe in Ihrem Garten anzubauen. Die Samen stammen aus kontrolliert biologischem Anbau und garantieren eine reine und k\u00f6stliche Ernte von Goldiana-Kirschtomaten (Solanum lycopersicum), die Ihren Gerichten einen Hauch von Eleganz und Geschmack verleihen. Orangefarben und mit guter Resistenz gegen Rissbildung.  <\/p>\n<ul>\n<li><strong>Zertifizierte Herkunft.<\/strong><\/li>\n<li><strong>S\u00fc\u00df und raffiniert im Geschmack.<\/strong><\/li>\n<li><strong>Pestizidfreier Anbau.<\/strong><\/li>\n<li><strong>Anpassungsf\u00e4higkeit beim Anbau.<\/strong><\/li>\n<li><strong>Exquisite orange Farbe.<\/strong><\/li>\n<\/ul>\n<p>Kultivieren Sie die S\u00fc\u00dfe mit unseren Bio-Kirschtomaten-Samen Goldiana. Genie\u00dfen Sie die Frische und den au\u00dfergew\u00f6hnlichen Geschmack dieser Tomaten, die Sie ganz bewusst in Ihrem eigenen Garten anbauen. <\/p>\n","protected":false},"featured_media":23328,"comment_status":"open","ping_status":"closed","template":"","meta":{"_acf_changed":false},"product_brand":[],"product_cat":[438,419,1304],"product_tag":[1384],"class_list":{"0":"post-38208","1":"product","2":"type-product","3":"status-publish","4":"has-post-thumbnail","6":"product_cat-bio-obst-und-gemusesaatgut","7":"product_cat-bio-saatgut","8":"product_cat-demeter-samen","9":"product_tag-demeter-de","11":"first","12":"instock","13":"sale","14":"taxable","15":"shipping-taxable","16":"purchasable","17":"product-type-variable"},"acf":[],"_links":{"self":[{"href":"https:\/\/cultivers.es\/de\/wp-json\/wp\/v2\/product\/38208","targetHints":{"allow":["GET"]}}],"collection":[{"href":"https:\/\/cultivers.es\/de\/wp-json\/wp\/v2\/product"}],"about":[{"href":"https:\/\/cultivers.es\/de\/wp-json\/wp\/v2\/types\/product"}],"replies":[{"embeddable":true,"href":"https:\/\/cultivers.es\/de\/wp-json\/wp\/v2\/comments?post=38208"}],"wp:featuredmedia":[{"embeddable":true,"href":"https:\/\/cultivers.es\/de\/wp-json\/wp\/v2\/media\/23328"}],"wp:attachment":[{"href":"https:\/\/cultivers.es\/de\/wp-json\/wp\/v2\/media?parent=38208"}],"wp:term":[{"taxonomy":"product_brand","embeddable":true,"href":"https:\/\/cultivers.es\/de\/wp-json\/wp\/v2\/product_brand?post=38208"},{"taxonomy":"product_cat","embeddable":true,"href":"https:\/\/cultivers.es\/de\/wp-json\/wp\/v2\/product_cat?post=38208"},{"taxonomy":"product_tag","embeddable":true,"href":"https:\/\/cultivers.es\/de\/wp-json\/wp\/v2\/product_tag?post=38208"}],"curies":[{"name":"wp","href":"https:\/\/api.w.org\/{rel}","templated":true}]}}