{"id":38233,"date":"2023-10-27T11:00:49","date_gmt":"2023-10-27T11:00:49","guid":{"rendered":"https:\/\/cultivers.es\/abonos\/saatgutmischung-blumen-fuer-schmetterlinge-eco\/"},"modified":"2025-09-22T05:39:36","modified_gmt":"2025-09-22T05:39:36","slug":"saatgutmischung-blumen-fuer-schmetterlinge-eco","status":"publish","type":"product","link":"https:\/\/cultivers.es\/de\/d\u00fcngemittel\/saatgutmischung-blumen-fuer-schmetterlinge-eco\/","title":{"rendered":"Saatgutmischung Blumen f\u00fcr Schmetterlinge Eco"},"content":{"rendered":"","protected":false},"excerpt":{"rendered":"<p>Die <strong>Schmetterlingsblumenmischung<\/strong> ist eine sorgf\u00e4ltig ausgew\u00e4hlte Mischung von Blumenarten, die <strong>Schmetterlinge<\/strong> und andere Best\u00e4uber anlocken und Farbe, Leben und Artenvielfalt in den <strong>Garten und Obstgarten<\/strong> bringen. Mit einer Kombination von Blumen in verschiedenen Gr\u00f6\u00dfen, Formen und Farben ist diese Mischung ideal, um lebendige R\u00e4ume voller nat\u00fcrlicher Energie zu schaffen. Diese Blumen versch\u00f6nern nicht nur Ihre Umgebung, sondern f\u00f6rdern auch die Best\u00e4ubung und das \u00f6kologische Gleichgewicht.  <\/p>\n<p><strong>Farbenfrohe und attraktive Blumen:<\/strong> Ihre Mischung aus leuchtenden Farben sorgt die ganze Saison \u00fcber f\u00fcr ein visuelles Spektakel, das Schmetterlinge und andere n\u00fctzliche Insekten anlockt.<\/p>\n<p><strong>Attraktiv f\u00fcr Best\u00e4uber:<\/strong> Diese Mischung ist reich an Nektar und wurde speziell entwickelt, um Schmetterlinge, Bienen und andere f\u00fcr das \u00d6kosystem wichtige Best\u00e4uber anzulocken.<\/p>\n<p><strong>Lange Bl\u00fctezeit:<\/strong> Sie bl\u00fcht vom Fr\u00fchjahr bis zum Herbst und sorgt so mehrere Monate lang f\u00fcr eine Umgebung voller Farbe und Bewegung.<\/p>\n<p><strong>Einfach anzubauen:<\/strong> Diese Mischung ist an verschiedene Bodentypen und Klimazonen anpassungsf\u00e4hig und erfordert nur wenig Pflege, so dass sie f\u00fcr Anf\u00e4nger und erfahrene G\u00e4rtner gleicherma\u00dfen geeignet ist.<\/p>\n<p><strong>Ideal f\u00fcr Rabatten und Naturfl\u00e4chen: Perfekt<\/strong> f\u00fcr bl\u00fchende Wiesen, Wegr\u00e4nder, Blumenbeete oder offene Fl\u00e4chen im Obstgarten und Garten.<\/p>\n<p><strong>Biologischer Anbau:<\/strong> Unser Saatgut ist <strong>100% biologisch<\/strong>, frei von Pestiziden und chemischen D\u00fcngemitteln und f\u00f6rdert einen nachhaltigen und umweltfreundlichen <strong>Garten.<\/strong> <\/p>\n<p>F\u00fcllen Sie Ihren <strong>Obstgarten und Garten<\/strong> mit Farbe, Leben und Artenvielfalt mit der <strong>Bio-Schmetterlingsbl\u00fctenmischung<\/strong>- bestellen Sie noch heute und schaffen Sie ein nat\u00fcrliches Paradies f\u00fcr diese sch\u00f6nen Best\u00e4uber! <\/p>\n","protected":false},"featured_media":45413,"comment_status":"open","ping_status":"closed","template":"","meta":{"_acf_changed":false},"product_brand":[],"product_cat":[475,419],"product_tag":[1580],"class_list":{"0":"post-38233","1":"product","2":"type-product","3":"status-publish","4":"has-post-thumbnail","6":"product_cat-bio-blumensaatgut","7":"product_cat-bio-saatgut","8":"product_tag-oko","10":"first","11":"instock","12":"sale","13":"taxable","14":"shipping-taxable","15":"purchasable","16":"product-type-simple"},"acf":[],"_links":{"self":[{"href":"https:\/\/cultivers.es\/de\/wp-json\/wp\/v2\/product\/38233","targetHints":{"allow":["GET"]}}],"collection":[{"href":"https:\/\/cultivers.es\/de\/wp-json\/wp\/v2\/product"}],"about":[{"href":"https:\/\/cultivers.es\/de\/wp-json\/wp\/v2\/types\/product"}],"replies":[{"embeddable":true,"href":"https:\/\/cultivers.es\/de\/wp-json\/wp\/v2\/comments?post=38233"}],"wp:featuredmedia":[{"embeddable":true,"href":"https:\/\/cultivers.es\/de\/wp-json\/wp\/v2\/media\/45413"}],"wp:attachment":[{"href":"https:\/\/cultivers.es\/de\/wp-json\/wp\/v2\/media?parent=38233"}],"wp:term":[{"taxonomy":"product_brand","embeddable":true,"href":"https:\/\/cultivers.es\/de\/wp-json\/wp\/v2\/product_brand?post=38233"},{"taxonomy":"product_cat","embeddable":true,"href":"https:\/\/cultivers.es\/de\/wp-json\/wp\/v2\/product_cat?post=38233"},{"taxonomy":"product_tag","embeddable":true,"href":"https:\/\/cultivers.es\/de\/wp-json\/wp\/v2\/product_tag?post=38233"}],"curies":[{"name":"wp","href":"https:\/\/api.w.org\/{rel}","templated":true}]}}