{"id":38241,"date":"2023-10-27T11:09:19","date_gmt":"2023-10-27T11:09:19","guid":{"rendered":"https:\/\/cultivers.es\/abonos\/saatgutmischung-blumen-fuer-oekologische-blumenstraeusse\/"},"modified":"2025-09-22T04:45:54","modified_gmt":"2025-09-22T04:45:54","slug":"saatgutmischung-blumen-fuer-oekologische-blumenstraeusse","status":"publish","type":"product","link":"https:\/\/cultivers.es\/de\/d\u00fcngemittel\/saatgutmischung-blumen-fuer-oekologische-blumenstraeusse\/","title":{"rendered":"Saatgutmischung Blumen f\u00fcr Str\u00e4u\u00dfe"},"content":{"rendered":"","protected":false},"excerpt":{"rendered":"<p>Die <strong>Blumenstrau\u00df-Mischung<\/strong> ist eine spezielle Auswahl von Blumensorten, die f\u00fcr <strong>frische und farbenfrohe Str\u00e4u\u00dfe<\/strong> direkt aus dem <strong>Garten und dem Obstgarten<\/strong> entwickelt wurde. Diese Mischung kombiniert Arten mit <strong>langen Stielen und lang anhaltenden Bl\u00fcten<\/strong>, die sich perfekt zum Schneiden und f\u00fcr nat\u00fcrliche Blumenarrangements eignen. Neben ihrer dekorativen Sch\u00f6nheit ziehen diese Blumen auch <strong>Best\u00e4uber<\/strong> wie Bienen und Schmetterlinge an und f\u00f6rdern so die Artenvielfalt und das \u00f6kologische Gleichgewicht.  <\/p>\n<p><strong>Vielf\u00e4ltige und farbenfrohe Blumen:<\/strong> Enth\u00e4lt eine Kombination von Blumen in verschiedenen Farben, Formen und Gr\u00f6\u00dfen, ideal f\u00fcr die Gestaltung auff\u00e4lliger und eleganter Str\u00e4u\u00dfe.<\/p>\n<p><strong>Lange, robuste Stiele:<\/strong> Diese Blumen sind zum Schneiden gedacht und behalten ihre Frische und Struktur in Str\u00e4u\u00dfen und dekorativen Arrangements.<\/p>\n<p><strong>Attraktiv f\u00fcr Best\u00e4uber:<\/strong> Ihre nektarreichen Bl\u00fcten locken Bienen, Schmetterlinge und andere n\u00fctzliche Insekten an und f\u00f6rdern so das \u00d6kosystem im <strong>Obstgarten und Garten<\/strong>.<\/p>\n<p><strong>Verl\u00e4ngerte Bl\u00fctezeit:<\/strong> Genie\u00dfen Sie die kontinuierliche Bl\u00fctezeit vom Fr\u00fchjahr bis zum Herbst und sorgen Sie so f\u00fcr einen konstanten Nachschub an Bl\u00fcten zum Schneiden.<\/p>\n<p><strong>Einfacher Anbau:<\/strong> Sie passt sich an verschiedene Bodentypen und klimatische Bedingungen an und erfordert nur wenig Pflege, was sie perfekt f\u00fcr Anf\u00e4nger und fortgeschrittene G\u00e4rtner macht.<\/p>\n<p><strong>Biologischer Anbau:<\/strong> Unser Saatgut ist <strong>100% biologisch<\/strong>, frei von Pestiziden und chemischen D\u00fcngemitteln und f\u00f6rdert einen nachhaltigen und umweltfreundlichen <strong>Garten.<\/strong> <\/p>\n<p>F\u00fcllen Sie Ihren <strong>Garten und Obstgarten<\/strong> mit Farbe und Leben mit dem <strong>Bio-Blumenstrau\u00df-Mix<\/strong> und kreieren Sie frische, nat\u00fcrliche Blumenarrangements f\u00fcr die ganze Saison - bestellen Sie noch heute und erfreuen Sie sich an einzigartigen und nachhaltigen Blumen! <\/p>\n","protected":false},"featured_media":50170,"comment_status":"open","ping_status":"closed","template":"","meta":{"_acf_changed":false},"product_brand":[],"product_cat":[475,419],"product_tag":[1580],"class_list":{"0":"post-38241","1":"product","2":"type-product","3":"status-publish","4":"has-post-thumbnail","6":"product_cat-bio-blumensaatgut","7":"product_cat-bio-saatgut","8":"product_tag-oko","10":"first","11":"outofstock","12":"sale","13":"taxable","14":"shipping-taxable","15":"purchasable","16":"product-type-simple"},"acf":[],"_links":{"self":[{"href":"https:\/\/cultivers.es\/de\/wp-json\/wp\/v2\/product\/38241","targetHints":{"allow":["GET"]}}],"collection":[{"href":"https:\/\/cultivers.es\/de\/wp-json\/wp\/v2\/product"}],"about":[{"href":"https:\/\/cultivers.es\/de\/wp-json\/wp\/v2\/types\/product"}],"replies":[{"embeddable":true,"href":"https:\/\/cultivers.es\/de\/wp-json\/wp\/v2\/comments?post=38241"}],"wp:featuredmedia":[{"embeddable":true,"href":"https:\/\/cultivers.es\/de\/wp-json\/wp\/v2\/media\/50170"}],"wp:attachment":[{"href":"https:\/\/cultivers.es\/de\/wp-json\/wp\/v2\/media?parent=38241"}],"wp:term":[{"taxonomy":"product_brand","embeddable":true,"href":"https:\/\/cultivers.es\/de\/wp-json\/wp\/v2\/product_brand?post=38241"},{"taxonomy":"product_cat","embeddable":true,"href":"https:\/\/cultivers.es\/de\/wp-json\/wp\/v2\/product_cat?post=38241"},{"taxonomy":"product_tag","embeddable":true,"href":"https:\/\/cultivers.es\/de\/wp-json\/wp\/v2\/product_tag?post=38241"}],"curies":[{"name":"wp","href":"https:\/\/api.w.org\/{rel}","templated":true}]}}