{"id":38242,"date":"2023-10-27T11:04:07","date_gmt":"2023-10-27T11:04:07","guid":{"rendered":"https:\/\/cultivers.es\/abonos\/wild-bio-rucola-samen\/"},"modified":"2025-09-22T05:39:20","modified_gmt":"2025-09-22T05:39:20","slug":"wild-bio-rucola-samen","status":"publish","type":"product","link":"https:\/\/cultivers.es\/de\/d\u00fcngemittel\/wild-bio-rucola-samen\/","title":{"rendered":"Wilde Rucola Samen"},"content":{"rendered":"","protected":false},"excerpt":{"rendered":"<p><strong>Wilde Rauke<\/strong><em>(Diplotaxis tenuifolia<\/em>) ist eine mehrj\u00e4hrige Sorte, die f\u00fcr ihre <strong>l\u00e4nglichen, gezackten Bl\u00e4tter<\/strong> mit einem <strong>intensiven, pfeffrigen und leicht bitteren<\/strong> Geschmack gesch\u00e4tzt wird. Dieser Rucola, der sich ideal f\u00fcr Salate, Pizzen, So\u00dfen und Pestos eignet, ist reich an N\u00e4hrstoffen und Antioxidantien. Sein schnelles Wachstum und seine einfache Kultivierung machen ihn zu einer perfekten Wahl f\u00fcr st\u00e4dtische und traditionelle G\u00e4rten.  <\/p>\n<p><strong>Schmackhafte und aromatische Bl\u00e4tter:<\/strong> Ihr w\u00fcrziger und leicht bitterer Geschmack verleiht Salaten, frischen Gerichten und So\u00dfen eine kulinarische Note.<\/p>\n<p><strong>Hoher N\u00e4hrwert:<\/strong> Reich an den Vitaminen A, C und K, Antioxidantien und Mineralien wie Kalzium und Eisen, die eine gesunde und ausgewogene Ern\u00e4hrung f\u00f6rdern.<\/p>\n<p><strong>Schnelles und kontinuierliches Wachstum:<\/strong> Produziert in wenigen Wochen frische, zarte Bl\u00e4tter und erm\u00f6glicht aufeinanderfolgende Ernten w\u00e4hrend der gesamten Saison.<\/p>\n<p><strong>Widerstandsf\u00e4hig und einfach anzubauen:<\/strong> Sie passt sich an verschiedene Bodentypen und Klimazonen an und ist sowohl f\u00fcr Anf\u00e4nger als auch f\u00fcr erfahrene G\u00e4rtner geeignet.<\/p>\n<p><strong>Vielseitig einsetzbar in der K\u00fcche:<\/strong> Perfekt f\u00fcr frische Salate, Garnierungen, Pizzen, Pestos oder als Basis f\u00fcr Gourmetgerichte.<\/p>\n<p><strong>Biologischer Anbau:<\/strong> Unser Saatgut ist <strong>100% biologisch<\/strong>, frei von Pestiziden und chemischen D\u00fcngemitteln und garantiert einen nachhaltigen und umweltfreundlichen Anbau.<\/p>\n<p>F\u00fcgen Sie <strong>Wild Organic Arugula<\/strong> Ihrem Garten hinzu und genie\u00dfen Sie das ganze Jahr \u00fcber frische, nahrhafte und geschmackvolle Bl\u00e4tter - bestellen Sie noch heute und beginnen Sie mit dem Anbau! <\/p>\n","protected":false},"featured_media":22384,"comment_status":"open","ping_status":"closed","template":"","meta":{"_acf_changed":false},"product_brand":[],"product_cat":[419,476],"product_tag":[1580],"woo-feed-brand":[],"class_list":{"0":"post-38242","1":"product","2":"type-product","3":"status-publish","4":"has-post-thumbnail","6":"product_cat-bio-saatgut","7":"product_cat-bio-saatgut-fur-blattgemuse","8":"product_tag-oko","10":"first","11":"instock","12":"sale","13":"taxable","14":"shipping-taxable","15":"purchasable","16":"product-type-simple"},"acf":[],"_links":{"self":[{"href":"https:\/\/cultivers.es\/de\/wp-json\/wp\/v2\/product\/38242","targetHints":{"allow":["GET"]}}],"collection":[{"href":"https:\/\/cultivers.es\/de\/wp-json\/wp\/v2\/product"}],"about":[{"href":"https:\/\/cultivers.es\/de\/wp-json\/wp\/v2\/types\/product"}],"replies":[{"embeddable":true,"href":"https:\/\/cultivers.es\/de\/wp-json\/wp\/v2\/comments?post=38242"}],"wp:featuredmedia":[{"embeddable":true,"href":"https:\/\/cultivers.es\/de\/wp-json\/wp\/v2\/media\/22384"}],"wp:attachment":[{"href":"https:\/\/cultivers.es\/de\/wp-json\/wp\/v2\/media?parent=38242"}],"wp:term":[{"taxonomy":"product_brand","embeddable":true,"href":"https:\/\/cultivers.es\/de\/wp-json\/wp\/v2\/product_brand?post=38242"},{"taxonomy":"product_cat","embeddable":true,"href":"https:\/\/cultivers.es\/de\/wp-json\/wp\/v2\/product_cat?post=38242"},{"taxonomy":"product_tag","embeddable":true,"href":"https:\/\/cultivers.es\/de\/wp-json\/wp\/v2\/product_tag?post=38242"},{"taxonomy":"woo-feed-brand","embeddable":true,"href":"https:\/\/cultivers.es\/de\/wp-json\/wp\/v2\/woo-feed-brand?post=38242"}],"curies":[{"name":"wp","href":"https:\/\/api.w.org\/{rel}","templated":true}]}}