{"id":38253,"date":"2023-10-27T11:27:28","date_gmt":"2023-10-27T11:27:28","guid":{"rendered":"https:\/\/cultivers.es\/abonos\/bio-schneeball-ruebensamen\/"},"modified":"2025-09-22T04:45:49","modified_gmt":"2025-09-22T04:45:49","slug":"bio-schneeball-ruebensamen","status":"publish","type":"product","link":"https:\/\/cultivers.es\/de\/d\u00fcngemittel\/bio-schneeball-ruebensamen\/","title":{"rendered":"Schneeball R\u00fcbensamen"},"content":{"rendered":"","protected":false},"excerpt":{"rendered":"<p><strong>Snowball Turnip<\/strong><em>(Brassica rapa<\/em>) ist eine traditionelle Sorte, die f\u00fcr ihre <strong>wei\u00dfen, runden und glatten Wurzeln<\/strong> mit einer zarten Textur und einem <strong>milden, s\u00fc\u00dfen<\/strong> Geschmack bekannt ist. Sie ist ideal f\u00fcr den Frischverzehr in Salaten, gekocht in Eint\u00f6pfen, P\u00fcrees oder Braten. Auch die <strong>gr\u00fcnen Bl\u00e4tter<\/strong> sind essbar und eignen sich hervorragend f\u00fcr Pfannengerichte und Suppen. Sein schnelles Wachstum und sein einfacher Anbau machen ihn zu einer ausgezeichneten Wahl f\u00fcr jeden <strong>Gem\u00fcsegarten<\/strong>.   <\/p>\n<p><strong>Soft White Roots:<\/strong> Erzeugt runde, glatte, wei\u00dfschalige R\u00fcben mit einer knackigen Textur und einem s\u00fc\u00dfen, delikaten Geschmack.<\/p>\n<p><strong>Essbare und nahrhafte Bl\u00e4tter:<\/strong> Steckr\u00fcben sind reich an Vitaminen und Mineralien und eignen sich ideal f\u00fcr gekochte oder frische Gerichte.<\/p>\n<p><strong>Schnellw\u00fcchsig:<\/strong> Mit einem kurzen Wachstumszyklus erm\u00f6glicht diese Sorte Ernten in nur wenigen Wochen und ist damit perfekt f\u00fcr den Daueranbau geeignet.<\/p>\n<p><strong>Reich an N\u00e4hrstoffen:<\/strong> Als Quelle von Vitamin C, Kalzium und Antioxidantien ist er ein gesundes Lebensmittel, das eine ausgewogene Ern\u00e4hrung f\u00f6rdert.<\/p>\n<p><strong>Einfacher Anbau:<\/strong> Sie ist robust und anpassungsf\u00e4hig an verschiedene Bodentypen und Klimazonen. Sie ist ideal f\u00fcr Anf\u00e4nger und erfahrene G\u00e4rtner.<\/p>\n<p><strong>Biologischer Anbau:<\/strong> Unser Saatgut ist <strong>100% biologisch<\/strong>, frei von Pestiziden und chemischen D\u00fcngemitteln und garantiert einen nachhaltigen und umweltfreundlichen Anbau.<\/p>\n<p>Erg\u00e4nzen Sie Ihren <strong>Garten<\/strong> mit <strong>Bio-Schneeballr\u00fcben<\/strong> und genie\u00dfen Sie eine vielseitige, nahrhafte und leicht anbaubare Sorte - bestellen Sie noch heute und ernten Sie Qualit\u00e4t und Frische direkt zu Hause! <\/p>\n","protected":false},"featured_media":22415,"comment_status":"open","ping_status":"closed","template":"","meta":{"_acf_changed":false},"product_brand":[],"product_cat":[423,419],"product_tag":[1580],"woo-feed-brand":[],"class_list":{"0":"post-38253","1":"product","2":"type-product","3":"status-publish","4":"has-post-thumbnail","6":"product_cat-bio-brassica-saatgut","7":"product_cat-bio-saatgut","8":"product_tag-oko","10":"first","11":"instock","12":"taxable","13":"shipping-taxable","14":"purchasable","15":"product-type-simple"},"acf":[],"_links":{"self":[{"href":"https:\/\/cultivers.es\/de\/wp-json\/wp\/v2\/product\/38253","targetHints":{"allow":["GET"]}}],"collection":[{"href":"https:\/\/cultivers.es\/de\/wp-json\/wp\/v2\/product"}],"about":[{"href":"https:\/\/cultivers.es\/de\/wp-json\/wp\/v2\/types\/product"}],"replies":[{"embeddable":true,"href":"https:\/\/cultivers.es\/de\/wp-json\/wp\/v2\/comments?post=38253"}],"wp:featuredmedia":[{"embeddable":true,"href":"https:\/\/cultivers.es\/de\/wp-json\/wp\/v2\/media\/22415"}],"wp:attachment":[{"href":"https:\/\/cultivers.es\/de\/wp-json\/wp\/v2\/media?parent=38253"}],"wp:term":[{"taxonomy":"product_brand","embeddable":true,"href":"https:\/\/cultivers.es\/de\/wp-json\/wp\/v2\/product_brand?post=38253"},{"taxonomy":"product_cat","embeddable":true,"href":"https:\/\/cultivers.es\/de\/wp-json\/wp\/v2\/product_cat?post=38253"},{"taxonomy":"product_tag","embeddable":true,"href":"https:\/\/cultivers.es\/de\/wp-json\/wp\/v2\/product_tag?post=38253"},{"taxonomy":"woo-feed-brand","embeddable":true,"href":"https:\/\/cultivers.es\/de\/wp-json\/wp\/v2\/woo-feed-brand?post=38253"}],"curies":[{"name":"wp","href":"https:\/\/api.w.org\/{rel}","templated":true}]}}