{"id":38259,"date":"2023-12-05T11:02:38","date_gmt":"2023-12-05T11:02:38","guid":{"rendered":"https:\/\/cultivers.es\/?post_type=product&#038;p=38259"},"modified":"2025-07-01T07:14:46","modified_gmt":"2025-07-01T07:14:46","slug":"bio-substrat-aus-meeresalgen-kakteen-sukkulenten-und-blumenzwiebeln","status":"publish","type":"product","link":"https:\/\/cultivers.es\/de\/d\u00fcngemittel\/bio-substrat-aus-meeresalgen-kakteen-sukkulenten-und-blumenzwiebeln\/","title":{"rendered":"Bio-Substrat aus Meeresalgen Kakteen, Sukkulenten und Blumenzwiebeln"},"content":{"rendered":"","protected":false},"excerpt":{"rendered":"<p>Unser Kakteen-, Sukkulenten- und Blumenzwiebelsubstrat ist eine Mischung aus Algen, Humus und torffreiem Material. Diese einzigartige Formel sorgt f\u00fcr ein optimales Wachstumsumfeld f\u00fcr Kakteen und bietet eine nahrhafte und ausgewogene Basis, die eine gesunde Entwicklung f\u00f6rdert. <\/p>\n<ul>\n<li>Erstellt mit Meeresalgen.<\/li>\n<li>Humus zur Bodenverbesserung.<\/li>\n<li>Mobfrei.<\/li>\n<li>Ausgewogene Feuchtigkeitsspeicherung.<\/li>\n<li>Ideale Textur f\u00fcr Kakteen.<\/li>\n<\/ul>\n<p>Pflegen Sie Ihre Pflanzen mit dem Besten! Kaufen Sie unser Seegras- und Humussubstrat f\u00fcr Kakteen, Sukkulenten und Blumenzwiebeln und versorgen Sie Ihre Pflanzen mit einer nat\u00fcrlichen und ausgewogenen Basis f\u00fcr ein kr\u00e4ftiges und gesundes Wachstum. Geben Sie Ihren Kakteen die Nahrung, die sie verdienen, mit einer umweltfreundlichen Wahl!  <\/p>\n","protected":false},"featured_media":22862,"comment_status":"open","ping_status":"closed","template":"","meta":{"_acf_changed":false},"product_brand":[],"product_cat":[717],"product_tag":[],"woo-feed-brand":[],"class_list":{"0":"post-38259","1":"product","2":"type-product","3":"status-publish","4":"has-post-thumbnail","6":"product_cat-substrate-und-dekorative","8":"first","9":"outofstock","10":"taxable","11":"shipping-taxable","12":"purchasable","13":"product-type-variable"},"acf":[],"_links":{"self":[{"href":"https:\/\/cultivers.es\/de\/wp-json\/wp\/v2\/product\/38259","targetHints":{"allow":["GET"]}}],"collection":[{"href":"https:\/\/cultivers.es\/de\/wp-json\/wp\/v2\/product"}],"about":[{"href":"https:\/\/cultivers.es\/de\/wp-json\/wp\/v2\/types\/product"}],"replies":[{"embeddable":true,"href":"https:\/\/cultivers.es\/de\/wp-json\/wp\/v2\/comments?post=38259"}],"wp:featuredmedia":[{"embeddable":true,"href":"https:\/\/cultivers.es\/de\/wp-json\/wp\/v2\/media\/22862"}],"wp:attachment":[{"href":"https:\/\/cultivers.es\/de\/wp-json\/wp\/v2\/media?parent=38259"}],"wp:term":[{"taxonomy":"product_brand","embeddable":true,"href":"https:\/\/cultivers.es\/de\/wp-json\/wp\/v2\/product_brand?post=38259"},{"taxonomy":"product_cat","embeddable":true,"href":"https:\/\/cultivers.es\/de\/wp-json\/wp\/v2\/product_cat?post=38259"},{"taxonomy":"product_tag","embeddable":true,"href":"https:\/\/cultivers.es\/de\/wp-json\/wp\/v2\/product_tag?post=38259"},{"taxonomy":"woo-feed-brand","embeddable":true,"href":"https:\/\/cultivers.es\/de\/wp-json\/wp\/v2\/woo-feed-brand?post=38259"}],"curies":[{"name":"wp","href":"https:\/\/api.w.org\/{rel}","templated":true}]}}