{"id":38313,"date":"2024-01-10T14:06:32","date_gmt":"2024-01-10T14:06:32","guid":{"rendered":"https:\/\/cultivers.es\/abonos\/maycrop-bio-kopfsalat-samen\/"},"modified":"2025-09-22T05:42:31","modified_gmt":"2025-09-22T05:42:31","slug":"maycrop-bio-kopfsalat-samen","status":"publish","type":"product","link":"https:\/\/cultivers.es\/de\/d\u00fcngemittel\/maycrop-bio-kopfsalat-samen\/","title":{"rendered":"Mais-Salat-Samen"},"content":{"rendered":"","protected":false},"excerpt":{"rendered":"<p><strong>Feldsalat<\/strong><em>(Lactuca sativa<\/em>) ist eine <strong>knackige und schmackhafte Blattsorte<\/strong>, die sich perfekt f\u00fcr eine fr\u00fche und kontinuierliche Ernte w\u00e4hrend der gesamten Saison eignet. Er ist bekannt f\u00fcr sein <strong>schnelles Wachstum<\/strong> und seine Widerstandsf\u00e4higkeit gegen Schossen, was ihn zu einer idealen Wahl f\u00fcr den <strong>Garten<\/strong> macht. Sein milder Geschmack und seine zarte Textur machen ihn ideal f\u00fcr frische Salate, Sandwiches und gesunde Beilagen.  <\/p>\n<p><strong>Knackige und weiche Bl\u00e4tter:<\/strong> Erzeugt hellgr\u00fcne Bl\u00e4tter mit einem delikaten Geschmack und einer frischen Textur, perfekt f\u00fcr leichte und gesunde Gerichte.<\/p>\n<p><strong>Schnell wachsend und widerstandsf\u00e4hig:<\/strong> Diese Sorte ist bekannt f\u00fcr ihre schnelle Entwicklung und ihre F\u00e4higkeit, Hitze zu ertragen, ohne leicht zu scheitern.<\/p>\n<p><strong>Hohe Produktivit\u00e4t:<\/strong> Erm\u00f6glicht kontinuierliche Ernten w\u00e4hrend der gesamten Saison und garantiert so eine konstante Versorgung mit frischem Obst.<\/p>\n<p><strong>Reich an N\u00e4hrstoffen:<\/strong> Hervorragende Quelle f\u00fcr Ballaststoffe, Vitamine A und C sowie Antioxidantien, die f\u00fcr eine ausgewogene Ern\u00e4hrung unerl\u00e4sslich sind.<\/p>\n<p><strong>Einfach anzubauen:<\/strong> Sie ist an verschiedene Klimazonen und Bodentypen anpassungsf\u00e4hig, erfordert wenig Pflege und ist sowohl f\u00fcr Anf\u00e4nger als auch f\u00fcr erfahrene G\u00e4rtner geeignet.<\/p>\n<p><strong>Biologischer Anbau:<\/strong> Unser Saatgut ist <strong>zu 100% biologisch<\/strong>, frei von Pestiziden und chemischen D\u00fcngemitteln und f\u00f6rdert einen nachhaltigen und umweltfreundlichen Anbau.<\/p>\n<p>Bauen Sie <strong>Maycrop Bio-Salat<\/strong> in Ihrem <strong>Garten<\/strong> an und genie\u00dfen Sie die ganze Saison \u00fcber frische, n\u00e4hrstoffreiche und knackige Bl\u00e4tter - bestellen Sie noch heute und ernten Sie Qualit\u00e4t und Geschmack direkt zu Hause! <\/p>\n","protected":false},"featured_media":23178,"comment_status":"open","ping_status":"closed","template":"","meta":{"_acf_changed":false},"product_brand":[],"product_cat":[419,476],"product_tag":[1580],"class_list":{"0":"post-38313","1":"product","2":"type-product","3":"status-publish","4":"has-post-thumbnail","6":"product_cat-bio-saatgut","7":"product_cat-bio-saatgut-fur-blattgemuse","8":"product_tag-oko","10":"first","11":"instock","12":"taxable","13":"shipping-taxable","14":"purchasable","15":"product-type-simple"},"acf":[],"_links":{"self":[{"href":"https:\/\/cultivers.es\/de\/wp-json\/wp\/v2\/product\/38313","targetHints":{"allow":["GET"]}}],"collection":[{"href":"https:\/\/cultivers.es\/de\/wp-json\/wp\/v2\/product"}],"about":[{"href":"https:\/\/cultivers.es\/de\/wp-json\/wp\/v2\/types\/product"}],"replies":[{"embeddable":true,"href":"https:\/\/cultivers.es\/de\/wp-json\/wp\/v2\/comments?post=38313"}],"wp:featuredmedia":[{"embeddable":true,"href":"https:\/\/cultivers.es\/de\/wp-json\/wp\/v2\/media\/23178"}],"wp:attachment":[{"href":"https:\/\/cultivers.es\/de\/wp-json\/wp\/v2\/media?parent=38313"}],"wp:term":[{"taxonomy":"product_brand","embeddable":true,"href":"https:\/\/cultivers.es\/de\/wp-json\/wp\/v2\/product_brand?post=38313"},{"taxonomy":"product_cat","embeddable":true,"href":"https:\/\/cultivers.es\/de\/wp-json\/wp\/v2\/product_cat?post=38313"},{"taxonomy":"product_tag","embeddable":true,"href":"https:\/\/cultivers.es\/de\/wp-json\/wp\/v2\/product_tag?post=38313"}],"curies":[{"name":"wp","href":"https:\/\/api.w.org\/{rel}","templated":true}]}}