{"id":38323,"date":"2024-01-10T14:31:46","date_gmt":"2024-01-10T14:31:46","guid":{"rendered":"https:\/\/cultivers.es\/abonos\/bio-asiatische-gemuesemischung-saatgut\/"},"modified":"2025-09-22T04:46:58","modified_gmt":"2025-09-22T04:46:58","slug":"bio-asiatische-gemuesemischung-saatgut","status":"publish","type":"product","link":"https:\/\/cultivers.es\/de\/d\u00fcngemittel\/bio-asiatische-gemuesemischung-saatgut\/","title":{"rendered":"Asiatische Gem\u00fcsemischung Saatgut"},"content":{"rendered":"","protected":false},"excerpt":{"rendered":"<p>Unsere Saatgutmischung Organic Asian Vegetable Mix bietet eine Sammlung exotischer und gesunder asiatischer Pflanzen f\u00fcr Ihren Garten. Diese Samen stammen aus zertifiziertem biologischem und pestizidfreiem Anbau und erm\u00f6glichen es Ihnen, eine Vielzahl von Gem\u00fcsesorten aus dem asiatischen Raum anzubauen. So erhalten Sie Frische und Vielfalt in Ihren Gerichten mit der Garantie einer nachhaltigen Beschaffung. <\/p>\n<ul>\n<li><strong>Zertifizierte Herkunft.<\/strong><\/li>\n<li><strong>Vielfalt der Pflanzen.<\/strong><\/li>\n<li><strong>Nachhaltige Kultivierung.<\/strong><\/li>\n<li><strong>Anpassungsf\u00e4higkeit beim Anbau.<\/strong><\/li>\n<li><strong>Unterst\u00fctzung f\u00fcr Nachhaltigkeit<\/strong><\/li>\n<\/ul>\n<p>Wenn Sie sich f\u00fcr dieses Bio-Saatgut entscheiden, unterst\u00fctzen Sie nachhaltige Anbaupraktiken und tragen zum Schutz der Umwelt bei.<\/p>\n","protected":false},"featured_media":45438,"comment_status":"open","ping_status":"closed","template":"","meta":{"_acf_changed":false},"product_brand":[],"product_cat":[419,476],"product_tag":[1580],"class_list":{"0":"post-38323","1":"product","2":"type-product","3":"status-publish","4":"has-post-thumbnail","6":"product_cat-bio-saatgut","7":"product_cat-bio-saatgut-fur-blattgemuse","8":"product_tag-oko","10":"first","11":"instock","12":"sale","13":"taxable","14":"shipping-taxable","15":"purchasable","16":"product-type-simple"},"acf":[],"_links":{"self":[{"href":"https:\/\/cultivers.es\/de\/wp-json\/wp\/v2\/product\/38323","targetHints":{"allow":["GET"]}}],"collection":[{"href":"https:\/\/cultivers.es\/de\/wp-json\/wp\/v2\/product"}],"about":[{"href":"https:\/\/cultivers.es\/de\/wp-json\/wp\/v2\/types\/product"}],"replies":[{"embeddable":true,"href":"https:\/\/cultivers.es\/de\/wp-json\/wp\/v2\/comments?post=38323"}],"wp:featuredmedia":[{"embeddable":true,"href":"https:\/\/cultivers.es\/de\/wp-json\/wp\/v2\/media\/45438"}],"wp:attachment":[{"href":"https:\/\/cultivers.es\/de\/wp-json\/wp\/v2\/media?parent=38323"}],"wp:term":[{"taxonomy":"product_brand","embeddable":true,"href":"https:\/\/cultivers.es\/de\/wp-json\/wp\/v2\/product_brand?post=38323"},{"taxonomy":"product_cat","embeddable":true,"href":"https:\/\/cultivers.es\/de\/wp-json\/wp\/v2\/product_cat?post=38323"},{"taxonomy":"product_tag","embeddable":true,"href":"https:\/\/cultivers.es\/de\/wp-json\/wp\/v2\/product_tag?post=38323"}],"curies":[{"name":"wp","href":"https:\/\/api.w.org\/{rel}","templated":true}]}}