{"id":38334,"date":"2024-01-11T08:01:00","date_gmt":"2024-01-11T08:01:00","guid":{"rendered":"https:\/\/cultivers.es\/abonos\/bio-spinnmilben-samen\/"},"modified":"2025-09-22T05:41:59","modified_gmt":"2025-09-22T05:41:59","slug":"bio-spinnmilben-samen","status":"publish","type":"product","link":"https:\/\/cultivers.es\/de\/d\u00fcngemittel\/bio-spinnmilben-samen\/","title":{"rendered":"Bio Spinnmilben Samen"},"content":{"rendered":"","protected":false},"excerpt":{"rendered":"<p><span>Unsere Bio-Spinnenkraut-Samen laden Sie dazu ein, die Sch\u00f6nheit der Wildblumen in Ihren eigenen Garten zu bringen.  <\/span><span>Diese Samen stammen aus kontrolliert biologischem Anbau und sorgen daf\u00fcr, dass Sie sich auf nachhaltige und nat\u00fcrliche Weise an dem sch\u00f6nen Spinnenkraut (Nigelia damascena) erfreuen k\u00f6nnen, das Ihrer Umgebung eine wilde und farbenfrohe Note verleiht.<\/span><\/p>\n<ul>\n<li><strong><span><span>Zertifizierte Herkunft.<\/span><\/span><\/strong><\/li>\n<li><strong><span><span>Bezaubernde Wildblume.<\/span><\/span><\/strong><\/li>\n<li><strong><span><span>\u00d6kologischer und verantwortungsvoller Landbau.<\/span><\/span><\/strong><\/li>\n<li><strong><span><span>Anpassungsf\u00e4higkeit im Garten oder H<\/span><\/span><\/strong><strong><span><span>uerto.<\/span><\/span><\/strong><\/li>\n<li><strong><span><span>Beitrag zur Biodiversit\u00e4t.<\/span><\/span><\/strong><\/li>\n<\/ul>\n<p>Wenn Sie Spinnmilben anbauen, f\u00f6rdern Sie die Artenvielfalt, indem Sie Bienen und Schmetterlinge anlocken und so ein gesundes \u00d6kosystem in Ihrer Umgebung f\u00f6rdern.<\/p>\n","protected":false},"featured_media":50182,"comment_status":"open","ping_status":"closed","template":"","meta":{"_acf_changed":false},"product_brand":[],"product_cat":[419,467],"product_tag":[1580],"class_list":{"0":"post-38334","1":"product","2":"type-product","3":"status-publish","4":"has-post-thumbnail","6":"product_cat-bio-saatgut","7":"product_cat-biologische-essbare-blumensamen","8":"product_tag-oko","10":"first","11":"instock","12":"sale","13":"taxable","14":"shipping-taxable","15":"purchasable","16":"product-type-simple"},"acf":[],"_links":{"self":[{"href":"https:\/\/cultivers.es\/de\/wp-json\/wp\/v2\/product\/38334","targetHints":{"allow":["GET"]}}],"collection":[{"href":"https:\/\/cultivers.es\/de\/wp-json\/wp\/v2\/product"}],"about":[{"href":"https:\/\/cultivers.es\/de\/wp-json\/wp\/v2\/types\/product"}],"replies":[{"embeddable":true,"href":"https:\/\/cultivers.es\/de\/wp-json\/wp\/v2\/comments?post=38334"}],"wp:featuredmedia":[{"embeddable":true,"href":"https:\/\/cultivers.es\/de\/wp-json\/wp\/v2\/media\/50182"}],"wp:attachment":[{"href":"https:\/\/cultivers.es\/de\/wp-json\/wp\/v2\/media?parent=38334"}],"wp:term":[{"taxonomy":"product_brand","embeddable":true,"href":"https:\/\/cultivers.es\/de\/wp-json\/wp\/v2\/product_brand?post=38334"},{"taxonomy":"product_cat","embeddable":true,"href":"https:\/\/cultivers.es\/de\/wp-json\/wp\/v2\/product_cat?post=38334"},{"taxonomy":"product_tag","embeddable":true,"href":"https:\/\/cultivers.es\/de\/wp-json\/wp\/v2\/product_tag?post=38334"}],"curies":[{"name":"wp","href":"https:\/\/api.w.org\/{rel}","templated":true}]}}