{"id":38343,"date":"2024-01-12T08:48:12","date_gmt":"2024-01-12T08:48:12","guid":{"rendered":"https:\/\/cultivers.es\/abonos\/mix-hola-mariquitas-oekologischer-mix-saatgut\/"},"modified":"2025-09-22T05:41:45","modified_gmt":"2025-09-22T05:41:45","slug":"mix-hola-mariquitas-oekologischer-mix-saatgut","status":"publish","type":"product","link":"https:\/\/cultivers.es\/de\/d\u00fcngemittel\/mix-hola-mariquitas-oekologischer-mix-saatgut\/","title":{"rendered":"Mix Hola Mariquitas \u00d6kologischer Mix Saatgut"},"content":{"rendered":"","protected":false},"excerpt":{"rendered":"<p>Unsere Marienk\u00e4fer-Lockstoff-Saatgutmischung ist der Schl\u00fcssel, um diese n\u00fctzlichen Verb\u00fcndeten in Ihren Garten zu locken. Diese Saatgutmischung wurde sorgf\u00e4ltig ausgew\u00e4hlt, um die Anwesenheit von Marienk\u00e4fern zu f\u00f6rdern. Diese r\u00e4uberischen Insekten tragen zur Erhaltung des nat\u00fcrlichen Gleichgewichts bei und bek\u00e4mpfen effektiv Sch\u00e4dlinge in Ihrem Anbaugebiet.  <\/p>\n<ul>\n<li><strong>Eine Vielzahl attraktiver Blumen.<\/strong><\/li>\n<li><strong>Anziehung von n\u00fctzlichen Insekten.<\/strong><\/li>\n<li><strong>Nachhaltige Kultivierung.<\/strong><\/li>\n<li><strong>Nat\u00fcrliche Sch\u00e4dlingsbek\u00e4mpfung.<\/strong><\/li>\n<li><strong>Einfache Kultivierung.<\/strong><\/li>\n<\/ul>\n<p>Laden Sie diese kleinen Verb\u00fcndeten mit unserer Saatgutmischung zum Anlocken von Marienk\u00e4fern in Ihren Garten ein. Verwandeln Sie Ihre Anbaufl\u00e4che in eine nat\u00fcrliche Oase, in der diese n\u00fctzlichen Kreaturen gedeihen und zu einem ges\u00fcnderen, ausgeglicheneren Garten beitragen k\u00f6nnen. <\/p>\n","protected":false},"featured_media":50164,"comment_status":"open","ping_status":"closed","template":"","meta":{"_acf_changed":false},"product_brand":[],"product_cat":[475,419],"product_tag":[1580],"class_list":{"0":"post-38343","1":"product","2":"type-product","3":"status-publish","4":"has-post-thumbnail","6":"product_cat-bio-blumensaatgut","7":"product_cat-bio-saatgut","8":"product_tag-oko","10":"first","11":"instock","12":"taxable","13":"shipping-taxable","14":"purchasable","15":"product-type-simple"},"acf":[],"_links":{"self":[{"href":"https:\/\/cultivers.es\/de\/wp-json\/wp\/v2\/product\/38343","targetHints":{"allow":["GET"]}}],"collection":[{"href":"https:\/\/cultivers.es\/de\/wp-json\/wp\/v2\/product"}],"about":[{"href":"https:\/\/cultivers.es\/de\/wp-json\/wp\/v2\/types\/product"}],"replies":[{"embeddable":true,"href":"https:\/\/cultivers.es\/de\/wp-json\/wp\/v2\/comments?post=38343"}],"wp:featuredmedia":[{"embeddable":true,"href":"https:\/\/cultivers.es\/de\/wp-json\/wp\/v2\/media\/50164"}],"wp:attachment":[{"href":"https:\/\/cultivers.es\/de\/wp-json\/wp\/v2\/media?parent=38343"}],"wp:term":[{"taxonomy":"product_brand","embeddable":true,"href":"https:\/\/cultivers.es\/de\/wp-json\/wp\/v2\/product_brand?post=38343"},{"taxonomy":"product_cat","embeddable":true,"href":"https:\/\/cultivers.es\/de\/wp-json\/wp\/v2\/product_cat?post=38343"},{"taxonomy":"product_tag","embeddable":true,"href":"https:\/\/cultivers.es\/de\/wp-json\/wp\/v2\/product_tag?post=38343"}],"curies":[{"name":"wp","href":"https:\/\/api.w.org\/{rel}","templated":true}]}}