{"id":38344,"date":"2024-01-11T08:24:49","date_gmt":"2024-01-11T08:24:49","guid":{"rendered":"https:\/\/cultivers.es\/abonos\/bio-drachenmaul-samen\/"},"modified":"2025-09-22T05:49:42","modified_gmt":"2025-09-22T05:49:42","slug":"bio-drachenmaul-samen","status":"publish","type":"product","link":"https:\/\/cultivers.es\/de\/d\u00fcngemittel\/bio-drachenmaul-samen\/","title":{"rendered":"Bio Drachenmaul-Samen"},"content":{"rendered":"","protected":false},"excerpt":{"rendered":"<p>Mit unseren Bio-Drachenmaul-Samen k\u00f6nnen Sie diese auff\u00e4lligen Blumen in Ihrem Garten oder Gem\u00fcsegarten anbauen. Die Samen stammen aus kontrolliert biologischem Anbau und sorgen daf\u00fcr, dass Sie sich auf nachhaltige und nat\u00fcrliche Weise an der exquisiten Sch\u00f6nheit von Antirrhinum majus erfreuen k\u00f6nnen, die Ihrer Umgebung einen Hauch von Farbe und Eleganz verleiht. <\/p>\n<ul>\n<li><strong>Zertifizierte Herkunft.<\/strong><\/li>\n<li><strong>Lebendige und majest\u00e4tische Blumen.<\/strong><\/li>\n<li><strong>\u00d6kologischer und verantwortungsvoller Landbau.  <\/strong><\/li>\n<li><strong>Anpassungsf\u00e4higkeit im Garten.<\/strong><\/li>\n<li><strong>Attraktion f\u00fcr Best\u00e4uber.<\/strong><\/li>\n<\/ul>\n<p>Wenn Sie Drachenmaul anbauen, ziehen Sie Best\u00e4uber wie Bienen und Schmetterlinge an und tragen so zur Artenvielfalt in Ihrer Umgebung bei.<\/p>\n","protected":false},"featured_media":50176,"comment_status":"open","ping_status":"closed","template":"","meta":{"_acf_changed":false},"product_brand":[],"product_cat":[419,467],"product_tag":[1580],"class_list":{"0":"post-38344","1":"product","2":"type-product","3":"status-publish","4":"has-post-thumbnail","6":"product_cat-bio-saatgut","7":"product_cat-biologische-essbare-blumensamen","8":"product_tag-oko","10":"first","11":"instock","12":"sale","13":"taxable","14":"shipping-taxable","15":"purchasable","16":"product-type-simple"},"acf":[],"_links":{"self":[{"href":"https:\/\/cultivers.es\/de\/wp-json\/wp\/v2\/product\/38344","targetHints":{"allow":["GET"]}}],"collection":[{"href":"https:\/\/cultivers.es\/de\/wp-json\/wp\/v2\/product"}],"about":[{"href":"https:\/\/cultivers.es\/de\/wp-json\/wp\/v2\/types\/product"}],"replies":[{"embeddable":true,"href":"https:\/\/cultivers.es\/de\/wp-json\/wp\/v2\/comments?post=38344"}],"wp:featuredmedia":[{"embeddable":true,"href":"https:\/\/cultivers.es\/de\/wp-json\/wp\/v2\/media\/50176"}],"wp:attachment":[{"href":"https:\/\/cultivers.es\/de\/wp-json\/wp\/v2\/media?parent=38344"}],"wp:term":[{"taxonomy":"product_brand","embeddable":true,"href":"https:\/\/cultivers.es\/de\/wp-json\/wp\/v2\/product_brand?post=38344"},{"taxonomy":"product_cat","embeddable":true,"href":"https:\/\/cultivers.es\/de\/wp-json\/wp\/v2\/product_cat?post=38344"},{"taxonomy":"product_tag","embeddable":true,"href":"https:\/\/cultivers.es\/de\/wp-json\/wp\/v2\/product_tag?post=38344"}],"curies":[{"name":"wp","href":"https:\/\/api.w.org\/{rel}","templated":true}]}}