{"id":38351,"date":"2024-01-12T09:20:46","date_gmt":"2024-01-12T09:20:46","guid":{"rendered":"https:\/\/cultivers.es\/abonos\/bio-rundes-amaranth-saatgut\/"},"modified":"2025-09-22T05:41:19","modified_gmt":"2025-09-22T05:41:19","slug":"bio-rundes-amaranth-saatgut","status":"publish","type":"product","link":"https:\/\/cultivers.es\/de\/d\u00fcngemittel\/bio-rundes-amaranth-saatgut\/","title":{"rendered":"Runde Amaranth-Samen"},"content":{"rendered":"","protected":false},"excerpt":{"rendered":"<p>Versch\u00f6nern Sie Ihren Garten mit unseren Bio-Amaranth-Samen. Diese einj\u00e4hrige Sorte, die f\u00fcr ihre atemberaubenden violetten Bl\u00fcten und ihre kugelf\u00f6rmige Form gesch\u00e4tzt wird, ist ideal, um jeder Gr\u00fcnfl\u00e4che einen lang anhaltenden dekorativen Touch zu verleihen. Mit seiner Trockenheitsresistenz und Hitzetoleranz ist der Runde Amaranth perfekt f\u00fcr nachhaltige, pflegeleichte G\u00e4rten. Dar\u00fcber hinaus wird diese Zierpflanze in der Kr\u00e4utermedizin verwendet, was ihren Anbau noch wertvoller macht.   <\/p>\n<ul>\n<li><strong>Langanhaltende violette Bl\u00fcten:<\/strong> Runder Amaranth zeichnet sich durch seine intensiv violetten, kugelf\u00f6rmigen Bl\u00fcten aus, die lange im Garten verbleiben und f\u00fcr eine lang anhaltende optische Wirkung sorgen.<\/li>\n<li><strong>Trockenheitsresistent:<\/strong> Diese Sorte ist ideal f\u00fcr hei\u00dfe, trockene Klimazonen, da sie Trockenheit und Hitze vertr\u00e4gt, ohne ihre Wuchskraft zu verlieren, was sie zu einer robusten, pflegeleichten Pflanze macht.<\/li>\n<li><strong>Verwendung als Zierpflanze und in der Phytotherapie:<\/strong> Obwohl er nicht essbar ist, wird der Runde Amaranth wegen seines auff\u00e4lligen Aussehens als Zierpflanze sehr gesch\u00e4tzt. Er wird auch in der Phytotherapie verwendet, was seinem Anbau eine zus\u00e4tzliche Dimension verleiht. <\/li>\n<li><strong>Ideal f\u00fcr nachhaltige G\u00e4rten:<\/strong> Ihre F\u00e4higkeit, auch unter widrigen Bedingungen zu gedeihen, und ihr geringer Wasserbedarf machen sie zu einer perfekten Wahl f\u00fcr \u00f6kologische und nachhaltige G\u00e4rten.<\/li>\n<li><strong>Biologischer Anbau:<\/strong> Unsere runden Amaranth-Samen sind 100% biologisch, frei von Pestiziden und Chemikalien und garantieren ein nat\u00fcrliches und umweltfreundliches Wachstum.<\/li>\n<\/ul>\n<p>Verwandeln Sie Ihren Garten in ein dekoratives Paradies mit Rundem Amaranth. Genie\u00dfen Sie die Sch\u00f6nheit seiner violetten Bl\u00fcten, w\u00e4hrend er nachhaltig und problemlos w\u00e4chst. Bestellen Sie noch heute und bereichern Sie Ihren Bio-Garten mit dieser robusten und eleganten Pflanze!  <\/p>\n","protected":false},"featured_media":23247,"comment_status":"open","ping_status":"closed","template":"","meta":{"_acf_changed":false},"product_brand":[],"product_cat":[419,467],"product_tag":[1580],"class_list":{"0":"post-38351","1":"product","2":"type-product","3":"status-publish","4":"has-post-thumbnail","6":"product_cat-bio-saatgut","7":"product_cat-biologische-essbare-blumensamen","8":"product_tag-oko","10":"first","11":"instock","12":"taxable","13":"shipping-taxable","14":"purchasable","15":"product-type-simple"},"acf":[],"_links":{"self":[{"href":"https:\/\/cultivers.es\/de\/wp-json\/wp\/v2\/product\/38351","targetHints":{"allow":["GET"]}}],"collection":[{"href":"https:\/\/cultivers.es\/de\/wp-json\/wp\/v2\/product"}],"about":[{"href":"https:\/\/cultivers.es\/de\/wp-json\/wp\/v2\/types\/product"}],"replies":[{"embeddable":true,"href":"https:\/\/cultivers.es\/de\/wp-json\/wp\/v2\/comments?post=38351"}],"wp:featuredmedia":[{"embeddable":true,"href":"https:\/\/cultivers.es\/de\/wp-json\/wp\/v2\/media\/23247"}],"wp:attachment":[{"href":"https:\/\/cultivers.es\/de\/wp-json\/wp\/v2\/media?parent=38351"}],"wp:term":[{"taxonomy":"product_brand","embeddable":true,"href":"https:\/\/cultivers.es\/de\/wp-json\/wp\/v2\/product_brand?post=38351"},{"taxonomy":"product_cat","embeddable":true,"href":"https:\/\/cultivers.es\/de\/wp-json\/wp\/v2\/product_cat?post=38351"},{"taxonomy":"product_tag","embeddable":true,"href":"https:\/\/cultivers.es\/de\/wp-json\/wp\/v2\/product_tag?post=38351"}],"curies":[{"name":"wp","href":"https:\/\/api.w.org\/{rel}","templated":true}]}}