{"id":38358,"date":"2024-01-12T09:59:36","date_gmt":"2024-01-12T09:59:36","guid":{"rendered":"https:\/\/cultivers.es\/abonos\/bio-zinia-samen\/"},"modified":"2025-09-22T05:41:04","modified_gmt":"2025-09-22T05:41:04","slug":"bio-zinia-samen","status":"publish","type":"product","link":"https:\/\/cultivers.es\/de\/d\u00fcngemittel\/bio-zinia-samen\/","title":{"rendered":"Bio Zinia Samen"},"content":{"rendered":"","protected":false},"excerpt":{"rendered":"<p>Unsere Bio-Zinnien-Samen sind die perfekte Wahl, um Farbe und Fr\u00f6hlichkeit in Ihren Garten zu bringen. Diese Samen aus kontrolliert biologischem Anbau garantieren eine Bl\u00fctenexplosion von nachhaltig angebauten Zinnien (Zinnia elegans), die Ihrem Au\u00dfenbereich eine lebendige und charmante Note verleihen. <\/p>\n<ul>\n<li><strong>Zertifizierte Herkunft.<\/strong><\/li>\n<li><strong>Eine Vielzahl von Farben und Formen.<\/strong><\/li>\n<li><strong>Nachhaltige Kultivierung.<\/strong><\/li>\n<li><strong>Einfache Kultivierung.<\/strong><\/li>\n<li><strong>Attraktion f\u00fcr Best\u00e4uber.<\/strong><\/li>\n<\/ul>\n<p>Zinnienbl\u00fcten sind attraktiv f\u00fcr Best\u00e4uber wie Bienen und Schmetterlinge und tragen so zur Artenvielfalt in Ihrem Garten bei.<\/p>\n","protected":false},"featured_media":42585,"comment_status":"open","ping_status":"closed","template":"","meta":{"_acf_changed":false},"product_brand":[],"product_cat":[419,467],"product_tag":[1580],"woo-feed-brand":[],"class_list":{"0":"post-38358","1":"product","2":"type-product","3":"status-publish","4":"has-post-thumbnail","6":"product_cat-bio-saatgut","7":"product_cat-biologische-essbare-blumensamen","8":"product_tag-oko","10":"first","11":"outofstock","12":"taxable","13":"shipping-taxable","14":"purchasable","15":"product-type-simple"},"acf":[],"_links":{"self":[{"href":"https:\/\/cultivers.es\/de\/wp-json\/wp\/v2\/product\/38358","targetHints":{"allow":["GET"]}}],"collection":[{"href":"https:\/\/cultivers.es\/de\/wp-json\/wp\/v2\/product"}],"about":[{"href":"https:\/\/cultivers.es\/de\/wp-json\/wp\/v2\/types\/product"}],"replies":[{"embeddable":true,"href":"https:\/\/cultivers.es\/de\/wp-json\/wp\/v2\/comments?post=38358"}],"wp:featuredmedia":[{"embeddable":true,"href":"https:\/\/cultivers.es\/de\/wp-json\/wp\/v2\/media\/42585"}],"wp:attachment":[{"href":"https:\/\/cultivers.es\/de\/wp-json\/wp\/v2\/media?parent=38358"}],"wp:term":[{"taxonomy":"product_brand","embeddable":true,"href":"https:\/\/cultivers.es\/de\/wp-json\/wp\/v2\/product_brand?post=38358"},{"taxonomy":"product_cat","embeddable":true,"href":"https:\/\/cultivers.es\/de\/wp-json\/wp\/v2\/product_cat?post=38358"},{"taxonomy":"product_tag","embeddable":true,"href":"https:\/\/cultivers.es\/de\/wp-json\/wp\/v2\/product_tag?post=38358"},{"taxonomy":"woo-feed-brand","embeddable":true,"href":"https:\/\/cultivers.es\/de\/wp-json\/wp\/v2\/woo-feed-brand?post=38358"}],"curies":[{"name":"wp","href":"https:\/\/api.w.org\/{rel}","templated":true}]}}