{"id":38359,"date":"2024-01-12T09:31:47","date_gmt":"2024-01-12T09:31:47","guid":{"rendered":"https:\/\/cultivers.es\/abonos\/seed-mix-bio-blumenteppichmischung-saatgut\/"},"modified":"2025-09-22T05:41:16","modified_gmt":"2025-09-22T05:41:16","slug":"seed-mix-bio-blumenteppichmischung-saatgut","status":"publish","type":"product","link":"https:\/\/cultivers.es\/de\/d\u00fcngemittel\/seed-mix-bio-blumenteppichmischung-saatgut\/","title":{"rendered":"Saatgutmischung Blumenteppich"},"content":{"rendered":"","protected":false},"excerpt":{"rendered":"<p>Unsere Bio-Blumenteppichmischung ist die perfekte Wahl, um Ihren Garten mit einer leuchtenden Farbpalette zu versch\u00f6nern. Diese Mischung enth\u00e4lt Samen der blauen Lupine, der gelben Lupine, des Flachses und der Spinnenpflanzen aus kontrolliert biologischem Anbau. Z\u00fcchten Sie einen Blumenteppich, der nicht nur optisch besticht, sondern auch die Artenvielfalt in Ihrer Gr\u00fcnanlage f\u00f6rdert.  <\/p>\n<ul>\n<li><strong>Eine Vielzahl von bezaubernden Blumen..<\/strong>.<\/li>\n<li><strong>Zertifizierte Herkunft.<\/strong><\/li>\n<li><strong>Attraktion f\u00fcr Best\u00e4uber.<\/strong><\/li>\n<li><strong>Einfache Kultivierung.<\/strong><\/li>\n<li><strong>Artenvielfalt in Ihrem Garten.<\/strong><\/li>\n<\/ul>\n<p>Verwandeln Sie Ihren Garten mit unserer Bio-Blumenteppichmischung in ein Spektakel aus Farbe und Leben. Z\u00fcchten Sie mit dieser Mischung eine Vielzahl von Blumen, die nicht nur Ihre Sinne erfreuen, sondern auch Charme und Lebendigkeit in Ihre Gr\u00fcnfl\u00e4che bringen werden. <\/p>\n","protected":false},"featured_media":50158,"comment_status":"open","ping_status":"closed","template":"","meta":{"_acf_changed":false},"product_brand":[],"product_cat":[475,419],"product_tag":[1580],"class_list":{"0":"post-38359","1":"product","2":"type-product","3":"status-publish","4":"has-post-thumbnail","6":"product_cat-bio-blumensaatgut","7":"product_cat-bio-saatgut","8":"product_tag-oko","10":"first","11":"instock","12":"sale","13":"taxable","14":"shipping-taxable","15":"purchasable","16":"product-type-simple"},"acf":[],"_links":{"self":[{"href":"https:\/\/cultivers.es\/de\/wp-json\/wp\/v2\/product\/38359","targetHints":{"allow":["GET"]}}],"collection":[{"href":"https:\/\/cultivers.es\/de\/wp-json\/wp\/v2\/product"}],"about":[{"href":"https:\/\/cultivers.es\/de\/wp-json\/wp\/v2\/types\/product"}],"replies":[{"embeddable":true,"href":"https:\/\/cultivers.es\/de\/wp-json\/wp\/v2\/comments?post=38359"}],"wp:featuredmedia":[{"embeddable":true,"href":"https:\/\/cultivers.es\/de\/wp-json\/wp\/v2\/media\/50158"}],"wp:attachment":[{"href":"https:\/\/cultivers.es\/de\/wp-json\/wp\/v2\/media?parent=38359"}],"wp:term":[{"taxonomy":"product_brand","embeddable":true,"href":"https:\/\/cultivers.es\/de\/wp-json\/wp\/v2\/product_brand?post=38359"},{"taxonomy":"product_cat","embeddable":true,"href":"https:\/\/cultivers.es\/de\/wp-json\/wp\/v2\/product_cat?post=38359"},{"taxonomy":"product_tag","embeddable":true,"href":"https:\/\/cultivers.es\/de\/wp-json\/wp\/v2\/product_tag?post=38359"}],"curies":[{"name":"wp","href":"https:\/\/api.w.org\/{rel}","templated":true}]}}