{"id":38369,"date":"2024-01-12T10:12:31","date_gmt":"2024-01-12T10:12:31","guid":{"rendered":"https:\/\/cultivers.es\/abonos\/bio-kirschtomaten-samen-rot\/"},"modified":"2025-09-22T05:40:51","modified_gmt":"2025-09-22T05:40:51","slug":"bio-kirschtomaten-samen-rot","status":"publish","type":"product","link":"https:\/\/cultivers.es\/de\/d\u00fcngemittel\/bio-kirschtomaten-samen-rot\/","title":{"rendered":"Cherry Red Tomatensamen"},"content":{"rendered":"","protected":false},"excerpt":{"rendered":"<p>Unsere Bio-Kirschtomatensamen sind die perfekte Wahl f\u00fcr den Anbau von saftigen, schmackhaften Kirschtomaten in Ihrem eigenen Garten. Diese Samen stammen aus zertifiziertem biologischem Anbau und gew\u00e4hrleisten eine reine und k\u00f6stliche Ernte von Kirschtomaten (Solanum lycopersicum), die Ihnen Frische und S\u00fc\u00dfe direkt aus Ihrem Garten bringen. Sehr ertragreiche Sorte mit Fruchtb\u00fcscheln.  <\/p>\n<ul>\n<li><strong>Zertifizierte Herkunft.<\/strong><\/li>\n<li><strong>S\u00fc\u00dfer und intensiver Geschmack.<\/strong><\/li>\n<li><strong>Pestizidfreier Anbau.<\/strong><\/li>\n<li><strong>Anpassungsf\u00e4higkeit beim Anbau.<\/strong><\/li>\n<li><strong>Genie\u00dfen Sie die Frische.<\/strong><\/li>\n<\/ul>\n<p>Z\u00fcchten Sie die rote Delikatesse in Ihrem Garten mit unseren Bio-Kirschtomaten-Samen. Genie\u00dfen Sie die Freude, Ihre eigenen Kirschtomaten zu ernten und zu probieren, die auf bewusste und k\u00f6stliche Weise angebaut wurden. <\/p>\n","protected":false},"featured_media":50104,"comment_status":"open","ping_status":"closed","template":"","meta":{"_acf_changed":false},"product_brand":[],"product_cat":[438,419],"product_tag":[1580],"woo-feed-brand":[],"class_list":{"0":"post-38369","1":"product","2":"type-product","3":"status-publish","4":"has-post-thumbnail","6":"product_cat-bio-obst-und-gemusesaatgut","7":"product_cat-bio-saatgut","8":"product_tag-oko","10":"first","11":"instock","12":"taxable","13":"shipping-taxable","14":"purchasable","15":"product-type-simple"},"acf":[],"_links":{"self":[{"href":"https:\/\/cultivers.es\/de\/wp-json\/wp\/v2\/product\/38369","targetHints":{"allow":["GET"]}}],"collection":[{"href":"https:\/\/cultivers.es\/de\/wp-json\/wp\/v2\/product"}],"about":[{"href":"https:\/\/cultivers.es\/de\/wp-json\/wp\/v2\/types\/product"}],"replies":[{"embeddable":true,"href":"https:\/\/cultivers.es\/de\/wp-json\/wp\/v2\/comments?post=38369"}],"wp:featuredmedia":[{"embeddable":true,"href":"https:\/\/cultivers.es\/de\/wp-json\/wp\/v2\/media\/50104"}],"wp:attachment":[{"href":"https:\/\/cultivers.es\/de\/wp-json\/wp\/v2\/media?parent=38369"}],"wp:term":[{"taxonomy":"product_brand","embeddable":true,"href":"https:\/\/cultivers.es\/de\/wp-json\/wp\/v2\/product_brand?post=38369"},{"taxonomy":"product_cat","embeddable":true,"href":"https:\/\/cultivers.es\/de\/wp-json\/wp\/v2\/product_cat?post=38369"},{"taxonomy":"product_tag","embeddable":true,"href":"https:\/\/cultivers.es\/de\/wp-json\/wp\/v2\/product_tag?post=38369"},{"taxonomy":"woo-feed-brand","embeddable":true,"href":"https:\/\/cultivers.es\/de\/wp-json\/wp\/v2\/woo-feed-brand?post=38369"}],"curies":[{"name":"wp","href":"https:\/\/api.w.org\/{rel}","templated":true}]}}