{"id":38383,"date":"2024-01-12T11:21:06","date_gmt":"2024-01-12T11:21:06","guid":{"rendered":"https:\/\/cultivers.es\/abonos\/bio-hokus-gurken-samen\/"},"modified":"2025-09-22T05:49:27","modified_gmt":"2025-09-22T05:49:27","slug":"bio-hokus-gurken-samen","status":"publish","type":"product","link":"https:\/\/cultivers.es\/de\/d\u00fcngemittel\/bio-hokus-gurken-samen\/","title":{"rendered":"Hokuspokus Gurke Saatgut"},"content":{"rendered":"","protected":false},"excerpt":{"rendered":"<p>Unsere Bio-Hokus-Gurkensamen bieten Ihnen die M\u00f6glichkeit, die Frische und den feinen Geschmack dieser Gurken direkt in Ihrem Garten anzubauen. Die Samen stammen von zertifizierten Bio-Farmen und garantieren eine reine und k\u00f6stliche Ernte von Hokus-Gurken (Cucumis sativus), die Ihren Salaten und gesunden Gerichten eine knackige und nahrhafte Note verleihen. Sie ist eine ausgezeichnete Sorte zum Einlegen und sehr ertragreich.  <\/p>\n<ul>\n<li><strong>Zertifizierte Herkunft.<\/strong><\/li>\n<li><strong>Knusprig und raffiniert im Geschmack.<\/strong><\/li>\n<li><strong>Pestizidfreier Anbau.<\/strong><\/li>\n<li><strong>Anpassungsf\u00e4higkeit beim Anbau.<\/strong><\/li>\n<li><strong>Ern\u00e4hrungsbezogener Beitrag.<\/strong><\/li>\n<\/ul>\n<p>Z\u00fcchten Sie Frische in Ihrem Garten mit unseren Bio-Hokus-Gurkensamen. Genie\u00dfen Sie das Vergn\u00fcgen, knackige Gurken zu ernten und zu probieren, die Sie bewusst in Ihrem eigenen Garten angebaut haben. <\/p>\n","protected":false},"featured_media":23342,"comment_status":"open","ping_status":"closed","template":"","meta":{"_acf_changed":false},"product_brand":[],"product_cat":[438,419],"product_tag":[1580],"class_list":{"0":"post-38383","1":"product","2":"type-product","3":"status-publish","4":"has-post-thumbnail","6":"product_cat-bio-obst-und-gemusesaatgut","7":"product_cat-bio-saatgut","8":"product_tag-oko","10":"first","11":"instock","12":"taxable","13":"shipping-taxable","14":"purchasable","15":"product-type-simple"},"acf":[],"_links":{"self":[{"href":"https:\/\/cultivers.es\/de\/wp-json\/wp\/v2\/product\/38383","targetHints":{"allow":["GET"]}}],"collection":[{"href":"https:\/\/cultivers.es\/de\/wp-json\/wp\/v2\/product"}],"about":[{"href":"https:\/\/cultivers.es\/de\/wp-json\/wp\/v2\/types\/product"}],"replies":[{"embeddable":true,"href":"https:\/\/cultivers.es\/de\/wp-json\/wp\/v2\/comments?post=38383"}],"wp:featuredmedia":[{"embeddable":true,"href":"https:\/\/cultivers.es\/de\/wp-json\/wp\/v2\/media\/23342"}],"wp:attachment":[{"href":"https:\/\/cultivers.es\/de\/wp-json\/wp\/v2\/media?parent=38383"}],"wp:term":[{"taxonomy":"product_brand","embeddable":true,"href":"https:\/\/cultivers.es\/de\/wp-json\/wp\/v2\/product_brand?post=38383"},{"taxonomy":"product_cat","embeddable":true,"href":"https:\/\/cultivers.es\/de\/wp-json\/wp\/v2\/product_cat?post=38383"},{"taxonomy":"product_tag","embeddable":true,"href":"https:\/\/cultivers.es\/de\/wp-json\/wp\/v2\/product_tag?post=38383"}],"curies":[{"name":"wp","href":"https:\/\/api.w.org\/{rel}","templated":true}]}}