{"id":38394,"date":"2024-01-12T11:41:03","date_gmt":"2024-01-12T11:41:03","guid":{"rendered":"https:\/\/cultivers.es\/abonos\/blumensamen-fuer-bio-bienen\/"},"modified":"2025-09-22T05:01:28","modified_gmt":"2025-09-22T05:01:28","slug":"blumensamen-fuer-bio-bienen","status":"publish","type":"product","link":"https:\/\/cultivers.es\/de\/d\u00fcngemittel\/blumensamen-fuer-bio-bienen\/","title":{"rendered":"Blumensamen f\u00fcr Bienen"},"content":{"rendered":"","protected":false},"excerpt":{"rendered":"<p>Unsere Bio-Blumensamen f\u00fcr Bienen sind die perfekte Wahl, um einen lebendigen, naturfreundlichen Garten oder Gem\u00fcsegarten anzulegen. Die Samen stammen aus kontrolliert biologischem Anbau und sorgen f\u00fcr eine \u00fcppige Bl\u00fctenpracht, die nicht nur Ihren Au\u00dfenbereich versch\u00f6nert, sondern auch Bienen einen Zufluchtsort bietet und so zur Best\u00e4ubung und zur Gesundheit Ihrer Umwelt beitr\u00e4gt. <\/p>\n<ul>\n<li><strong>Zertifizierte Herkunft.<\/strong><\/li>\n<li><strong>Blumige Vielfalt.<\/strong><\/li>\n<li><strong>Pestizidfreier Anbau.<\/strong><\/li>\n<li><strong>Einfache Kultivierung.<\/strong><\/li>\n<li><strong>Beitrag zur Best\u00e4ubung.<\/strong><\/li>\n<\/ul>\n<p>Versch\u00f6nern Sie Ihren Obstgarten und Garten und tragen Sie mit unseren Bio-Bienenblumensamen zur Artenvielfalt bei. Genie\u00dfen Sie das Wunder, Ihren Garten bl\u00fchen zu sehen und gleichzeitig einen Lebensraum f\u00fcr Bienen und andere Best\u00e4uber zu schaffen. <\/p>\n","protected":false},"featured_media":39204,"comment_status":"open","ping_status":"closed","template":"","meta":{"_acf_changed":false},"product_brand":[],"product_cat":[475,419,1318],"product_tag":[1580],"class_list":{"0":"post-38394","1":"product","2":"type-product","3":"status-publish","4":"has-post-thumbnail","6":"product_cat-bio-blumensaatgut","7":"product_cat-bio-saatgut","8":"product_cat-traditionell","9":"product_tag-oko","11":"first","12":"instock","13":"taxable","14":"shipping-taxable","15":"purchasable","16":"product-type-simple"},"acf":[],"_links":{"self":[{"href":"https:\/\/cultivers.es\/de\/wp-json\/wp\/v2\/product\/38394","targetHints":{"allow":["GET"]}}],"collection":[{"href":"https:\/\/cultivers.es\/de\/wp-json\/wp\/v2\/product"}],"about":[{"href":"https:\/\/cultivers.es\/de\/wp-json\/wp\/v2\/types\/product"}],"replies":[{"embeddable":true,"href":"https:\/\/cultivers.es\/de\/wp-json\/wp\/v2\/comments?post=38394"}],"wp:featuredmedia":[{"embeddable":true,"href":"https:\/\/cultivers.es\/de\/wp-json\/wp\/v2\/media\/39204"}],"wp:attachment":[{"href":"https:\/\/cultivers.es\/de\/wp-json\/wp\/v2\/media?parent=38394"}],"wp:term":[{"taxonomy":"product_brand","embeddable":true,"href":"https:\/\/cultivers.es\/de\/wp-json\/wp\/v2\/product_brand?post=38394"},{"taxonomy":"product_cat","embeddable":true,"href":"https:\/\/cultivers.es\/de\/wp-json\/wp\/v2\/product_cat?post=38394"},{"taxonomy":"product_tag","embeddable":true,"href":"https:\/\/cultivers.es\/de\/wp-json\/wp\/v2\/product_tag?post=38394"}],"curies":[{"name":"wp","href":"https:\/\/api.w.org\/{rel}","templated":true}]}}