{"id":38401,"date":"2024-01-18T09:56:49","date_gmt":"2024-01-18T09:56:49","guid":{"rendered":"https:\/\/cultivers.es\/abonos\/zitronensaeure-wasserfrei-fluessig\/"},"modified":"2025-09-22T04:46:43","modified_gmt":"2025-09-22T04:46:43","slug":"zitronensaeure-wasserfrei-fluessig","status":"publish","type":"product","link":"https:\/\/cultivers.es\/de\/d\u00fcngemittel\/zitronensaeure-wasserfrei-fluessig\/","title":{"rendered":"Zitronens\u00e4ure wasserfrei fl\u00fcssig"},"content":{"rendered":"","protected":false},"excerpt":{"rendered":"<p>Zitronens\u00e4ure ist <span class=\"a-list-item\">eine <\/span>vielseitige Substanz, die h\u00e4ufig in Zitrusfr\u00fcchten wie Zitronen, Orangen und Limetten vorkommt. Ihre sauren Eigenschaften und ihre F\u00e4higkeit, Mineralien abzubauen, machen sie f\u00fcr eine Vielzahl von Anwendungen n\u00fctzlich, auch f\u00fcr die Garten- und Au\u00dfenpflege. Hier sind einige M\u00f6glichkeiten, wie Zitronens\u00e4ure im Garten n\u00fctzlich sein kann:  <\/p>\n<p>&nbsp;<\/p>\n<p><span class=\"a-list-item\"><strong>1) Landwirtschaft und pH-Korrektur:<\/strong> CULTIVERS fl\u00fcssige Zitronens\u00e4ure eignet sich hervorragend zur Regulierung des pH-Wertes in der biologischen Landwirtschaft, zur F\u00f6rderung der Bodenmikrobiologie und zur Beseitigung von Verstopfungen bei der Bew\u00e4sserung. Ein Verb\u00fcndeter f\u00fcr Ihre Kulturpflanzen! <\/span><\/p>\n<p><span class=\"a-list-item\"><strong>2. verbessert das Bew\u00e4sserungswasser und die Desinfektion:<\/strong> Verwenden Sie unsere Zitronens\u00e4ure als pH-Korrekturmittel im Bew\u00e4sserungswasser, um die mikrobielle Aktivit\u00e4t im Boden zu f\u00f6rdern. Es eignet sich auch hervorragend zur Reinigung und Desinfektion von Tropfern, Ger\u00e4ten und Abfl\u00fcssen. <\/span><\/p>\n<p><strong>3. Reinigung von Saatbeeten und T\u00f6pfen:<\/strong> Zitronens\u00e4ure kann helfen, Mineralablagerungen und Flecken von hartem Wasser in Saatbeeten und T\u00f6pfen zu entfernen. Durch die Reinigung dieser Bereiche wird eine ges\u00fcndere Umgebung f\u00fcr das Pflanzenwachstum geschaffen. <\/p>\n<p><strong>4. Reinigung von Gartenger\u00e4ten:<\/strong> Das Mischen von Zitronens\u00e4ure mit Wasser kann bei der Reinigung von Gartenger\u00e4ten wirksam sein und Schmutz, Rost und andere Verunreinigungen entfernen. Dies hilft, die Ger\u00e4te in gutem Zustand zu halten und verl\u00e4ngert ihre Lebensdauer. <\/p>\n<p><strong>5. Grillpflege:<\/strong> Zitronens\u00e4ure kann zur Reinigung von Grills und Grillfl\u00e4chen verwendet werden. Ihre F\u00e4higkeit, Fett aufzul\u00f6sen und Flecken zu entfernen, kann den Grill in einen hygienischen Zustand versetzen und einsatzbereit machen. <\/p>\n<p><strong>6. Pflege von Gartenm\u00f6beln:<\/strong> Verd\u00fcnnen Sie Zitronens\u00e4ure in Wasser und tragen Sie sie auf Gartenm\u00f6bel auf, um Flecken und Schmutz zu entfernen. Dies ist besonders n\u00fctzlich f\u00fcr Kunststoff-, Metall- oder Holzm\u00f6bel. <\/p>\n<p><strong>7. Pflege von dekorativen Elementen:<\/strong> Wenn Sie dekorative Elemente im Garten haben, wie z.B. Statuen oder Ornamente, kann Zitronens\u00e4ure verwendet werden, um deren urspr\u00fcngliches Aussehen zu reinigen und zu erhalten, ohne das Material zu besch\u00e4digen.<\/p>\n<p><strong>8. Fleckenentfernung auf harten Oberfl\u00e4chen:<\/strong> Harte Oberfl\u00e4chen wie Terrassen oder Wege k\u00f6nnen von der reinigenden Wirkung der Zitronens\u00e4ure profitieren, die Flecken und angesammelten Schmutz m\u00fchelos entfernt.<\/p>\n<p>Es ist wichtig zu beachten, dass Zitronens\u00e4ure bei der Verwendung im Au\u00dfenbereich entsprechend verd\u00fcnnt werden sollte, um m\u00f6gliche Sch\u00e4den an behandelten Pflanzen oder Oberfl\u00e4chen zu vermeiden. Au\u00dferdem ist es ratsam, eine kleine Fl\u00e4che zu testen, bevor Sie Zitronens\u00e4ure in gr\u00f6\u00dferem Umfang anwenden. <\/p>\n","protected":false},"featured_media":23436,"comment_status":"open","ping_status":"closed","template":"","meta":{"_acf_changed":false},"product_brand":[],"product_cat":[585],"product_tag":[],"class_list":{"0":"post-38401","1":"product","2":"type-product","3":"status-publish","4":"has-post-thumbnail","6":"product_cat-defizit-korrektoren","8":"first","9":"instock","10":"taxable","11":"shipping-taxable","12":"purchasable","13":"product-type-variable"},"acf":[],"_links":{"self":[{"href":"https:\/\/cultivers.es\/de\/wp-json\/wp\/v2\/product\/38401","targetHints":{"allow":["GET"]}}],"collection":[{"href":"https:\/\/cultivers.es\/de\/wp-json\/wp\/v2\/product"}],"about":[{"href":"https:\/\/cultivers.es\/de\/wp-json\/wp\/v2\/types\/product"}],"replies":[{"embeddable":true,"href":"https:\/\/cultivers.es\/de\/wp-json\/wp\/v2\/comments?post=38401"}],"wp:featuredmedia":[{"embeddable":true,"href":"https:\/\/cultivers.es\/de\/wp-json\/wp\/v2\/media\/23436"}],"wp:attachment":[{"href":"https:\/\/cultivers.es\/de\/wp-json\/wp\/v2\/media?parent=38401"}],"wp:term":[{"taxonomy":"product_brand","embeddable":true,"href":"https:\/\/cultivers.es\/de\/wp-json\/wp\/v2\/product_brand?post=38401"},{"taxonomy":"product_cat","embeddable":true,"href":"https:\/\/cultivers.es\/de\/wp-json\/wp\/v2\/product_cat?post=38401"},{"taxonomy":"product_tag","embeddable":true,"href":"https:\/\/cultivers.es\/de\/wp-json\/wp\/v2\/product_tag?post=38401"}],"curies":[{"name":"wp","href":"https:\/\/api.w.org\/{rel}","templated":true}]}}