{"id":38437,"date":"2024-02-06T10:36:29","date_gmt":"2024-02-06T10:36:29","guid":{"rendered":"https:\/\/cultivers.es\/abonos\/karottensamen-pau-roxo-das-seis-marias-bio-karottensamen\/"},"modified":"2026-02-17T18:40:13","modified_gmt":"2026-02-17T18:40:13","slug":"karottensamen-pau-roxo-das-seis-marias-bio-karottensamen","status":"publish","type":"product","link":"https:\/\/cultivers.es\/de\/d\u00fcngemittel\/karottensamen-pau-roxo-das-seis-marias-bio-karottensamen\/","title":{"rendered":"Pau Roxo das Seis Marias Karottensamen"},"content":{"rendered":"","protected":false},"excerpt":{"rendered":"<p>Unsere Bio-M\u00f6hrensamen von Pau Roxo das Seis Marias sind ein kulinarischer Schatz, der jahrhundertelange Tradition und au\u00dfergew\u00f6hnlichen Geschmack in sich vereint. Sie stammen aus einem reichen landwirtschaftlichen Erbe und bewahren die Authentizit\u00e4t und Verbundenheit mit dem Land, die nur Pau Roxo das Seis Marias Karotten bieten k\u00f6nnen. <\/p>\n<ul>\n<li><strong>Aus traditionellem Saatgut gewonnen<\/strong><\/li>\n<li><strong>Landwirtschaftliches Erbe.<\/strong><\/li>\n<li><strong>Au\u00dfergew\u00f6hnlicher Geschmack.<\/strong><\/li>\n<li><strong>Respektvolle Kultivierung.<\/strong><\/li>\n<li><strong>Anpassungsf\u00e4higkeit beim Anbau.<\/strong><\/li>\n<li><strong>Ern\u00e4hrung und Geschmack.<\/strong><\/li>\n<\/ul>\n<p>Kultivieren Sie Geschichte und Geschmack in Ihrem Garten mit unseren Bio-M\u00f6hrensamen Pau Roxo das Seis Marias. Genie\u00dfen Sie die Freude an der Ernte und dem Geschmack von Karotten mit authentischem Geschmack und einer Verbindung zur reichen landwirtschaftlichen Tradition der Region. <\/p>\n","protected":false},"featured_media":45371,"comment_status":"open","ping_status":"closed","template":"","meta":{"_acf_changed":false},"product_brand":[],"product_cat":[419,433,1318],"product_tag":[1580],"class_list":{"0":"post-38437","1":"product","2":"type-product","3":"status-publish","4":"has-post-thumbnail","6":"product_cat-bio-saatgut","7":"product_cat-bio-wurzelsaatgut","8":"product_cat-traditionell","9":"product_tag-oko","11":"first","12":"instock","13":"taxable","14":"shipping-taxable","15":"purchasable","16":"product-type-simple"},"acf":[],"_links":{"self":[{"href":"https:\/\/cultivers.es\/de\/wp-json\/wp\/v2\/product\/38437","targetHints":{"allow":["GET"]}}],"collection":[{"href":"https:\/\/cultivers.es\/de\/wp-json\/wp\/v2\/product"}],"about":[{"href":"https:\/\/cultivers.es\/de\/wp-json\/wp\/v2\/types\/product"}],"replies":[{"embeddable":true,"href":"https:\/\/cultivers.es\/de\/wp-json\/wp\/v2\/comments?post=38437"}],"wp:featuredmedia":[{"embeddable":true,"href":"https:\/\/cultivers.es\/de\/wp-json\/wp\/v2\/media\/45371"}],"wp:attachment":[{"href":"https:\/\/cultivers.es\/de\/wp-json\/wp\/v2\/media?parent=38437"}],"wp:term":[{"taxonomy":"product_brand","embeddable":true,"href":"https:\/\/cultivers.es\/de\/wp-json\/wp\/v2\/product_brand?post=38437"},{"taxonomy":"product_cat","embeddable":true,"href":"https:\/\/cultivers.es\/de\/wp-json\/wp\/v2\/product_cat?post=38437"},{"taxonomy":"product_tag","embeddable":true,"href":"https:\/\/cultivers.es\/de\/wp-json\/wp\/v2\/product_tag?post=38437"}],"curies":[{"name":"wp","href":"https:\/\/api.w.org\/{rel}","templated":true}]}}