{"id":38438,"date":"2024-02-06T10:53:43","date_gmt":"2024-02-06T10:53:43","guid":{"rendered":"https:\/\/cultivers.es\/abonos\/bio-lupinensamen\/"},"modified":"2025-09-22T05:42:16","modified_gmt":"2025-09-22T05:42:16","slug":"bio-lupinensamen","status":"publish","type":"product","link":"https:\/\/cultivers.es\/de\/d\u00fcngemittel\/bio-lupinensamen\/","title":{"rendered":"Lupinensamen"},"content":{"rendered":"","protected":false},"excerpt":{"rendered":"<p>Unsere Bio-Lupinensamen sind ein landwirtschaftliches Erbe, das jahrhundertealte Traditionen und einen einzigartigen Geschmack verk\u00f6rpert. Diese Samen, die aus einem reichen landwirtschaftlichen Erbe stammen, bewahren die Authentizit\u00e4t und die Verbindung zum Land, die nur Lupinen bieten k\u00f6nnen. <\/p>\n<ul>\n<li><strong>Aus traditionellem Saatgut gewonnen<\/strong><\/li>\n<li><strong>Herencia Campesina.<\/strong><\/li>\n<li><strong>Au\u00dfergew\u00f6hnlicher Geschmack.<\/strong><\/li>\n<li><strong>Respektvolle Kultivierung.<\/strong><\/li>\n<li><strong>Anpassungsf\u00e4higkeit beim Anbau.<\/strong><\/li>\n<li><strong>Ern\u00e4hrung und Geschmack.<\/strong><\/li>\n<\/ul>\n<p>Kultivieren Sie Tradition und Geschmack in Ihrem Garten mit unseren Bio-Lupinensamen. Genie\u00dfen Sie das Vergn\u00fcgen, Lupinen mit authentischem Geschmack zu ernten und zu probieren, die eine Verbindung zur reichen landwirtschaftlichen Geschichte des Landes haben. <\/p>\n","protected":false},"featured_media":42573,"comment_status":"open","ping_status":"closed","template":"","meta":{"_acf_changed":false},"product_brand":[],"product_cat":[757,419,1318],"product_tag":[1580],"class_list":{"0":"post-38438","1":"product","2":"type-product","3":"status-publish","4":"has-post-thumbnail","6":"product_cat-bio-hulsenfrucht-samen","7":"product_cat-bio-saatgut","8":"product_cat-traditionell","9":"product_tag-oko","11":"first","12":"instock","13":"taxable","14":"shipping-taxable","15":"purchasable","16":"product-type-simple"},"acf":[],"_links":{"self":[{"href":"https:\/\/cultivers.es\/de\/wp-json\/wp\/v2\/product\/38438","targetHints":{"allow":["GET"]}}],"collection":[{"href":"https:\/\/cultivers.es\/de\/wp-json\/wp\/v2\/product"}],"about":[{"href":"https:\/\/cultivers.es\/de\/wp-json\/wp\/v2\/types\/product"}],"replies":[{"embeddable":true,"href":"https:\/\/cultivers.es\/de\/wp-json\/wp\/v2\/comments?post=38438"}],"wp:featuredmedia":[{"embeddable":true,"href":"https:\/\/cultivers.es\/de\/wp-json\/wp\/v2\/media\/42573"}],"wp:attachment":[{"href":"https:\/\/cultivers.es\/de\/wp-json\/wp\/v2\/media?parent=38438"}],"wp:term":[{"taxonomy":"product_brand","embeddable":true,"href":"https:\/\/cultivers.es\/de\/wp-json\/wp\/v2\/product_brand?post=38438"},{"taxonomy":"product_cat","embeddable":true,"href":"https:\/\/cultivers.es\/de\/wp-json\/wp\/v2\/product_cat?post=38438"},{"taxonomy":"product_tag","embeddable":true,"href":"https:\/\/cultivers.es\/de\/wp-json\/wp\/v2\/product_tag?post=38438"}],"curies":[{"name":"wp","href":"https:\/\/api.w.org\/{rel}","templated":true}]}}