{"id":38498,"date":"2024-04-19T08:10:51","date_gmt":"2024-04-19T08:10:51","guid":{"rendered":"https:\/\/cultivers.es\/abonos\/lauch-samen-de-carentan-2-bio\/"},"modified":"2025-09-22T04:47:35","modified_gmt":"2025-09-22T04:47:35","slug":"lauch-samen-de-carentan-2-bio","status":"publish","type":"product","link":"https:\/\/cultivers.es\/de\/d\u00fcngemittel\/lauch-samen-de-carentan-2-bio\/","title":{"rendered":"Carentan Lauch Saatgut 2"},"content":{"rendered":"","protected":false},"excerpt":{"rendered":"<p>Unsere Bio-Porree-Samen Carentan 2 sind die perfekte Wahl f\u00fcr den Anbau von aromatischem, hochwertigem Lauch in Ihrem Garten. Diese Samen stammen von einer Sorte, die speziell wegen ihres milden Geschmacks und ihrer zarten Textur ausgew\u00e4hlt wurde. Sie garantieren eine reiche Lauchernte, die sich ideal f\u00fcr eine Vielzahl von kulinarischen Gerichten, Suppen, Eint\u00f6pfen und mehr eignet. <\/p>\n<ul>\n<li><strong>Ausgew\u00e4hlte Sorte.<\/strong><\/li>\n<li><strong>\u00d6kologischer Landbau.<\/strong><\/li>\n<li><strong>Einfache Kultivierung<\/strong>.<\/li>\n<li><strong>Kulinarische Vielseitigkeit.<\/strong><\/li>\n<li><strong>Hoher N\u00e4hrwert.<\/strong><\/li>\n<\/ul>\n<p>Genie\u00dfen Sie den feinen Geschmack und die kulinarische Vielseitigkeit unserer Bio-Lauch-Samen Carentan 2. Bauen Sie Ihren eigenen frischen, schmackhaften Lauch zu Hause an und genie\u00dfen Sie die Freude, Ihre eigenen Zutaten zu ernten. <\/p>\n","protected":false},"featured_media":24782,"comment_status":"open","ping_status":"closed","template":"","meta":{"_acf_changed":false},"product_brand":[],"product_cat":[419,433],"product_tag":[1580],"class_list":{"0":"post-38498","1":"product","2":"type-product","3":"status-publish","4":"has-post-thumbnail","6":"product_cat-bio-saatgut","7":"product_cat-bio-wurzelsaatgut","8":"product_tag-oko","10":"first","11":"instock","12":"taxable","13":"shipping-taxable","14":"purchasable","15":"product-type-simple"},"acf":[],"_links":{"self":[{"href":"https:\/\/cultivers.es\/de\/wp-json\/wp\/v2\/product\/38498","targetHints":{"allow":["GET"]}}],"collection":[{"href":"https:\/\/cultivers.es\/de\/wp-json\/wp\/v2\/product"}],"about":[{"href":"https:\/\/cultivers.es\/de\/wp-json\/wp\/v2\/types\/product"}],"replies":[{"embeddable":true,"href":"https:\/\/cultivers.es\/de\/wp-json\/wp\/v2\/comments?post=38498"}],"wp:featuredmedia":[{"embeddable":true,"href":"https:\/\/cultivers.es\/de\/wp-json\/wp\/v2\/media\/24782"}],"wp:attachment":[{"href":"https:\/\/cultivers.es\/de\/wp-json\/wp\/v2\/media?parent=38498"}],"wp:term":[{"taxonomy":"product_brand","embeddable":true,"href":"https:\/\/cultivers.es\/de\/wp-json\/wp\/v2\/product_brand?post=38498"},{"taxonomy":"product_cat","embeddable":true,"href":"https:\/\/cultivers.es\/de\/wp-json\/wp\/v2\/product_cat?post=38498"},{"taxonomy":"product_tag","embeddable":true,"href":"https:\/\/cultivers.es\/de\/wp-json\/wp\/v2\/product_tag?post=38498"}],"curies":[{"name":"wp","href":"https:\/\/api.w.org\/{rel}","templated":true}]}}