{"id":38507,"date":"2024-04-19T08:26:17","date_gmt":"2024-04-19T08:26:17","guid":{"rendered":"https:\/\/cultivers.es\/abonos\/bio-san-martino-kohlsamen\/"},"modified":"2025-09-22T04:47:36","modified_gmt":"2025-09-22T04:47:36","slug":"bio-san-martino-kohlsamen","status":"publish","type":"product","link":"https:\/\/cultivers.es\/de\/d\u00fcngemittel\/bio-san-martino-kohlsamen\/","title":{"rendered":"San Martino Kohlsamen"},"content":{"rendered":"","protected":false},"excerpt":{"rendered":"<p>Unsere Bio San Martino Kohlsamen sind die perfekte Wahl f\u00fcr den Anbau von frischem, nahrhaftem Kohl in Ihrem Garten. Diese Samen stammen von einer Sorte, die speziell wegen ihres s\u00fc\u00dfen, milden Geschmacks und ihrer F\u00e4higkeit, sich l\u00e4nger frisch zu halten, ausgew\u00e4hlt wurde. Sie garantieren eine reiche Ernte an hochwertigem Kohl, der sich ideal f\u00fcr Salate, Eint\u00f6pfe, Pfannengerichte und vieles mehr eignet. <\/p>\n<ul>\n<li><strong>Ausgew\u00e4hlte Sorte.<\/strong><\/li>\n<li><strong>\u00d6kologischer Landbau.<\/strong><\/li>\n<li><strong>Einfache Kultivierung.<\/strong><\/li>\n<li><strong>Kulinarische Vielseitigkeit.<\/strong><\/li>\n<li><strong>Hoher N\u00e4hrwert.<\/strong><\/li>\n<\/ul>\n<p>Genie\u00dfen Sie Frische und N\u00e4hrstoffe in Ihrer K\u00fcche mit unseren Bio-San Martino Kohlsamen. Bauen Sie zu Hause Ihren eigenen frischen und schmackhaften Kohl an und genie\u00dfen Sie die Freude, Ihre eigenen vitalstoffreichen Zutaten zu ernten. <\/p>\n","protected":false},"featured_media":50116,"comment_status":"open","ping_status":"closed","template":"","meta":{"_acf_changed":false},"product_brand":[],"product_cat":[423,419],"product_tag":[1580],"class_list":{"0":"post-38507","1":"product","2":"type-product","3":"status-publish","4":"has-post-thumbnail","6":"product_cat-bio-brassica-saatgut","7":"product_cat-bio-saatgut","8":"product_tag-oko","10":"first","11":"instock","12":"sale","13":"taxable","14":"shipping-taxable","15":"purchasable","16":"product-type-simple"},"acf":[],"_links":{"self":[{"href":"https:\/\/cultivers.es\/de\/wp-json\/wp\/v2\/product\/38507","targetHints":{"allow":["GET"]}}],"collection":[{"href":"https:\/\/cultivers.es\/de\/wp-json\/wp\/v2\/product"}],"about":[{"href":"https:\/\/cultivers.es\/de\/wp-json\/wp\/v2\/types\/product"}],"replies":[{"embeddable":true,"href":"https:\/\/cultivers.es\/de\/wp-json\/wp\/v2\/comments?post=38507"}],"wp:featuredmedia":[{"embeddable":true,"href":"https:\/\/cultivers.es\/de\/wp-json\/wp\/v2\/media\/50116"}],"wp:attachment":[{"href":"https:\/\/cultivers.es\/de\/wp-json\/wp\/v2\/media?parent=38507"}],"wp:term":[{"taxonomy":"product_brand","embeddable":true,"href":"https:\/\/cultivers.es\/de\/wp-json\/wp\/v2\/product_brand?post=38507"},{"taxonomy":"product_cat","embeddable":true,"href":"https:\/\/cultivers.es\/de\/wp-json\/wp\/v2\/product_cat?post=38507"},{"taxonomy":"product_tag","embeddable":true,"href":"https:\/\/cultivers.es\/de\/wp-json\/wp\/v2\/product_tag?post=38507"}],"curies":[{"name":"wp","href":"https:\/\/api.w.org\/{rel}","templated":true}]}}