{"id":38508,"date":"2024-04-19T08:41:36","date_gmt":"2024-04-19T08:41:36","guid":{"rendered":"https:\/\/cultivers.es\/abonos\/bio-roter-riesensenf-saatgut\/"},"modified":"2025-10-31T09:58:39","modified_gmt":"2025-10-31T09:58:39","slug":"bio-roter-riesensenf-saatgut","status":"publish","type":"product","link":"https:\/\/cultivers.es\/de\/d\u00fcngemittel\/bio-roter-riesensenf-saatgut\/","title":{"rendered":"Roter Riesensenf Saatgut"},"content":{"rendered":"","protected":false},"excerpt":{"rendered":"<p>Unsere Bio-Senfsamen Red Giant sind die perfekte Wahl, um in Ihrem Garten Senf mit intensivem Geschmack und leuchtender Farbe anzubauen. Diese Samen stammen von einer Sorte, die speziell wegen ihres scharfen Geschmacks und ihrer tiefroten Bl\u00e4tter ausgew\u00e4hlt wurde. Sie garantieren eine reiche Ernte an hochwertigem Senf, der ideal ist, um Ihre Lieblingsgerichte zu w\u00fcrzen und Ihren Mahlzeiten einen Farbtupfer zu verleihen. <\/p>\n<ul>\n<li><strong>Ausgew\u00e4hlte Sorte.<\/strong><\/li>\n<li><strong>\u00d6kologischer Landbau.<\/strong><\/li>\n<li><strong>Einfache Kultivierung.<\/strong><\/li>\n<li><strong>Kulinarische Vielseitigkeit.<\/strong><\/li>\n<li><strong>Hoher N\u00e4hrwert.<\/strong><\/li>\n<\/ul>\n<p>Genie\u00dfen Sie intensiven Geschmack und leuchtende Farben in Ihren Gerichten mit unseren Bio Red Giant Senfk\u00f6rnern. Z\u00fcchten Sie zu Hause Ihr eigenes Senfgem\u00fcse mit einzigartigem Geschmack und Farbe und verleihen Sie Ihren selbstgekochten Mahlzeiten eine besondere Note. <\/p>\n","protected":false},"featured_media":24795,"comment_status":"open","ping_status":"closed","template":"","meta":{"_acf_changed":false},"product_brand":[],"product_cat":[419,476],"product_tag":[1580],"woo-feed-brand":[],"class_list":{"0":"post-38508","1":"product","2":"type-product","3":"status-publish","4":"has-post-thumbnail","6":"product_cat-bio-saatgut","7":"product_cat-bio-saatgut-fur-blattgemuse","8":"product_tag-oko","10":"first","11":"instock","12":"sale","13":"taxable","14":"shipping-taxable","15":"purchasable","16":"product-type-simple"},"acf":[],"_links":{"self":[{"href":"https:\/\/cultivers.es\/de\/wp-json\/wp\/v2\/product\/38508","targetHints":{"allow":["GET"]}}],"collection":[{"href":"https:\/\/cultivers.es\/de\/wp-json\/wp\/v2\/product"}],"about":[{"href":"https:\/\/cultivers.es\/de\/wp-json\/wp\/v2\/types\/product"}],"replies":[{"embeddable":true,"href":"https:\/\/cultivers.es\/de\/wp-json\/wp\/v2\/comments?post=38508"}],"wp:featuredmedia":[{"embeddable":true,"href":"https:\/\/cultivers.es\/de\/wp-json\/wp\/v2\/media\/24795"}],"wp:attachment":[{"href":"https:\/\/cultivers.es\/de\/wp-json\/wp\/v2\/media?parent=38508"}],"wp:term":[{"taxonomy":"product_brand","embeddable":true,"href":"https:\/\/cultivers.es\/de\/wp-json\/wp\/v2\/product_brand?post=38508"},{"taxonomy":"product_cat","embeddable":true,"href":"https:\/\/cultivers.es\/de\/wp-json\/wp\/v2\/product_cat?post=38508"},{"taxonomy":"product_tag","embeddable":true,"href":"https:\/\/cultivers.es\/de\/wp-json\/wp\/v2\/product_tag?post=38508"},{"taxonomy":"woo-feed-brand","embeddable":true,"href":"https:\/\/cultivers.es\/de\/wp-json\/wp\/v2\/woo-feed-brand?post=38508"}],"curies":[{"name":"wp","href":"https:\/\/api.w.org\/{rel}","templated":true}]}}