{"id":38527,"date":"2024-04-22T07:16:48","date_gmt":"2024-04-22T07:16:48","guid":{"rendered":"https:\/\/cultivers.es\/abonos\/bio-eichenblattsalat-cocarde-saatgut\/"},"modified":"2025-09-22T05:17:38","modified_gmt":"2025-09-22T05:17:38","slug":"bio-eichenblattsalat-cocarde-saatgut","status":"publish","type":"product","link":"https:\/\/cultivers.es\/de\/d\u00fcngemittel\/bio-eichenblattsalat-cocarde-saatgut\/","title":{"rendered":"Eichenlaubsalat Samen Cocarde"},"content":{"rendered":"","protected":false},"excerpt":{"rendered":"<p>Mit unseren Cocarde Bio-Eichblattsalatsamen k\u00f6nnen Sie in Ihrem Garten auf gesunde und biologische Weise frische, geschmackvolle Salate anbauen. Diese Samen stammen von einer Sorte, die speziell wegen ihrer knackigen Textur, ihres milden Geschmacks und ihrer eleganten Blattform ausgew\u00e4hlt wurde. Sie garantieren eine reiche Ernte an qualitativ hochwertigen Salaten, die sich ideal f\u00fcr frische Salate und leichte Gerichte eignen. <\/p>\n<ul>\n<li><strong>Ausgew\u00e4hlte Sorte.<\/strong><\/li>\n<li><strong>\u00d6kologischer Landbau.<\/strong><\/li>\n<li><strong>Einfache Kultivierung.<\/strong><\/li>\n<li><strong>Kulinarische Vielseitigkeit.<\/strong><\/li>\n<li><strong>Hoher N\u00e4hrwert.<\/strong><\/li>\n<\/ul>\n<p>Genie\u00dfen Sie Frische und Eleganz in Ihrer K\u00fcche mit unseren Bio Cocarde Eichenlaubsalatsamen. Bauen Sie Ihre eigenen Qualit\u00e4tssalate an und genie\u00dfen Sie die Freude, Ihre eigenen frischen und schmackhaften Zutaten zu ernten. <\/p>\n","protected":false},"featured_media":45444,"comment_status":"open","ping_status":"closed","template":"","meta":{"_acf_changed":false},"product_brand":[],"product_cat":[419,476],"product_tag":[1580],"class_list":{"0":"post-38527","1":"product","2":"type-product","3":"status-publish","4":"has-post-thumbnail","6":"product_cat-bio-saatgut","7":"product_cat-bio-saatgut-fur-blattgemuse","8":"product_tag-oko","10":"first","11":"instock","12":"sale","13":"taxable","14":"shipping-taxable","15":"purchasable","16":"product-type-simple"},"acf":[],"_links":{"self":[{"href":"https:\/\/cultivers.es\/de\/wp-json\/wp\/v2\/product\/38527","targetHints":{"allow":["GET"]}}],"collection":[{"href":"https:\/\/cultivers.es\/de\/wp-json\/wp\/v2\/product"}],"about":[{"href":"https:\/\/cultivers.es\/de\/wp-json\/wp\/v2\/types\/product"}],"replies":[{"embeddable":true,"href":"https:\/\/cultivers.es\/de\/wp-json\/wp\/v2\/comments?post=38527"}],"wp:featuredmedia":[{"embeddable":true,"href":"https:\/\/cultivers.es\/de\/wp-json\/wp\/v2\/media\/45444"}],"wp:attachment":[{"href":"https:\/\/cultivers.es\/de\/wp-json\/wp\/v2\/media?parent=38527"}],"wp:term":[{"taxonomy":"product_brand","embeddable":true,"href":"https:\/\/cultivers.es\/de\/wp-json\/wp\/v2\/product_brand?post=38527"},{"taxonomy":"product_cat","embeddable":true,"href":"https:\/\/cultivers.es\/de\/wp-json\/wp\/v2\/product_cat?post=38527"},{"taxonomy":"product_tag","embeddable":true,"href":"https:\/\/cultivers.es\/de\/wp-json\/wp\/v2\/product_tag?post=38527"}],"curies":[{"name":"wp","href":"https:\/\/api.w.org\/{rel}","templated":true}]}}