{"id":38528,"date":"2024-04-28T14:48:24","date_gmt":"2024-04-28T14:48:24","guid":{"rendered":"https:\/\/cultivers.es\/abonos\/gruener-duenger-bio-serradela-saatgut\/"},"modified":"2025-09-22T04:48:02","modified_gmt":"2025-09-22T04:48:02","slug":"gruener-duenger-bio-serradela-saatgut","status":"publish","type":"product","link":"https:\/\/cultivers.es\/de\/d\u00fcngemittel\/gruener-duenger-bio-serradela-saatgut\/","title":{"rendered":"Gr\u00fcner D\u00fcnger Serradela Saatgut"},"content":{"rendered":"","protected":false},"excerpt":{"rendered":"<p>Unsere Bio-Serradella-Samen sind eine wertvolle Option, um die Fruchtbarkeit und Bodenstruktur in Ihrem Gem\u00fcsegarten auf nat\u00fcrliche und nachhaltige Weise zu verbessern. Serradella, auch bekannt als Serradella, ist eine H\u00fclsenfrucht mit spezifischen Eigenschaften, die sie zu einer ausgezeichneten Gr\u00fcnd\u00fcngung machen. Sie bietet eine Reihe von Vorteilen, die auf \u00f6kologische Weise zum Erfolg Ihrer Kulturen beitragen werden. <\/p>\n<ul>\n<li><strong>Gr\u00fcnd\u00fcngungseigenschaften:<\/strong> Serradella ist eine H\u00fclsenfrucht, die in der Lage ist, atmosph\u00e4rischen Stickstoff im Boden zu binden und ihn so auf nat\u00fcrliche Weise mit diesem f\u00fcr das Pflanzenwachstum wichtigen N\u00e4hrstoff anzureichern.<\/li>\n<li><strong>Verbesserte Bodenfruchtbarkeit:<\/strong> Durch die Einarbeitung von S\u00e4gepalmen als Gr\u00fcnd\u00fcngung verbessern Sie die Fruchtbarkeit und Verf\u00fcgbarkeit von N\u00e4hrstoffen im Boden, was der gesunden Entwicklung Ihrer Pflanzen zugute kommt.<\/li>\n<li><strong>Unkrautbek\u00e4mpfung:<\/strong> Das kr\u00e4ftige Wachstum von Serradella tr\u00e4gt dazu bei, die Unkrautkonkurrenz zu unterdr\u00fccken, indem es Platz und Ressourcen im Boden einnimmt und so den Bedarf an Herbiziden reduziert.<\/li>\n<li><strong>Bodenstruktur:<\/strong> Die tiefen Wurzeln der Serradella tragen zur Verbesserung der Bodenstruktur bei, indem sie die Durchl\u00fcftung und den Wasserr\u00fcckhalt verbessern, was dem Pflanzenwachstum zugute kommt.<\/li>\n<li><strong>Biologischer Anbau:<\/strong> Diese Serradella-Samen werden biologisch angebaut, ohne Verwendung von sch\u00e4dlichen Chemikalien, um eine nat\u00fcrliche und sichere Versorgung Ihres Gartens zu gew\u00e4hrleisten.<\/li>\n<\/ul>\n<p>Nutzen Sie die nat\u00fcrlichen Vorteile und die n\u00fctzliche Vielfalt, die Serradela als Gr\u00fcnd\u00fcngung in Ihrem Gem\u00fcsegarten bietet. Kultivieren Sie auf nachhaltige Weise einen fruchtbareren, ausgeglicheneren und ges\u00fcnderen Boden und tragen Sie zum Schutz der Umwelt bei, w\u00e4hrend Sie gleichzeitig die Produktivit\u00e4t und Qualit\u00e4t Ihrer Ernten verbessern. <\/p>\n","protected":false},"featured_media":50206,"comment_status":"open","ping_status":"closed","template":"","meta":{"_acf_changed":false},"product_brand":[],"product_cat":[419,1266],"product_tag":[1580],"class_list":{"0":"post-38528","1":"product","2":"type-product","3":"status-publish","4":"has-post-thumbnail","6":"product_cat-bio-saatgut","7":"product_cat-gruner-dunger-grune-deckpflanzen","8":"product_tag-oko","10":"first","11":"instock","12":"sale","13":"taxable","14":"shipping-taxable","15":"purchasable","16":"product-type-simple"},"acf":[],"_links":{"self":[{"href":"https:\/\/cultivers.es\/de\/wp-json\/wp\/v2\/product\/38528","targetHints":{"allow":["GET"]}}],"collection":[{"href":"https:\/\/cultivers.es\/de\/wp-json\/wp\/v2\/product"}],"about":[{"href":"https:\/\/cultivers.es\/de\/wp-json\/wp\/v2\/types\/product"}],"replies":[{"embeddable":true,"href":"https:\/\/cultivers.es\/de\/wp-json\/wp\/v2\/comments?post=38528"}],"wp:featuredmedia":[{"embeddable":true,"href":"https:\/\/cultivers.es\/de\/wp-json\/wp\/v2\/media\/50206"}],"wp:attachment":[{"href":"https:\/\/cultivers.es\/de\/wp-json\/wp\/v2\/media?parent=38528"}],"wp:term":[{"taxonomy":"product_brand","embeddable":true,"href":"https:\/\/cultivers.es\/de\/wp-json\/wp\/v2\/product_brand?post=38528"},{"taxonomy":"product_cat","embeddable":true,"href":"https:\/\/cultivers.es\/de\/wp-json\/wp\/v2\/product_cat?post=38528"},{"taxonomy":"product_tag","embeddable":true,"href":"https:\/\/cultivers.es\/de\/wp-json\/wp\/v2\/product_tag?post=38528"}],"curies":[{"name":"wp","href":"https:\/\/api.w.org\/{rel}","templated":true}]}}