{"id":38537,"date":"2024-04-28T14:48:39","date_gmt":"2024-04-28T14:48:39","guid":{"rendered":"https:\/\/cultivers.es\/abonos\/gruener-duenger-bio-persischer-klee-saatgut\/"},"modified":"2025-09-22T05:25:55","modified_gmt":"2025-09-22T05:25:55","slug":"gruener-duenger-bio-persischer-klee-saatgut","status":"publish","type":"product","link":"https:\/\/cultivers.es\/de\/d\u00fcngemittel\/gruener-duenger-bio-persischer-klee-saatgut\/","title":{"rendered":"Gr\u00fcnpflanzen-D\u00fcnger Persischer Klee Saatgut"},"content":{"rendered":"","protected":false},"excerpt":{"rendered":"<p>Unser Bio-Perserklee-Saatgut ist eine ausgezeichnete Wahl, um die Bodenqualit\u00e4t und -fruchtbarkeit in Ihrem Garten auf nat\u00fcrliche und nachhaltige Weise zu verbessern. Persischer Klee, der f\u00fcr seine Gr\u00fcnd\u00fcngungseigenschaften bekannt ist, bietet eine Reihe von spezifischen Vorteilen, die eine gesunde Pflanzenentwicklung und Bodengesundheit auf umweltfreundliche Weise f\u00f6rdern. <\/p>\n<ul>\n<li><strong>Gr\u00fcnd\u00fcngungseigenschaften:<\/strong> Persischer Klee ist eine Leguminose, die die einzigartige F\u00e4higkeit besitzt, atmosph\u00e4rischen Stickstoff im Boden zu fixieren und ihn so auf nat\u00fcrliche Weise mit diesem wichtigen N\u00e4hrstoff anzureichern.<\/li>\n<li><strong>Verbesserte Bodenstruktur:<\/strong> Wenn Sie persischen Klee als Gr\u00fcnd\u00fcngung anbauen, tragen Sie zu einer verbesserten Bodenstruktur, mehr organischer Substanz und n\u00fctzlicher mikrobieller Aktivit\u00e4t im Boden bei.<\/li>\n<li><strong>Unkrautbek\u00e4mpfung:<\/strong> Das kr\u00e4ftige Wachstum des Persischen Klees tr\u00e4gt dazu bei, das Wachstum von Unkraut zu unterdr\u00fccken, indem er um Bodenressourcen konkurriert, wodurch der Bedarf an chemischen Herbiziden reduziert wird.<\/li>\n<li><strong>Bodenschutz:<\/strong> Die Pflanzendecke des Persischen Klees hilft, den Boden vor Erosion durch Wind und Regen zu sch\u00fctzen und so die Bodenstruktur und die langfristige Bodengesundheit zu erhalten.<\/li>\n<li><strong>Biologischer Anbau:<\/strong> Diese persischen Kleesamen werden biologisch angebaut, ohne Verwendung von sch\u00e4dlichen Chemikalien, um eine nat\u00fcrliche und sichere Versorgung Ihres Gartens zu gew\u00e4hrleisten.<\/li>\n<\/ul>\n<p>Profitieren Sie von den nat\u00fcrlichen Vorteilen und der Vitalit\u00e4t, die der Persische Klee als Gr\u00fcnd\u00fcngung in Ihrem Gem\u00fcsegarten bietet. Kultivieren Sie auf nachhaltige Weise einen fruchtbareren, ausgeglicheneren und ges\u00fcnderen Boden und tragen Sie zum Schutz der Umwelt bei, w\u00e4hrend Sie die Produktivit\u00e4t Ihrer Pflanzen verbessern. <\/p>\n","protected":false},"featured_media":50200,"comment_status":"open","ping_status":"closed","template":"","meta":{"_acf_changed":false},"product_brand":[],"product_cat":[419,1266],"product_tag":[1580],"class_list":{"0":"post-38537","1":"product","2":"type-product","3":"status-publish","4":"has-post-thumbnail","6":"product_cat-bio-saatgut","7":"product_cat-gruner-dunger-grune-deckpflanzen","8":"product_tag-oko","10":"first","11":"instock","12":"taxable","13":"shipping-taxable","14":"purchasable","15":"product-type-simple"},"acf":[],"_links":{"self":[{"href":"https:\/\/cultivers.es\/de\/wp-json\/wp\/v2\/product\/38537","targetHints":{"allow":["GET"]}}],"collection":[{"href":"https:\/\/cultivers.es\/de\/wp-json\/wp\/v2\/product"}],"about":[{"href":"https:\/\/cultivers.es\/de\/wp-json\/wp\/v2\/types\/product"}],"replies":[{"embeddable":true,"href":"https:\/\/cultivers.es\/de\/wp-json\/wp\/v2\/comments?post=38537"}],"wp:featuredmedia":[{"embeddable":true,"href":"https:\/\/cultivers.es\/de\/wp-json\/wp\/v2\/media\/50200"}],"wp:attachment":[{"href":"https:\/\/cultivers.es\/de\/wp-json\/wp\/v2\/media?parent=38537"}],"wp:term":[{"taxonomy":"product_brand","embeddable":true,"href":"https:\/\/cultivers.es\/de\/wp-json\/wp\/v2\/product_brand?post=38537"},{"taxonomy":"product_cat","embeddable":true,"href":"https:\/\/cultivers.es\/de\/wp-json\/wp\/v2\/product_cat?post=38537"},{"taxonomy":"product_tag","embeddable":true,"href":"https:\/\/cultivers.es\/de\/wp-json\/wp\/v2\/product_tag?post=38537"}],"curies":[{"name":"wp","href":"https:\/\/api.w.org\/{rel}","templated":true}]}}