{"id":38538,"date":"2024-04-28T14:48:57","date_gmt":"2024-04-28T14:48:57","guid":{"rendered":"https:\/\/cultivers.es\/abonos\/gruener-duenger-bio-blaue-lupine-samen\/"},"modified":"2025-09-22T05:25:54","modified_gmt":"2025-09-22T05:25:54","slug":"gruener-duenger-bio-blaue-lupine-samen","status":"publish","type":"product","link":"https:\/\/cultivers.es\/de\/d\u00fcngemittel\/gruener-duenger-bio-blaue-lupine-samen\/","title":{"rendered":"Gr\u00fcner D\u00fcnger Blaue Lupine Saatgut"},"content":{"rendered":"","protected":false},"excerpt":{"rendered":"<p>Unsere Bio-Samen der Blauen Lupine sind eine ausgezeichnete Wahl, um die Bodenqualit\u00e4t und -fruchtbarkeit in Ihrem Garten auf nat\u00fcrliche und nachhaltige Weise zu verbessern. Die Blaue Lupine, eine robuste und n\u00fctzliche H\u00fclsenfrucht, bietet eine Reihe von spezifischen Vorteilen, die eine gesunde Entwicklung der Pflanzen und die Gesundheit des Bodens auf umweltfreundliche Weise unterst\u00fctzen. <\/p>\n<ul>\n<li><strong>Eigenschaften als gr\u00fcner D\u00fcnger:<\/strong> Die Blaue Lupine ist bekannt f\u00fcr ihre F\u00e4higkeit, atmosph\u00e4rischen Stickstoff im Boden zu fixieren und ihn so auf nat\u00fcrliche Weise mit diesem f\u00fcr das Pflanzenwachstum wichtigen N\u00e4hrstoff anzureichern.<\/li>\n<li><strong>Verbesserte Bodenstruktur:<\/strong> Wenn Sie Blaue Lupine als Gr\u00fcnd\u00fcngung anbauen, tragen Sie zu einer verbesserten Bodenstruktur, mehr organischer Substanz und n\u00fctzlicher mikrobieller Aktivit\u00e4t im Boden bei.<\/li>\n<li><strong>Unkrautbek\u00e4mpfung:<\/strong> Das kr\u00e4ftige Wachstum der Blauen Lupine tr\u00e4gt dazu bei, das Wachstum von Unkraut zu unterdr\u00fccken, indem es um Bodenressourcen konkurriert, wodurch der Bedarf an chemischen Herbiziden reduziert wird.<\/li>\n<li><strong>Bodenschutz:<\/strong> Die Pflanzendecke der Blauen Lupine tr\u00e4gt dazu bei, den Boden vor Erosion durch Wind und Regen zu sch\u00fctzen und so die Bodenstruktur und die langfristige Gesundheit des Bodens zu erhalten.<\/li>\n<li><strong>Biologischer Anbau:<\/strong> Diese blauen Lupinensamen werden biologisch angebaut, ohne Verwendung von sch\u00e4dlichen Chemikalien, um eine nat\u00fcrliche und sichere Versorgung Ihres Gartens zu gew\u00e4hrleisten.<\/li>\n<\/ul>\n<p>Nutzen Sie die nat\u00fcrlichen Vorteile und die Widerstandsf\u00e4higkeit, die die Blaue Lupine als Gr\u00fcnd\u00fcngung in Ihrem Gem\u00fcsegarten bietet. Kultivieren Sie auf nachhaltige Weise einen fruchtbareren, ausgeglicheneren und ges\u00fcnderen Boden und tragen Sie zum Schutz der Umwelt bei, w\u00e4hrend Sie die Produktivit\u00e4t Ihrer Pflanzen verbessern. <\/p>\n","protected":false},"featured_media":39186,"comment_status":"open","ping_status":"closed","template":"","meta":{"_acf_changed":false},"product_brand":[],"product_cat":[419,1266],"product_tag":[1580],"woo-feed-brand":[],"class_list":{"0":"post-38538","1":"product","2":"type-product","3":"status-publish","4":"has-post-thumbnail","6":"product_cat-bio-saatgut","7":"product_cat-gruner-dunger-grune-deckpflanzen","8":"product_tag-oko","10":"first","11":"outofstock","12":"taxable","13":"shipping-taxable","14":"purchasable","15":"product-type-simple"},"acf":[],"_links":{"self":[{"href":"https:\/\/cultivers.es\/de\/wp-json\/wp\/v2\/product\/38538","targetHints":{"allow":["GET"]}}],"collection":[{"href":"https:\/\/cultivers.es\/de\/wp-json\/wp\/v2\/product"}],"about":[{"href":"https:\/\/cultivers.es\/de\/wp-json\/wp\/v2\/types\/product"}],"replies":[{"embeddable":true,"href":"https:\/\/cultivers.es\/de\/wp-json\/wp\/v2\/comments?post=38538"}],"wp:featuredmedia":[{"embeddable":true,"href":"https:\/\/cultivers.es\/de\/wp-json\/wp\/v2\/media\/39186"}],"wp:attachment":[{"href":"https:\/\/cultivers.es\/de\/wp-json\/wp\/v2\/media?parent=38538"}],"wp:term":[{"taxonomy":"product_brand","embeddable":true,"href":"https:\/\/cultivers.es\/de\/wp-json\/wp\/v2\/product_brand?post=38538"},{"taxonomy":"product_cat","embeddable":true,"href":"https:\/\/cultivers.es\/de\/wp-json\/wp\/v2\/product_cat?post=38538"},{"taxonomy":"product_tag","embeddable":true,"href":"https:\/\/cultivers.es\/de\/wp-json\/wp\/v2\/product_tag?post=38538"},{"taxonomy":"woo-feed-brand","embeddable":true,"href":"https:\/\/cultivers.es\/de\/wp-json\/wp\/v2\/woo-feed-brand?post=38538"}],"curies":[{"name":"wp","href":"https:\/\/api.w.org\/{rel}","templated":true}]}}