{"id":38550,"date":"2024-07-16T13:55:34","date_gmt":"2024-07-16T13:55:34","guid":{"rendered":"https:\/\/cultivers.es\/abonos\/universal-duenger-fuer-innenraeume-und-balkone\/"},"modified":"2025-09-22T05:44:10","modified_gmt":"2025-09-22T05:44:10","slug":"universal-duenger-fuer-innenraeume-und-balkone","status":"publish","type":"product","link":"https:\/\/cultivers.es\/de\/d\u00fcngemittel\/universal-duenger-fuer-innenraeume-und-balkone\/","title":{"rendered":"Universal-D\u00fcnger f\u00fcr Innenr\u00e4ume und Balkone"},"content":{"rendered":"<p>Dieser universelle Fl\u00fcssigd\u00fcnger ist die ideale L\u00f6sung f\u00fcr die Pflege Ihrer Zimmer- und Balkonpflanzen. Die Anwendung ist einfach: Sch\u00fctteln Sie die Flasche, dr\u00fccken Sie den Spender 4 Mal (10 ml), verd\u00fcnnen Sie ihn in 1 Liter Wasser und gie\u00dfen Sie alle 15 Tage. Seine ausgewogene NPK 4-1-7 Formel liefert wichtige Makron\u00e4hrstoffe (Stickstoff, Phosphor, Kalium) und Mikron\u00e4hrstoffe wie Bor, Eisen, Mangan, Molybd\u00e4n und Zink und sorgt so f\u00fcr kr\u00e4ftiges Wachstum und gesunde Fr\u00fcchte.  <\/p>\n<p>Dar\u00fcber hinaus enth\u00e4lt dieser D\u00fcnger Aminos\u00e4uren, die die N\u00e4hrstoffaufnahme verbessern und als Biostimulanzien wirken, die die Erholung der Pflanzen in Stresssituationen erleichtern. Er ist zu 100% nat\u00fcrlich und umweltfreundlich und v\u00f6llig unsch\u00e4dlich f\u00fcr Tiere, was ihn zu einer sicheren und effektiven Option macht, um Ihre Pflanzen das ganze Jahr \u00fcber gesund und kr\u00e4ftig zu halten. Perfekt f\u00fcr jede Art von Zimmerpflanze oder Balkon.  <\/p>\n","protected":false},"excerpt":{"rendered":"<ul>\n<li><strong>Universeller und \u00f6kologischer D\u00fcnger:<\/strong> \u00d6kologischer D\u00fcnger f\u00fcr Innen- und Au\u00dfenpflanzen. 100% nat\u00fcrlich, umweltfreundlich und sicher f\u00fcr Tiere. <\/li>\n<li><strong>Einfache Anwendung:<\/strong> Sch\u00fctteln Sie einfach die Flasche, dr\u00fccken Sie den Spender 4 Mal zusammen (10 ml), verd\u00fcnnen Sie es in 1 Liter Wasser und gie\u00dfen Sie Ihre Pflanzen alle 15 Tage.<\/li>\n<li><strong>Optimale Entwicklung und Erholung:<\/strong> Dieser D\u00fcnger f\u00f6rdert das Pflanzenwachstum auch in Stresssituationen und unterst\u00fctzt eine schnelle Erholung.<\/li>\n<li><strong>Vollst\u00e4ndige und ausgewogene Ern\u00e4hrung:<\/strong> Mit einer 4-1-7 NPK-L\u00f6sung liefert es wichtige Makron\u00e4hrstoffe (Stickstoff, Phosphor, Kalium) und Mikron\u00e4hrstoffe wie Bor, Eisen, Mangan, Molybd\u00e4n und Zink.<\/li>\n<li><strong>Verbessert die Assimilation von N\u00e4hrstoffen:<\/strong> Enth\u00e4lt Aminos\u00e4uren, die die N\u00e4hrstoffaufnahme f\u00f6rdern und als nat\u00fcrliches Biostimulans wirken.<\/li>\n<\/ul>\n","protected":false},"featured_media":27667,"comment_status":"open","ping_status":"closed","template":"","meta":{"_acf_changed":false},"product_brand":[],"product_cat":[1282],"product_tag":[],"class_list":{"0":"post-38550","1":"product","2":"type-product","3":"status-publish","4":"has-post-thumbnail","6":"product_cat-zimmerpflanzen-und-balkon","8":"first","9":"instock","10":"taxable","11":"shipping-taxable","12":"purchasable","13":"product-type-variable"},"acf":[],"_links":{"self":[{"href":"https:\/\/cultivers.es\/de\/wp-json\/wp\/v2\/product\/38550","targetHints":{"allow":["GET"]}}],"collection":[{"href":"https:\/\/cultivers.es\/de\/wp-json\/wp\/v2\/product"}],"about":[{"href":"https:\/\/cultivers.es\/de\/wp-json\/wp\/v2\/types\/product"}],"replies":[{"embeddable":true,"href":"https:\/\/cultivers.es\/de\/wp-json\/wp\/v2\/comments?post=38550"}],"wp:featuredmedia":[{"embeddable":true,"href":"https:\/\/cultivers.es\/de\/wp-json\/wp\/v2\/media\/27667"}],"wp:attachment":[{"href":"https:\/\/cultivers.es\/de\/wp-json\/wp\/v2\/media?parent=38550"}],"wp:term":[{"taxonomy":"product_brand","embeddable":true,"href":"https:\/\/cultivers.es\/de\/wp-json\/wp\/v2\/product_brand?post=38550"},{"taxonomy":"product_cat","embeddable":true,"href":"https:\/\/cultivers.es\/de\/wp-json\/wp\/v2\/product_cat?post=38550"},{"taxonomy":"product_tag","embeddable":true,"href":"https:\/\/cultivers.es\/de\/wp-json\/wp\/v2\/product_tag?post=38550"}],"curies":[{"name":"wp","href":"https:\/\/api.w.org\/{rel}","templated":true}]}}