{"id":38551,"date":"2024-06-24T10:25:02","date_gmt":"2024-06-24T10:25:02","guid":{"rendered":"https:\/\/cultivers.es\/abonos\/fluessiges-eisen-fuer-pflanzen\/"},"modified":"2025-09-22T05:43:59","modified_gmt":"2025-09-22T05:43:59","slug":"fluessiges-eisen-fuer-pflanzen","status":"publish","type":"product","link":"https:\/\/cultivers.es\/de\/d\u00fcngemittel\/fluessiges-eisen-fuer-pflanzen\/","title":{"rendered":"Fl\u00fcssiges Eisen f\u00fcr Pflanzen"},"content":{"rendered":"","protected":false},"excerpt":{"rendered":"<ul class=\"a-unordered-list a-vertical a-spacing-mini\">\n<li class=\"a-spacing-mini\"><span class=\"a-list-item\">\ud83c\udf31 Revitalisieren Sie Ihre Pflanzen mit CULTIVERS Fl\u00fcssigeisen: Dieser hochwertige D\u00fcnger verhindert und korrigiert die Blattvergilbung und sorgt f\u00fcr sichtbares Gr\u00fcn und gesundes Wachstum bei Zierpflanzen, Gem\u00fcse und Obstb\u00e4umen.<\/span><\/li>\n<li class=\"a-spacing-mini\"><span class=\"a-list-item\">\ud83d\udca7 Schnelle Absorptionsformel: CULTIVERS Liquid Iron wird sofort assimiliert und liefert das f\u00fcr die Chlorophyllsynthese und lebenswichtige Funktionen notwendige Eisen. Ideal f\u00fcr die Anwendung im Boden oder auf dem Blatt, um gr\u00fcne und kr\u00e4ftige Pflanzen zu gew\u00e4hrleisten. <\/span><\/li>\n<li class=\"a-spacing-mini\"><span class=\"a-list-item\">CULTIVERS Fl\u00fcssiges Eisen ist eine umweltfreundliche Option, perfekt f\u00fcr Landwirte und G\u00e4rtner, die nach nachhaltigen Methoden suchen. Halten Sie Ihre Pflanzen gesund, ohne das \u00d6kosystem zu sch\u00e4digen. <\/span><\/li>\n<li class=\"a-spacing-mini\"><span class=\"a-list-item\">Gesteigerte Produktivit\u00e4t und allgemeine Gesundheit: Durch die Korrektur von Eisenmangel f\u00f6rdert CULTIVERS Liquid Iron die Entwicklung gr\u00f6\u00dferer und qualitativ besserer Fr\u00fcchte, erh\u00f6ht den Ertrag Ihrer Kulturen und verbessert die Widerstandsf\u00e4higkeit der Pflanzen.<\/span><\/li>\n<li class=\"a-spacing-mini\"><span class=\"a-list-item\">\ud83c\udf3b Vielseitigkeit in der Anwendung: CULTIVERS Liquid Iron ist f\u00fcr alle Arten von Pflanzen geeignet, von Zierpflanzen bis hin zu Obstb\u00e4umen und Gem\u00fcse. Tragen Sie es direkt auf den Boden auf oder spr\u00fchen Sie es \u00fcber die Bl\u00e4tter, um die N\u00e4hrstoffe effizient zu verteilen. <\/span><\/li>\n<\/ul>\n","protected":false},"featured_media":26222,"comment_status":"open","ping_status":"closed","template":"","meta":{"_acf_changed":false},"product_brand":[],"product_cat":[585],"product_tag":[],"woo-feed-brand":[],"class_list":{"0":"post-38551","1":"product","2":"type-product","3":"status-publish","4":"has-post-thumbnail","6":"product_cat-defizit-korrektoren","8":"first","9":"instock","10":"taxable","11":"shipping-taxable","12":"purchasable","13":"product-type-variable"},"acf":[],"_links":{"self":[{"href":"https:\/\/cultivers.es\/de\/wp-json\/wp\/v2\/product\/38551","targetHints":{"allow":["GET"]}}],"collection":[{"href":"https:\/\/cultivers.es\/de\/wp-json\/wp\/v2\/product"}],"about":[{"href":"https:\/\/cultivers.es\/de\/wp-json\/wp\/v2\/types\/product"}],"replies":[{"embeddable":true,"href":"https:\/\/cultivers.es\/de\/wp-json\/wp\/v2\/comments?post=38551"}],"wp:featuredmedia":[{"embeddable":true,"href":"https:\/\/cultivers.es\/de\/wp-json\/wp\/v2\/media\/26222"}],"wp:attachment":[{"href":"https:\/\/cultivers.es\/de\/wp-json\/wp\/v2\/media?parent=38551"}],"wp:term":[{"taxonomy":"product_brand","embeddable":true,"href":"https:\/\/cultivers.es\/de\/wp-json\/wp\/v2\/product_brand?post=38551"},{"taxonomy":"product_cat","embeddable":true,"href":"https:\/\/cultivers.es\/de\/wp-json\/wp\/v2\/product_cat?post=38551"},{"taxonomy":"product_tag","embeddable":true,"href":"https:\/\/cultivers.es\/de\/wp-json\/wp\/v2\/product_tag?post=38551"},{"taxonomy":"woo-feed-brand","embeddable":true,"href":"https:\/\/cultivers.es\/de\/wp-json\/wp\/v2\/woo-feed-brand?post=38551"}],"curies":[{"name":"wp","href":"https:\/\/api.w.org\/{rel}","templated":true}]}}