{"id":38583,"date":"2024-07-16T14:03:40","date_gmt":"2024-07-16T14:03:40","guid":{"rendered":"https:\/\/cultivers.es\/abonos\/urban-garden-duenger\/"},"modified":"2025-09-22T05:44:35","modified_gmt":"2025-09-22T05:44:35","slug":"urban-garden-duenger","status":"publish","type":"product","link":"https:\/\/cultivers.es\/de\/d\u00fcngemittel\/urban-garden-duenger\/","title":{"rendered":"Urban Garden D\u00fcnger"},"content":{"rendered":"","protected":false},"excerpt":{"rendered":"<ul>\n<li><strong>Einfache Anwendung:<\/strong> Unser organischer D\u00fcnger f\u00fcr urbane G\u00e4rten ist einfach in der Anwendung. Tragen Sie ihn einfach wie angegeben auf und beobachten Sie, wie Ihre Pflanzen gedeihen. <\/li>\n<li><strong>Ges\u00fcnderer Boden:<\/strong> Verbessert die Bodenqualit\u00e4t in Ihrem st\u00e4dtischen Garten. Es erh\u00f6ht die mikrobielle Aktivit\u00e4t und erleichtert die Verf\u00fcgbarkeit von N\u00e4hrstoffen, was dem Wachstum Ihrer Pflanzen zugute kommt. <\/li>\n<li><strong>Reich an organischen Stoffen:<\/strong> Mit 50% organischen Stoffen pflanzlichen Ursprungs bereichert dieser D\u00fcnger den Boden. Die physikalischen und chemischen Bedingungen werden verbessert, was die Entwicklung Ihrer Pflanzen beg\u00fcnstigt. <\/li>\n<li><strong>Aminos\u00e4uren f\u00fcr den gesamten Zyklus:<\/strong> Die freien Aminos\u00e4uren pflanzlichen Ursprungs in unserem D\u00fcnger sind ideal f\u00fcr die Anreicherung des Bodens in allen Phasen des Anbaus. Von der Aussaat bis zur Ernte werden Ihre Pflanzen davon profitieren. <\/li>\n<li><strong>Sicher und umweltfreundlich:<\/strong> Unser Produkt ist 100% nat\u00fcrlich und stellt kein Risiko f\u00fcr Tiere oder Pflanzen dar. Halten Sie Ihren st\u00e4dtischen Garten mit Vertrauen gesund und nachhaltig. \ud83c\udf31\ud83c\udf3f  <\/li>\n<\/ul>\n","protected":false},"featured_media":27691,"comment_status":"open","ping_status":"closed","template":"","meta":{"_acf_changed":false},"product_brand":[],"product_cat":[1282],"product_tag":[],"class_list":{"0":"post-38583","1":"product","2":"type-product","3":"status-publish","4":"has-post-thumbnail","6":"product_cat-zimmerpflanzen-und-balkon","8":"first","9":"instock","10":"taxable","11":"shipping-taxable","12":"purchasable","13":"product-type-variable"},"acf":[],"_links":{"self":[{"href":"https:\/\/cultivers.es\/de\/wp-json\/wp\/v2\/product\/38583","targetHints":{"allow":["GET"]}}],"collection":[{"href":"https:\/\/cultivers.es\/de\/wp-json\/wp\/v2\/product"}],"about":[{"href":"https:\/\/cultivers.es\/de\/wp-json\/wp\/v2\/types\/product"}],"replies":[{"embeddable":true,"href":"https:\/\/cultivers.es\/de\/wp-json\/wp\/v2\/comments?post=38583"}],"wp:featuredmedia":[{"embeddable":true,"href":"https:\/\/cultivers.es\/de\/wp-json\/wp\/v2\/media\/27691"}],"wp:attachment":[{"href":"https:\/\/cultivers.es\/de\/wp-json\/wp\/v2\/media?parent=38583"}],"wp:term":[{"taxonomy":"product_brand","embeddable":true,"href":"https:\/\/cultivers.es\/de\/wp-json\/wp\/v2\/product_brand?post=38583"},{"taxonomy":"product_cat","embeddable":true,"href":"https:\/\/cultivers.es\/de\/wp-json\/wp\/v2\/product_cat?post=38583"},{"taxonomy":"product_tag","embeddable":true,"href":"https:\/\/cultivers.es\/de\/wp-json\/wp\/v2\/product_tag?post=38583"}],"curies":[{"name":"wp","href":"https:\/\/api.w.org\/{rel}","templated":true}]}}