{"id":38618,"date":"2024-08-14T06:23:05","date_gmt":"2024-08-14T06:23:05","guid":{"rendered":"https:\/\/cultivers.es\/abonos\/blumenexplosion-saatgutbombe\/"},"modified":"2025-09-22T05:45:13","modified_gmt":"2025-09-22T05:45:13","slug":"blumenexplosion-saatgutbombe","status":"publish","type":"product","link":"https:\/\/cultivers.es\/de\/d\u00fcngemittel\/blumenexplosion-saatgutbombe\/","title":{"rendered":"Blumenexplosion Saatgutbombe"},"content":{"rendered":"","protected":false},"excerpt":{"rendered":"<p>Saatkugeln bringen auf spielerische Art und Weise Farbe und Vielfalt in jede Ecke Ihres Gartens oder Balkons. Halten Sie sie feucht, bis sie keimen, und wenn das Wetter es zul\u00e4sst, werden in ein paar Wochen bunte \u00dcberraschungen an den Orten Ihrer Wahl erscheinen. Die kleinen Bl\u00fctenb\u00fcschel sind eine Augenweide und werden auch von Bienen und Schmetterlingen sehr gesch\u00e4tzt.  <\/p>\n<p><strong>Sorten, die diese Pumpen enthalten:<\/strong> <strong>Antirrhinum majus, Calendula officinalis, Centaura cyanus, Cosmos sulphereus, Linum usitatissimum, Nigella damascena, Vaccaria hispanica, Lupinus angustifolius, Lupinus luteus, Eschscholzia californica, Callistephus chinensis.<\/strong><\/p>\n<ul>\n<li>6 Saatkugeln, \u00d8 2,5 cm, organisches Substrat, Lehmpulver, organische Samen.<\/li>\n<li>Zierblumen: Abwechslungsreiche Mischung, die den ganzen Sommer \u00fcber bl\u00fcht.<\/li>\n<li>Enth\u00e4lt unter anderem: Kornblume, Kosmos und Mohn.<\/li>\n<li>H\u00f6he der Pflanze: 60-100 cm.<\/li>\n<li>Aussaat: Fr\u00fches Fr\u00fchjahr (Januar - Mai).<\/li>\n<li>Dr\u00fccken Sie den Wurzelballen leicht in die vorbereitete Erde. Die Samen brauchen Licht und Feuchtigkeit, um zu keimen. <\/li>\n<\/ul>\n","protected":false},"featured_media":31153,"comment_status":"open","ping_status":"closed","template":"","meta":{"_acf_changed":false},"product_brand":[],"product_cat":[419,1308,1300],"product_tag":[1580],"woo-feed-brand":[],"class_list":{"0":"post-38618","1":"product","2":"type-product","3":"status-publish","4":"has-post-thumbnail","6":"product_cat-bio-saatgut","7":"product_cat-empfehlen-sie-samen","8":"product_cat-samenbomben","9":"product_tag-oko","11":"first","12":"instock","13":"taxable","14":"shipping-taxable","15":"purchasable","16":"product-type-simple"},"acf":[],"_links":{"self":[{"href":"https:\/\/cultivers.es\/de\/wp-json\/wp\/v2\/product\/38618","targetHints":{"allow":["GET"]}}],"collection":[{"href":"https:\/\/cultivers.es\/de\/wp-json\/wp\/v2\/product"}],"about":[{"href":"https:\/\/cultivers.es\/de\/wp-json\/wp\/v2\/types\/product"}],"replies":[{"embeddable":true,"href":"https:\/\/cultivers.es\/de\/wp-json\/wp\/v2\/comments?post=38618"}],"wp:featuredmedia":[{"embeddable":true,"href":"https:\/\/cultivers.es\/de\/wp-json\/wp\/v2\/media\/31153"}],"wp:attachment":[{"href":"https:\/\/cultivers.es\/de\/wp-json\/wp\/v2\/media?parent=38618"}],"wp:term":[{"taxonomy":"product_brand","embeddable":true,"href":"https:\/\/cultivers.es\/de\/wp-json\/wp\/v2\/product_brand?post=38618"},{"taxonomy":"product_cat","embeddable":true,"href":"https:\/\/cultivers.es\/de\/wp-json\/wp\/v2\/product_cat?post=38618"},{"taxonomy":"product_tag","embeddable":true,"href":"https:\/\/cultivers.es\/de\/wp-json\/wp\/v2\/product_tag?post=38618"},{"taxonomy":"woo-feed-brand","embeddable":true,"href":"https:\/\/cultivers.es\/de\/wp-json\/wp\/v2\/woo-feed-brand?post=38618"}],"curies":[{"name":"wp","href":"https:\/\/api.w.org\/{rel}","templated":true}]}}