{"id":38627,"date":"2024-08-14T07:27:43","date_gmt":"2024-08-14T07:27:43","guid":{"rendered":"https:\/\/cultivers.es\/abonos\/saatgutbombe-mutterblume\/"},"modified":"2025-09-22T05:45:07","modified_gmt":"2025-09-22T05:45:07","slug":"saatgutbombe-mutterblume","status":"publish","type":"product","link":"https:\/\/cultivers.es\/de\/d\u00fcngemittel\/saatgutbombe-mutterblume\/","title":{"rendered":"Saatgutbombe Mutterblume"},"content":{"rendered":"","protected":false},"excerpt":{"rendered":"<p>Die Samenbombe <strong>&#8222;Mutter ist Blume&#8220;<\/strong> ist eine Feier des Lebens und der Sch\u00f6nheit der Natur. Diese Mischung wurde speziell entwickelt, um die Fruchtbarkeit und den Reichtum der Erde zu ehren und eine Umgebung voller Farben und Artenvielfalt zu schaffen. Sie enth\u00e4lt eine Auswahl an biologischem Saatgut, das sich in einen vielfarbigen und strukturierten Blumengarten verwandelt, der perfekt ist, um Best\u00e4uber wie Bienen und Schmetterlinge anzulocken.  <\/p>\n<p>Diese Saatgutbombe ist ideal f\u00fcr G\u00e4rten, urbane G\u00e4rten oder sogar gro\u00dfe T\u00f6pfe. Sie ist einfach zu benutzen: lassen Sie sie auf den Boden fallen, gie\u00dfen Sie ein wenig und lassen Sie die Magie geschehen. <strong>&#8222;Mother is Flower&#8220;<\/strong> soll nicht nur R\u00e4ume versch\u00f6nern, sondern auch zum \u00f6kologischen Gleichgewicht und zur Erhaltung einheimischer Blumenarten beitragen.<\/p>\n<p><strong>Sorten, die diese Pumpen enthalten:<\/strong> <strong>Antirrhinum majus, Calendula officinalis, Centaura cyanus, Cosmos sulphereus, Linum usitatissimum, Nigella damascena, Vaccaria hispanica, Lupinus angustifolius, Lupinus luteus, Eschscholzia californica, Callistephus chinensis.<\/strong><\/p>\n<ul>\n<li>6 Saatkugeln, \u00d8 2,5 cm, organisches Substrat, Lehmpulver, organische Samen.<\/li>\n<li>Zierblumen: Abwechslungsreiche Mischung, die den ganzen Sommer \u00fcber bl\u00fcht.<\/li>\n<li>Enth\u00e4lt unter anderem: Kornblume, Kosmos und Mohn.<\/li>\n<li>H\u00f6he der Pflanze: 60-100 cm.<\/li>\n<li>Aussaat: Fr\u00fches Fr\u00fchjahr (Januar - Mai).<\/li>\n<li>Dr\u00fccken Sie den Wurzelballen leicht in die vorbereitete Erde. Die Samen brauchen Licht und Feuchtigkeit, um zu keimen. <\/li>\n<\/ul>\n<p>Nutzen Sie diese Gelegenheit, um sich auf einfache und sinnvolle Weise mit der Natur zu verbinden - gestalten Sie Ihre Ecke des Lebens und der Farbe mit <strong>&#8222;Mutter ist Blume&#8220;<\/strong>! <\/p>\n","protected":false},"featured_media":31378,"comment_status":"open","ping_status":"closed","template":"","meta":{"_acf_changed":false},"product_brand":[],"product_cat":[419,1300],"product_tag":[1580],"class_list":{"0":"post-38627","1":"product","2":"type-product","3":"status-publish","4":"has-post-thumbnail","6":"product_cat-bio-saatgut","7":"product_cat-samenbomben","8":"product_tag-oko","10":"first","11":"instock","12":"sale","13":"taxable","14":"shipping-taxable","15":"purchasable","16":"product-type-simple"},"acf":[],"_links":{"self":[{"href":"https:\/\/cultivers.es\/de\/wp-json\/wp\/v2\/product\/38627","targetHints":{"allow":["GET"]}}],"collection":[{"href":"https:\/\/cultivers.es\/de\/wp-json\/wp\/v2\/product"}],"about":[{"href":"https:\/\/cultivers.es\/de\/wp-json\/wp\/v2\/types\/product"}],"replies":[{"embeddable":true,"href":"https:\/\/cultivers.es\/de\/wp-json\/wp\/v2\/comments?post=38627"}],"wp:featuredmedia":[{"embeddable":true,"href":"https:\/\/cultivers.es\/de\/wp-json\/wp\/v2\/media\/31378"}],"wp:attachment":[{"href":"https:\/\/cultivers.es\/de\/wp-json\/wp\/v2\/media?parent=38627"}],"wp:term":[{"taxonomy":"product_brand","embeddable":true,"href":"https:\/\/cultivers.es\/de\/wp-json\/wp\/v2\/product_brand?post=38627"},{"taxonomy":"product_cat","embeddable":true,"href":"https:\/\/cultivers.es\/de\/wp-json\/wp\/v2\/product_cat?post=38627"},{"taxonomy":"product_tag","embeddable":true,"href":"https:\/\/cultivers.es\/de\/wp-json\/wp\/v2\/product_tag?post=38627"}],"curies":[{"name":"wp","href":"https:\/\/api.w.org\/{rel}","templated":true}]}}