{"id":38628,"date":"2024-08-14T07:29:10","date_gmt":"2024-08-14T07:29:10","guid":{"rendered":"https:\/\/cultivers.es\/abonos\/sommerblumen-samenbombe\/"},"modified":"2025-09-22T05:45:25","modified_gmt":"2025-09-22T05:45:25","slug":"sommerblumen-samenbombe","status":"publish","type":"product","link":"https:\/\/cultivers.es\/de\/d\u00fcngemittel\/sommerblumen-samenbombe\/","title":{"rendered":"Sommerblumen Samenbombe"},"content":{"rendered":"","protected":false},"excerpt":{"rendered":"<p>Eine pr\u00e4chtige Mischung aus mehreren mittelgro\u00dfen Bl\u00fcten, die ein Feld mit vielfarbigen, lang anhaltenden Bl\u00fcten bilden.<\/p>\n<p><strong>Sorten, die diese Bomben enthalten:<\/strong> <strong>Antirrhinum majus, Centaura cyanus, Cosmos sulphereus, Linum usitatissimum, Vaccaria hispanica, Lupinus angustifolius, Lupinus luteus<\/strong><\/p>\n<ul>\n<li>6 Saatkugeln, \u00d8 2,5 cm, organisches Substrat, Lehmpulver, organische Samen.<\/li>\n<li>Zierblumen: Abwechslungsreiche Mischung, die den ganzen Sommer \u00fcber bl\u00fcht.<\/li>\n<li>Enth\u00e4lt u.a.: Kornblume, Lupinen, Aprikosen.<\/li>\n<li>H\u00f6he der Pflanze: 40-100 cm. Aussaat: Fr\u00fches Fr\u00fchjahr (Januar - Mai).<\/li>\n<li>Dr\u00fccken Sie den Wurzelballen leicht in die vorbereitete Erde.<\/li>\n<li>Samen brauchen Licht und Feuchtigkeit, um zu keimen.<\/li>\n<\/ul>\n<p>&nbsp;<\/p>\n<p>&nbsp;<\/p>\n","protected":false},"featured_media":31335,"comment_status":"open","ping_status":"closed","template":"","meta":{"_acf_changed":false},"product_brand":[],"product_cat":[419,1300],"product_tag":[1580],"class_list":{"0":"post-38628","1":"product","2":"type-product","3":"status-publish","4":"has-post-thumbnail","6":"product_cat-bio-saatgut","7":"product_cat-samenbomben","8":"product_tag-oko","10":"first","11":"instock","12":"sale","13":"taxable","14":"shipping-taxable","15":"purchasable","16":"product-type-simple"},"acf":[],"_links":{"self":[{"href":"https:\/\/cultivers.es\/de\/wp-json\/wp\/v2\/product\/38628","targetHints":{"allow":["GET"]}}],"collection":[{"href":"https:\/\/cultivers.es\/de\/wp-json\/wp\/v2\/product"}],"about":[{"href":"https:\/\/cultivers.es\/de\/wp-json\/wp\/v2\/types\/product"}],"replies":[{"embeddable":true,"href":"https:\/\/cultivers.es\/de\/wp-json\/wp\/v2\/comments?post=38628"}],"wp:featuredmedia":[{"embeddable":true,"href":"https:\/\/cultivers.es\/de\/wp-json\/wp\/v2\/media\/31335"}],"wp:attachment":[{"href":"https:\/\/cultivers.es\/de\/wp-json\/wp\/v2\/media?parent=38628"}],"wp:term":[{"taxonomy":"product_brand","embeddable":true,"href":"https:\/\/cultivers.es\/de\/wp-json\/wp\/v2\/product_brand?post=38628"},{"taxonomy":"product_cat","embeddable":true,"href":"https:\/\/cultivers.es\/de\/wp-json\/wp\/v2\/product_cat?post=38628"},{"taxonomy":"product_tag","embeddable":true,"href":"https:\/\/cultivers.es\/de\/wp-json\/wp\/v2\/product_tag?post=38628"}],"curies":[{"name":"wp","href":"https:\/\/api.w.org\/{rel}","templated":true}]}}