{"id":38648,"date":"2024-08-16T11:56:22","date_gmt":"2024-08-16T11:56:22","guid":{"rendered":"https:\/\/cultivers.es\/abonos\/karottensamenstreifen-rodelika\/"},"modified":"2026-02-17T18:40:12","modified_gmt":"2026-02-17T18:40:12","slug":"karottensamenstreifen-rodelika","status":"publish","type":"product","link":"https:\/\/cultivers.es\/de\/d\u00fcngemittel\/karottensamenstreifen-rodelika\/","title":{"rendered":"Karottensamenstreifen Rodelika"},"content":{"rendered":"","protected":false},"excerpt":{"rendered":"<p>Machen Sie sich den Anbau in Ihrem Garten leicht mit unseren Rodelika Karottensamenstreifen, einer Sorte, die f\u00fcr ihren s\u00fc\u00dfen Geschmack und ihre knackige Textur bekannt ist. Diese 5 Meter langen Streifen aus biologisch abbaubarem Papier bieten eine einfache und umweltfreundliche M\u00f6glichkeit, Ihre M\u00f6hren ohne gro\u00dfen Aufwand anzubauen. <\/p>\n<ul>\n<li><strong>Einfache Aussaat:<\/strong> Vergessen Sie die l\u00e4stige Verteilung der Samen von Hand. Mit diesen Saatstreifen verteilen Sie den Streifen einfach auf dem Boden, bedecken ihn leicht mit Erde und gie\u00dfen ihn - so einfach ist das!  <\/li>\n<li><strong>Optimale Keimung:<\/strong> Die Samen werden gleichm\u00e4\u00dfig auf dem Streifen verteilt. Das garantiert eine gleichm\u00e4\u00dfige Keimung und eine bessere Verteilung der Pflanzen, wodurch der Platz in Ihrem Garten optimal genutzt wird.<\/li>\n<li><strong>Biologisch abbaubares Papier:<\/strong> Die Streifen bestehen aus biologisch abbaubarem Papier, was bedeutet, dass sie sich auf nat\u00fcrliche Weise im Boden zersetzen, keine umweltsch\u00e4dlichen R\u00fcckst\u00e4nde hinterlassen und zum Schutz der Umwelt beitragen.<\/li>\n<li><strong>Sorte Rodelika:<\/strong> Die Rodelika-M\u00f6hre ist bekannt f\u00fcr ihre intensive Farbe, ihren s\u00fc\u00dfen Geschmack und ihren hohen N\u00e4hrstoffgehalt, was sie zu einer gesunden und k\u00f6stlichen Wahl f\u00fcr Ihren Garten macht.<\/li>\n<li><strong>Biologischer Anbau:<\/strong> Diese Saatgutstreifen werden biologisch angebaut, ohne Verwendung von Chemikalien, um ein nat\u00fcrliches und gesundes Wachstum Ihrer M\u00f6hren zu gew\u00e4hrleisten.<\/li>\n<\/ul>\n<p>Vereinfachen Sie den Anbau von M\u00f6hren in Ihrem Gem\u00fcsegarten mit unseren Rodelika M\u00f6hrensaatgut-Streifen. Sorgen Sie mit minimalem Aufwand f\u00fcr eine gleichm\u00e4\u00dfige, gesunde und schmackhafte Ernte und schonen Sie gleichzeitig die Umwelt mit dieser praktischen und nachhaltigen L\u00f6sung. <\/p>\n<p>&nbsp;<\/p>\n","protected":false},"featured_media":31484,"comment_status":"open","ping_status":"closed","template":"","meta":{"_acf_changed":false},"product_brand":[],"product_cat":[419,1313],"product_tag":[1580],"woo-feed-brand":[],"class_list":{"0":"post-38648","1":"product","2":"type-product","3":"status-publish","4":"has-post-thumbnail","6":"product_cat-bio-saatgut","7":"product_cat-saatstreifen","8":"product_tag-oko","10":"first","11":"instock","12":"taxable","13":"shipping-taxable","14":"purchasable","15":"product-type-simple"},"acf":[],"_links":{"self":[{"href":"https:\/\/cultivers.es\/de\/wp-json\/wp\/v2\/product\/38648","targetHints":{"allow":["GET"]}}],"collection":[{"href":"https:\/\/cultivers.es\/de\/wp-json\/wp\/v2\/product"}],"about":[{"href":"https:\/\/cultivers.es\/de\/wp-json\/wp\/v2\/types\/product"}],"replies":[{"embeddable":true,"href":"https:\/\/cultivers.es\/de\/wp-json\/wp\/v2\/comments?post=38648"}],"wp:featuredmedia":[{"embeddable":true,"href":"https:\/\/cultivers.es\/de\/wp-json\/wp\/v2\/media\/31484"}],"wp:attachment":[{"href":"https:\/\/cultivers.es\/de\/wp-json\/wp\/v2\/media?parent=38648"}],"wp:term":[{"taxonomy":"product_brand","embeddable":true,"href":"https:\/\/cultivers.es\/de\/wp-json\/wp\/v2\/product_brand?post=38648"},{"taxonomy":"product_cat","embeddable":true,"href":"https:\/\/cultivers.es\/de\/wp-json\/wp\/v2\/product_cat?post=38648"},{"taxonomy":"product_tag","embeddable":true,"href":"https:\/\/cultivers.es\/de\/wp-json\/wp\/v2\/product_tag?post=38648"},{"taxonomy":"woo-feed-brand","embeddable":true,"href":"https:\/\/cultivers.es\/de\/wp-json\/wp\/v2\/woo-feed-brand?post=38648"}],"curies":[{"name":"wp","href":"https:\/\/api.w.org\/{rel}","templated":true}]}}