{"id":38656,"date":"2024-08-16T12:47:48","date_gmt":"2024-08-16T12:47:48","guid":{"rendered":"https:\/\/cultivers.es\/abonos\/goldene-rueschen-asiatische-gemuesesamen-streifen\/"},"modified":"2025-09-22T04:49:29","modified_gmt":"2025-09-22T04:49:29","slug":"goldene-rueschen-asiatische-gemuesesamen-streifen","status":"publish","type":"product","link":"https:\/\/cultivers.es\/de\/d\u00fcngemittel\/goldene-rueschen-asiatische-gemuesesamen-streifen\/","title":{"rendered":"Goldene R\u00fcschen Asiatische Gem\u00fcsesamen-Streifen"},"content":{"rendered":"","protected":false},"excerpt":{"rendered":"<p>Bringen Sie eine exotische und nahrhafte Note in Ihren Garten mit unseren Golden Frills Asian Vegetable Seed Strips. Diese Sorte zeichnet sich durch ihre fein gekr\u00e4uselten Bl\u00e4tter und ihren w\u00fcrzigen, erfrischenden Geschmack aus. Die 5 Meter langen Streifen aus biologisch abbaubarem Papier bieten eine einfache und umweltfreundliche M\u00f6glichkeit, Ihr eigenes asiatisches Gem\u00fcse zu Hause anzubauen.  <\/p>\n<ul>\n<li><strong>Einfache Aussaat:<\/strong> Vereinfachen Sie die Aussaat Ihres asiatischen Gem\u00fcses. Mit diesen Saatstreifen brauchen Sie nur den Streifen auf dem Boden auszubreiten, leicht mit Erde zu bedecken und zu w\u00e4ssern - kein Aufwand und gleichm\u00e4\u00dfige Ergebnisse!  <\/li>\n<li><strong>Optimale Keimung:<\/strong> Die Samen werden gleichm\u00e4\u00dfig auf dem Streifen verteilt, was eine gleichm\u00e4\u00dfige Keimung und ein ausgewogenes Wachstum garantiert und den verf\u00fcgbaren Platz in Ihrem Garten optimal ausnutzt.<\/li>\n<li><strong>Biologisch abbaubares Papier:<\/strong> Diese Streifen bestehen aus biologisch abbaubarem Papier, das sich auf nat\u00fcrliche Weise im Boden zersetzt und keine R\u00fcckst\u00e4nde hinterl\u00e4sst, was zu einem nachhaltigeren und umweltfreundlicheren Anbau beitr\u00e4gt.<\/li>\n<li><strong>Sorte Golden Frills:<\/strong> Das asiatische Gem\u00fcse Golden Frills zeichnet sich durch seine gekr\u00e4uselten Bl\u00e4tter und seinen einzigartigen Geschmack aus und ist ideal f\u00fcr Salate, Pfannengerichte und Beilagen. Es verleiht Ihren Gerichten einen Hauch von Raffinesse und Gesundheit. <\/li>\n<li><strong>Biologischer Anbau:<\/strong> Die Saatgutstreifen werden biologisch angebaut, ohne Verwendung von Chemikalien, damit Ihr Gem\u00fcse nat\u00fcrlich und sicher w\u00e4chst.<\/li>\n<\/ul>\n<p>Machen Sie den Anbau von asiatischem Gem\u00fcse in Ihrem Garten einfacher und effizienter mit unseren Golden Frills Asian Vegetable Seed Strips. Genie\u00dfen Sie eine schmackhafte, nahrhafte und gesunde Ernte mit minimalem Aufwand und maximalem Respekt f\u00fcr die Umwelt. <\/p>\n","protected":false},"featured_media":31460,"comment_status":"open","ping_status":"closed","template":"","meta":{"_acf_changed":false},"product_brand":[],"product_cat":[419,1313],"product_tag":[1580],"class_list":{"0":"post-38656","1":"product","2":"type-product","3":"status-publish","4":"has-post-thumbnail","6":"product_cat-bio-saatgut","7":"product_cat-saatstreifen","8":"product_tag-oko","10":"first","11":"instock","12":"sale","13":"taxable","14":"shipping-taxable","15":"purchasable","16":"product-type-simple"},"acf":[],"_links":{"self":[{"href":"https:\/\/cultivers.es\/de\/wp-json\/wp\/v2\/product\/38656","targetHints":{"allow":["GET"]}}],"collection":[{"href":"https:\/\/cultivers.es\/de\/wp-json\/wp\/v2\/product"}],"about":[{"href":"https:\/\/cultivers.es\/de\/wp-json\/wp\/v2\/types\/product"}],"replies":[{"embeddable":true,"href":"https:\/\/cultivers.es\/de\/wp-json\/wp\/v2\/comments?post=38656"}],"wp:featuredmedia":[{"embeddable":true,"href":"https:\/\/cultivers.es\/de\/wp-json\/wp\/v2\/media\/31460"}],"wp:attachment":[{"href":"https:\/\/cultivers.es\/de\/wp-json\/wp\/v2\/media?parent=38656"}],"wp:term":[{"taxonomy":"product_brand","embeddable":true,"href":"https:\/\/cultivers.es\/de\/wp-json\/wp\/v2\/product_brand?post=38656"},{"taxonomy":"product_cat","embeddable":true,"href":"https:\/\/cultivers.es\/de\/wp-json\/wp\/v2\/product_cat?post=38656"},{"taxonomy":"product_tag","embeddable":true,"href":"https:\/\/cultivers.es\/de\/wp-json\/wp\/v2\/product_tag?post=38656"}],"curies":[{"name":"wp","href":"https:\/\/api.w.org\/{rel}","templated":true}]}}