{"id":38789,"date":"2024-08-16T13:10:34","date_gmt":"2024-08-16T13:10:34","guid":{"rendered":"https:\/\/cultivers.es\/abonos\/feldsalat-samenstreifen\/"},"modified":"2025-09-22T04:49:13","modified_gmt":"2025-09-22T04:49:13","slug":"feldsalat-samenstreifen","status":"publish","type":"product","link":"https:\/\/cultivers.es\/de\/d\u00fcngemittel\/feldsalat-samenstreifen\/","title":{"rendered":"Feldsalat Samenstreifen"},"content":{"rendered":"","protected":false},"excerpt":{"rendered":"<p>Genie\u00dfen Sie die Zartheit und Frische des Feldsalats mit unseren Feldsalat-Samenstreifen. Dieses gr\u00fcne Blatt, das f\u00fcr seinen delikaten Geschmack und seine nahrhaften Eigenschaften gesch\u00e4tzt wird, ist ideal f\u00fcr Salate und Beilagen. Mit den 5 Meter langen Streifen aus biologisch abbaubarem Papier k\u00f6nnen Sie den Feldsalat einfach und \u00f6kologisch in Ihrem Garten oder Gem\u00fcsegarten anbauen und eine gleichm\u00e4\u00dfige und m\u00fchelose Keimung gew\u00e4hrleisten.  <\/p>\n<ul>\n<li><strong>Einfache Aussaat:<\/strong> Vergessen Sie die l\u00e4stige Arbeit, die Samen zu verteilen. Verteilen Sie den Streifen einfach auf dem Boden, bedecken Sie ihn leicht mit Erde und gie\u00dfen Sie ihn - so einfach ist es, Feldsalat zu Hause anzubauen!  <\/li>\n<li><strong>Gleichm\u00e4\u00dfige Keimung:<\/strong> Das Saatgut wird gleichm\u00e4\u00dfig auf dem Streifen verteilt, was eine gleichm\u00e4\u00dfige Keimung und ein ausgewogenes Wachstum gew\u00e4hrleistet und den Platz in Ihrem Garten optimiert.<\/li>\n<li><strong>Biologisch abbaubares Papier:<\/strong> Diese Streifen bestehen aus biologisch abbaubarem Papier, das sich auf nat\u00fcrliche Weise im Boden zersetzt und keine R\u00fcckst\u00e4nde hinterl\u00e4sst, was zu einem nachhaltigeren und umweltfreundlicheren Anbau beitr\u00e4gt.<\/li>\n<li><strong>Nahrhafte Sorte:<\/strong> Feldsalat ist reich an Vitaminen und Mineralien, was ihn zu einer ausgezeichneten Wahl f\u00fcr frische und gesunde Salate macht. Sein milder Geschmack und seine zarte Textur machen ihn zu einer idealen Beilage zu jedem Gericht. <\/li>\n<li><strong>Biologischer Anbau:<\/strong> Die Saatgutstreifen werden biologisch angebaut, ohne Verwendung von Pestiziden oder chemischen D\u00fcngemitteln. So wird sichergestellt, dass Ihr Feldsalat nat\u00fcrlich und gesund w\u00e4chst.<\/li>\n<\/ul>\n<p>Vereinfachen Sie den Anbau von Feldsalat in Ihrem Garten mit unseren Feldsalat-Samenstreifen. Sorgen Sie mit minimalem Aufwand f\u00fcr eine reiche, frische und nahrhafte Ernte und schonen Sie gleichzeitig die Umwelt mit dieser praktischen und umweltfreundlichen L\u00f6sung. <\/p>\n","protected":false},"featured_media":31466,"comment_status":"open","ping_status":"closed","template":"","meta":{"_acf_changed":false},"product_brand":[],"product_cat":[419,1308,1313],"product_tag":[1580],"class_list":{"0":"post-38789","1":"product","2":"type-product","3":"status-publish","4":"has-post-thumbnail","6":"product_cat-bio-saatgut","7":"product_cat-empfehlen-sie-samen","8":"product_cat-saatstreifen","9":"product_tag-oko","11":"first","12":"outofstock","13":"sale","14":"taxable","15":"shipping-taxable","16":"purchasable","17":"product-type-simple"},"acf":[],"_links":{"self":[{"href":"https:\/\/cultivers.es\/de\/wp-json\/wp\/v2\/product\/38789","targetHints":{"allow":["GET"]}}],"collection":[{"href":"https:\/\/cultivers.es\/de\/wp-json\/wp\/v2\/product"}],"about":[{"href":"https:\/\/cultivers.es\/de\/wp-json\/wp\/v2\/types\/product"}],"replies":[{"embeddable":true,"href":"https:\/\/cultivers.es\/de\/wp-json\/wp\/v2\/comments?post=38789"}],"wp:featuredmedia":[{"embeddable":true,"href":"https:\/\/cultivers.es\/de\/wp-json\/wp\/v2\/media\/31466"}],"wp:attachment":[{"href":"https:\/\/cultivers.es\/de\/wp-json\/wp\/v2\/media?parent=38789"}],"wp:term":[{"taxonomy":"product_brand","embeddable":true,"href":"https:\/\/cultivers.es\/de\/wp-json\/wp\/v2\/product_brand?post=38789"},{"taxonomy":"product_cat","embeddable":true,"href":"https:\/\/cultivers.es\/de\/wp-json\/wp\/v2\/product_cat?post=38789"},{"taxonomy":"product_tag","embeddable":true,"href":"https:\/\/cultivers.es\/de\/wp-json\/wp\/v2\/product_tag?post=38789"}],"curies":[{"name":"wp","href":"https:\/\/api.w.org\/{rel}","templated":true}]}}