{"id":38800,"date":"2024-08-19T13:13:23","date_gmt":"2024-08-19T13:13:23","guid":{"rendered":"https:\/\/cultivers.es\/abonos\/andine-cornue-bio-tomatensamen\/"},"modified":"2025-09-22T05:12:48","modified_gmt":"2025-09-22T05:12:48","slug":"andine-cornue-bio-tomatensamen","status":"publish","type":"product","link":"https:\/\/cultivers.es\/de\/d\u00fcngemittel\/andine-cornue-bio-tomatensamen\/","title":{"rendered":"Andine Cornue Tomatensamen"},"content":{"rendered":"","protected":false},"excerpt":{"rendered":"<p>Verleihen Sie Ihrem Garten mit unseren Bio-Tomatensamen Andine Cornue eine ganz besondere Note. Diese urspr\u00fcnglich aus den Anden stammende Sorte zeichnet sich durch ihre l\u00e4ngliche, spitz zulaufende Form aus, die einer Paprika \u00e4hnelt, sowie durch ihren s\u00fc\u00dfen und pikanten Geschmack, der ideal f\u00fcr Salate, So\u00dfen und Konserven ist. Sie z\u00fcchtet eine einzigartige Tomate, die unverwechselbare \u00c4sthetik mit au\u00dfergew\u00f6hnlicher kulinarischer Qualit\u00e4t verbindet.  <\/p>\n<ul>\n<li><strong>L\u00e4ngliche und spitze Form:<\/strong> Die Andine Cornue-Tomate zeichnet sich durch ihre besondere Form aus, die an ein Horn erinnert, daher auch ihr Name. Dieses Merkmal macht sie sowohl im Garten als auch auf dem Tisch zu einer besonderen Attraktion. <\/li>\n<li><strong>S\u00fc\u00dfer und pikanter Geschmack:<\/strong> Diese Tomate bietet ein festes, fleischiges Fruchtfleisch mit einem s\u00fc\u00dfen Geschmack und einem geringen S\u00e4uregehalt, wodurch sie sich ideal f\u00fcr den Genuss in frischen Salaten, So\u00dfen oder f\u00fcr Zubereitungen in Dosen eignet.<\/li>\n<li><strong>Hohe Produktivit\u00e4t:<\/strong> Die Andine Cornue Tomatenpflanze ist w\u00fcchsig und ertragreich und tr\u00e4gt w\u00e4hrend der gesamten Vegetationsperiode reichlich Fr\u00fcchte. Perfekt f\u00fcr G\u00e4rtner, die eine reiche Ernte anstreben. <\/li>\n<li><strong>Einfacher Anbau:<\/strong> Diese Sorte passt sich an verschiedene Bodentypen und Klimazonen an und ist relativ einfach anzubauen, was sie zu einer hervorragenden Wahl f\u00fcr Anf\u00e4nger und erfahrene G\u00e4rtner macht.<\/li>\n<li><strong>Biologischer Anbau:<\/strong> Unser Saatgut ist biologisch und garantiert ein Produkt, das frei von Pestiziden und chemischen D\u00fcngemitteln ist, was zu einem ges\u00fcnderen und nachhaltigeren Garten beitr\u00e4gt.<\/li>\n<\/ul>\n<p>Geben Sie Ihrem Garten eine besondere Note mit der Andine Cornue Tomate! Kaufen Sie unser Bio-Saatgut und genie\u00dfen Sie eine reiche Ernte von Tomaten mit einer einzigartigen Form und einem exquisiten Geschmack. Bestellen Sie noch heute und beginnen Sie mit dem Anbau dieser au\u00dfergew\u00f6hnlichen Qualit\u00e4tssorte aus den Anden!  <\/p>\n","protected":false},"featured_media":31656,"comment_status":"open","ping_status":"closed","template":"","meta":{"_acf_changed":false},"product_brand":[],"product_cat":[438,419],"product_tag":[1580],"woo-feed-brand":[],"class_list":{"0":"post-38800","1":"product","2":"type-product","3":"status-publish","4":"has-post-thumbnail","6":"product_cat-bio-obst-und-gemusesaatgut","7":"product_cat-bio-saatgut","8":"product_tag-oko","10":"first","11":"instock","12":"taxable","13":"shipping-taxable","14":"purchasable","15":"product-type-simple"},"acf":[],"_links":{"self":[{"href":"https:\/\/cultivers.es\/de\/wp-json\/wp\/v2\/product\/38800","targetHints":{"allow":["GET"]}}],"collection":[{"href":"https:\/\/cultivers.es\/de\/wp-json\/wp\/v2\/product"}],"about":[{"href":"https:\/\/cultivers.es\/de\/wp-json\/wp\/v2\/types\/product"}],"replies":[{"embeddable":true,"href":"https:\/\/cultivers.es\/de\/wp-json\/wp\/v2\/comments?post=38800"}],"wp:featuredmedia":[{"embeddable":true,"href":"https:\/\/cultivers.es\/de\/wp-json\/wp\/v2\/media\/31656"}],"wp:attachment":[{"href":"https:\/\/cultivers.es\/de\/wp-json\/wp\/v2\/media?parent=38800"}],"wp:term":[{"taxonomy":"product_brand","embeddable":true,"href":"https:\/\/cultivers.es\/de\/wp-json\/wp\/v2\/product_brand?post=38800"},{"taxonomy":"product_cat","embeddable":true,"href":"https:\/\/cultivers.es\/de\/wp-json\/wp\/v2\/product_cat?post=38800"},{"taxonomy":"product_tag","embeddable":true,"href":"https:\/\/cultivers.es\/de\/wp-json\/wp\/v2\/product_tag?post=38800"},{"taxonomy":"woo-feed-brand","embeddable":true,"href":"https:\/\/cultivers.es\/de\/wp-json\/wp\/v2\/woo-feed-brand?post=38800"}],"curies":[{"name":"wp","href":"https:\/\/api.w.org\/{rel}","templated":true}]}}