{"id":38801,"date":"2024-08-19T13:13:21","date_gmt":"2024-08-19T13:13:21","guid":{"rendered":"https:\/\/cultivers.es\/abonos\/zarte-und-echte-bio-pastinakensamen\/"},"modified":"2025-09-22T05:05:41","modified_gmt":"2025-09-22T05:05:41","slug":"zarte-und-echte-bio-pastinakensamen","status":"publish","type":"product","link":"https:\/\/cultivers.es\/de\/d\u00fcngemittel\/zarte-und-echte-bio-pastinakensamen\/","title":{"rendered":"Zarte und echte Pastinakensamen"},"content":{"rendered":"","protected":false},"excerpt":{"rendered":"<p>Kultivieren Sie den authentischen Geschmack der Tradition mit unseren Bio-Piquillo-Pfeffer-Samen. Diese ikonische Paprika, die urspr\u00fcnglich aus Navarra stammt, ist ber\u00fchmt f\u00fcr ihren s\u00fc\u00dfen Geschmack und ihre weiche Textur, die sich ideal zum Braten, F\u00fcllen oder Einmachen eignet. Verleihen Sie Ihrem Garten einen traditionellen Touch mit dieser Sorte, die ein wesentlicher Bestandteil der spanischen Gastronomie ist.  <\/p>\n<ul>\n<li><strong>S\u00fc\u00dfer und milder Geschmack:<\/strong> Der Piquillo-Pfeffer zeichnet sich durch seinen s\u00fc\u00dfen, leicht fruchtigen Geschmack und seine zarte Textur aus, was ihn zu einer vielseitigen Zutat f\u00fcr eine Vielzahl von Rezepten macht, von Tapas bis zu Hauptgerichten.<\/li>\n<li><strong>Ideal zum Braten und Konservieren:<\/strong> Piquillo-Paprikaschoten eignen sich perfekt zum Braten, da sich ihre Haut nach dem Kochen leicht abziehen l\u00e4sst und ihr einzigartiger Geschmack erhalten bleibt. Sie sind auch ideal zum Einmachen und k\u00f6nnen das ganze Jahr \u00fcber genossen werden. <\/li>\n<li><strong>Kompakte Gr\u00f6\u00dfe:<\/strong> Diese Sorte bringt kleine, dreieckige Fr\u00fcchte hervor, die leicht zu handhaben sind und sich perfekt zum F\u00fcllen mit verschiedenen Zubereitungen wie K\u00e4se, Meeresfr\u00fcchten oder Fleisch eignen.<\/li>\n<li><strong>Produktiver Anbau:<\/strong> Piquillo-Pflanzen sind kompakt und robust und liefern w\u00e4hrend der gesamten Erntesaison einen gro\u00dfz\u00fcgigen und konstanten Ertrag an Paprika. Perfekt f\u00fcr G\u00e4rtner, die Wert auf Ertrag und Qualit\u00e4t legen. <\/li>\n<li><strong>Biologischer Anbau:<\/strong> Unsere Piquillo-Pfeffersamen sind 100% biologisch und garantieren ein gesundes und nachhaltiges Produkt f\u00fcr Ihren Garten, frei von Pestiziden und chemischen D\u00fcngemitteln.<\/li>\n<\/ul>\n<p>Holen Sie sich den authentischen Geschmack von Piquillo-Paprika in Ihren Garten mit unseren Bio-Samen! Genie\u00dfen Sie eine reiche Ernte dieser traditionellen und vielseitigen Paprika, die Ihre Rezepte aufwerten wird. Bestellen Sie noch heute und beginnen Sie, den Geschmack der spanischen K\u00fcche zu Hause anzubauen!  <\/p>\n","protected":false},"featured_media":31675,"comment_status":"open","ping_status":"closed","template":"","meta":{"_acf_changed":false},"product_brand":[],"product_cat":[419,433],"product_tag":[1580],"class_list":{"0":"post-38801","1":"product","2":"type-product","3":"status-publish","4":"has-post-thumbnail","6":"product_cat-bio-saatgut","7":"product_cat-bio-wurzelsaatgut","8":"product_tag-oko","10":"first","11":"instock","12":"sale","13":"taxable","14":"shipping-taxable","15":"purchasable","16":"product-type-simple"},"acf":[],"_links":{"self":[{"href":"https:\/\/cultivers.es\/de\/wp-json\/wp\/v2\/product\/38801","targetHints":{"allow":["GET"]}}],"collection":[{"href":"https:\/\/cultivers.es\/de\/wp-json\/wp\/v2\/product"}],"about":[{"href":"https:\/\/cultivers.es\/de\/wp-json\/wp\/v2\/types\/product"}],"replies":[{"embeddable":true,"href":"https:\/\/cultivers.es\/de\/wp-json\/wp\/v2\/comments?post=38801"}],"wp:featuredmedia":[{"embeddable":true,"href":"https:\/\/cultivers.es\/de\/wp-json\/wp\/v2\/media\/31675"}],"wp:attachment":[{"href":"https:\/\/cultivers.es\/de\/wp-json\/wp\/v2\/media?parent=38801"}],"wp:term":[{"taxonomy":"product_brand","embeddable":true,"href":"https:\/\/cultivers.es\/de\/wp-json\/wp\/v2\/product_brand?post=38801"},{"taxonomy":"product_cat","embeddable":true,"href":"https:\/\/cultivers.es\/de\/wp-json\/wp\/v2\/product_cat?post=38801"},{"taxonomy":"product_tag","embeddable":true,"href":"https:\/\/cultivers.es\/de\/wp-json\/wp\/v2\/product_tag?post=38801"}],"curies":[{"name":"wp","href":"https:\/\/api.w.org\/{rel}","templated":true}]}}