{"id":38811,"date":"2024-08-19T13:13:25","date_gmt":"2024-08-19T13:13:25","guid":{"rendered":"https:\/\/cultivers.es\/abonos\/longue-de-nice-bio-kuerbiskerne\/"},"modified":"2025-09-22T05:12:48","modified_gmt":"2025-09-22T05:12:48","slug":"longue-de-nice-bio-kuerbiskerne","status":"publish","type":"product","link":"https:\/\/cultivers.es\/de\/d\u00fcngemittel\/longue-de-nice-bio-kuerbiskerne\/","title":{"rendered":"Longue de Nice K\u00fcrbiskerne"},"content":{"rendered":"","protected":false},"excerpt":{"rendered":"<p>Versch\u00f6nern Sie Ihren Garten mit unseren Bio-K\u00fcrbiskernen &#8218;Longue de Nice&#8216;. Diese klassische Sorte ist bekannt f\u00fcr ihre l\u00e4nglichen Fr\u00fcchte und ihren ausgezeichneten Geschmack, der sich sowohl zum Kochen als auch zum Garnieren eignet. Der urspr\u00fcnglich aus Frankreich stammende K\u00fcrbis &#8218;Longue de Nice&#8216; ist bekannt f\u00fcr seinen hohen Ertrag und seine Anpassungsf\u00e4higkeit an verschiedene Anbaubedingungen.  <\/p>\n<ul>\n<li><strong>Langgestreckte Form:<\/strong> Der K\u00fcrbis &#8218;Longue de Nice&#8216; zeichnet sich durch seine langen und zylindrischen Fr\u00fcchte aus, die bis zu 30 cm lang werden k\u00f6nnen. Seine markante Form ist nicht nur attraktiv, sondern erleichtert auch die Verwendung in verschiedenen kulinarischen Zubereitungen. <\/li>\n<li><strong>S\u00fc\u00dfer und milder Geschmack:<\/strong> Diese Sorte wird wegen ihres milden und leicht s\u00fc\u00dfen Geschmacks gesch\u00e4tzt, der sie ideal f\u00fcr eine Vielzahl von Rezepten macht, von Suppen und P\u00fcrees bis zu Eint\u00f6pfen und Kuchen.<\/li>\n<li><strong>Hohe Produktion:<\/strong> Der K\u00fcrbis &#8218;Longue de Nice&#8216; ist f\u00fcr seinen hohen Ertrag bekannt, denn er tr\u00e4gt w\u00e4hrend der Wachstumsperiode reichlich Fr\u00fcchte. Er ist eine ausgezeichnete Wahl f\u00fcr Haus- und Gemeinschaftsg\u00e4rten. <\/li>\n<li><strong>Einfacher Anbau:<\/strong> Passt sich gut an verschiedene Bodentypen und Klimabedingungen an und ist relativ einfach zu z\u00fcchten. Ideal f\u00fcr G\u00e4rtner aller Erfahrungsstufen. <\/li>\n<li><strong>Biologischer Anbau:<\/strong> Unser Saatgut wird biologisch angebaut, ohne den Einsatz von Pestiziden oder chemischen D\u00fcngemitteln. Dies gew\u00e4hrleistet ein nat\u00fcrliches und gesundes Wachstum, sowohl f\u00fcr die Pflanzen als auch f\u00fcr die Umwelt.<\/li>\n<\/ul>\n<p>Verleihen Sie Ihrem Garten mit dem K\u00fcrbis &#8218;Longue de Nice&#8216; eine besondere Note! Kaufen Sie unser Bio-Saatgut und erfreuen Sie sich an langen, k\u00f6stlichen und \u00fcppigen Fr\u00fcchten, die Geschmack und Sch\u00f6nheit in Ihre Gerichte und Ihren Garten bringen. Bestellen Sie noch heute und beginnen Sie mit dem Anbau dieser wunderbaren Sorte!  <\/p>\n","protected":false},"featured_media":31603,"comment_status":"open","ping_status":"closed","template":"","meta":{"_acf_changed":false},"product_brand":[],"product_cat":[438,419],"product_tag":[1580],"class_list":{"0":"post-38811","1":"product","2":"type-product","3":"status-publish","4":"has-post-thumbnail","6":"product_cat-bio-obst-und-gemusesaatgut","7":"product_cat-bio-saatgut","8":"product_tag-oko","10":"first","11":"instock","12":"taxable","13":"shipping-taxable","14":"purchasable","15":"product-type-simple"},"acf":[],"_links":{"self":[{"href":"https:\/\/cultivers.es\/de\/wp-json\/wp\/v2\/product\/38811","targetHints":{"allow":["GET"]}}],"collection":[{"href":"https:\/\/cultivers.es\/de\/wp-json\/wp\/v2\/product"}],"about":[{"href":"https:\/\/cultivers.es\/de\/wp-json\/wp\/v2\/types\/product"}],"replies":[{"embeddable":true,"href":"https:\/\/cultivers.es\/de\/wp-json\/wp\/v2\/comments?post=38811"}],"wp:featuredmedia":[{"embeddable":true,"href":"https:\/\/cultivers.es\/de\/wp-json\/wp\/v2\/media\/31603"}],"wp:attachment":[{"href":"https:\/\/cultivers.es\/de\/wp-json\/wp\/v2\/media?parent=38811"}],"wp:term":[{"taxonomy":"product_brand","embeddable":true,"href":"https:\/\/cultivers.es\/de\/wp-json\/wp\/v2\/product_brand?post=38811"},{"taxonomy":"product_cat","embeddable":true,"href":"https:\/\/cultivers.es\/de\/wp-json\/wp\/v2\/product_cat?post=38811"},{"taxonomy":"product_tag","embeddable":true,"href":"https:\/\/cultivers.es\/de\/wp-json\/wp\/v2\/product_tag?post=38811"}],"curies":[{"name":"wp","href":"https:\/\/api.w.org\/{rel}","templated":true}]}}