{"id":38826,"date":"2024-08-19T13:13:26","date_gmt":"2024-08-19T13:13:26","guid":{"rendered":"https:\/\/cultivers.es\/abonos\/siempreviva-bio-saatgut\/"},"modified":"2025-09-22T05:22:55","modified_gmt":"2025-09-22T05:22:55","slug":"siempreviva-bio-saatgut","status":"publish","type":"product","link":"https:\/\/cultivers.es\/de\/d\u00fcngemittel\/siempreviva-bio-saatgut\/","title":{"rendered":"SiempreViva Saatgut"},"content":{"rendered":"","protected":false},"excerpt":{"rendered":"<p>Bringen Sie mit unseren Bio-Immortelle-Samen einen Hauch von Best\u00e4ndigkeit und Sch\u00f6nheit in Ihren Garten. Die f\u00fcr ihre farbenfrohen, langlebigen Bl\u00fcten bekannte Immortelle ist eine einj\u00e4hrige Pflanze, die in einer breiten Palette von Farben bl\u00fchen kann, von Wei\u00df und Gelb bis hin zu Rot und Violett. Diese Pflanze, die sich perfekt f\u00fcr G\u00e4rten, Blumenarrangements und Trockenstr\u00e4u\u00dfe eignet, ist ein Synonym f\u00fcr mehrj\u00e4hrige Sch\u00f6nheit.  <\/p>\n<ul>\n<li><strong>Langanhaltende Bl\u00fcte: Immergr\u00fcne<\/strong> Blumen sind daf\u00fcr bekannt, dass sie ihre Farbe und Form auch nach dem Schneiden und Trocknen behalten. Das macht sie zur idealen Wahl f\u00fcr Trockenstr\u00e4u\u00dfe und langlebige Blumenarrangements.<\/li>\n<li><strong>Einfacher Anbau:<\/strong> Die Everlasting ist eine robuste Pflanze, die sich gut an verschiedene Boden- und Klimabedingungen anpasst und an sonnigen Standorten gedeiht. Sie ist eine ausgezeichnete Wahl sowohl f\u00fcr Anf\u00e4nger als auch f\u00fcr erfahrene G\u00e4rtner. <\/li>\n<li><strong>Lebendige Farben:<\/strong> Diese Pflanze bietet eine breite Palette an leuchtenden Farben, mit denen Sie auff\u00e4llige Kombinationen in Ihrem Garten oder in Blumenarrangements schaffen k\u00f6nnen.<\/li>\n<li><strong>Attraktiv f\u00fcr Best\u00e4uber:<\/strong> Zus\u00e4tzlich zu seinem Zierwert zieht das immergr\u00fcne Gew\u00e4chs Bienen und andere Best\u00e4uber an und f\u00f6rdert so die Artenvielfalt in Ihrem Garten.<\/li>\n<li><strong>Biologischer Anbau:<\/strong> Unsere Strohblumensamen werden biologisch angebaut, ohne den Einsatz von Pestiziden oder chemischen D\u00fcngemitteln, um einen gesunden und umweltfreundlichen Garten zu garantieren.<\/li>\n<\/ul>\n<p>F\u00fcllen Sie Ihren Garten mit Farbe und Best\u00e4ndigkeit mit unseren Bio-Immortelle-Samen. Erfreuen Sie sich an leuchtenden Blumen, die lange sch\u00f6n bleiben, sowohl im Garten als auch in Ihrem Haus. <\/p>\n","protected":false},"featured_media":31564,"comment_status":"open","ping_status":"closed","template":"","meta":{"_acf_changed":false},"product_brand":[],"product_cat":[475,419],"product_tag":[1580],"woo-feed-brand":[],"class_list":{"0":"post-38826","1":"product","2":"type-product","3":"status-publish","4":"has-post-thumbnail","6":"product_cat-bio-blumensaatgut","7":"product_cat-bio-saatgut","8":"product_tag-oko","10":"first","11":"instock","12":"taxable","13":"shipping-taxable","14":"purchasable","15":"product-type-simple"},"acf":[],"_links":{"self":[{"href":"https:\/\/cultivers.es\/de\/wp-json\/wp\/v2\/product\/38826","targetHints":{"allow":["GET"]}}],"collection":[{"href":"https:\/\/cultivers.es\/de\/wp-json\/wp\/v2\/product"}],"about":[{"href":"https:\/\/cultivers.es\/de\/wp-json\/wp\/v2\/types\/product"}],"replies":[{"embeddable":true,"href":"https:\/\/cultivers.es\/de\/wp-json\/wp\/v2\/comments?post=38826"}],"wp:featuredmedia":[{"embeddable":true,"href":"https:\/\/cultivers.es\/de\/wp-json\/wp\/v2\/media\/31564"}],"wp:attachment":[{"href":"https:\/\/cultivers.es\/de\/wp-json\/wp\/v2\/media?parent=38826"}],"wp:term":[{"taxonomy":"product_brand","embeddable":true,"href":"https:\/\/cultivers.es\/de\/wp-json\/wp\/v2\/product_brand?post=38826"},{"taxonomy":"product_cat","embeddable":true,"href":"https:\/\/cultivers.es\/de\/wp-json\/wp\/v2\/product_cat?post=38826"},{"taxonomy":"product_tag","embeddable":true,"href":"https:\/\/cultivers.es\/de\/wp-json\/wp\/v2\/product_tag?post=38826"},{"taxonomy":"woo-feed-brand","embeddable":true,"href":"https:\/\/cultivers.es\/de\/wp-json\/wp\/v2\/woo-feed-brand?post=38826"}],"curies":[{"name":"wp","href":"https:\/\/api.w.org\/{rel}","templated":true}]}}