{"id":38836,"date":"2024-08-19T13:13:26","date_gmt":"2024-08-19T13:13:26","guid":{"rendered":"https:\/\/cultivers.es\/abonos\/bio-stachelmohnsamen\/"},"modified":"2025-09-22T04:49:11","modified_gmt":"2025-09-22T04:49:11","slug":"bio-stachelmohnsamen","status":"publish","type":"product","link":"https:\/\/cultivers.es\/de\/d\u00fcngemittel\/bio-stachelmohnsamen\/","title":{"rendered":"Stachelmohnsamen"},"content":{"rendered":"","protected":false},"excerpt":{"rendered":"<p>Bringen Sie einen Hauch von nat\u00fcrlicher Sch\u00f6nheit in Ihren Garten mit unseren Bio-Samen des Stachelmohns. Der stachelige Mohn ist f\u00fcr seine zarten, farbenpr\u00e4chtigen Bl\u00fcten und seine Widerstandsf\u00e4higkeit bekannt. Er ist eine Zierpflanze, die f\u00fcr ihre Eleganz und ihre F\u00e4higkeit bekannt ist, auf trockenen, kargen B\u00f6den zu gedeihen. <\/p>\n<ul>\n<li><strong>Widerstandsf\u00e4higkeit und Anpassungsf\u00e4higkeit:<\/strong> Der Stachelmohn ist daf\u00fcr bekannt, dass er auch unter schwierigen Bedingungen w\u00e4chst, einschlie\u00dflich schlechter und trockener B\u00f6den. Er ist ideal f\u00fcr G\u00e4rtner, die widerstandsf\u00e4hige, pflegeleichte Pflanzen suchen. <\/li>\n<li><strong>Attraktive Bl\u00fcte:<\/strong> Diese Sorte produziert leuchtend gelbe Bl\u00fcten mit einer dunklen Mitte, die einen Hauch von lebendiger, exotischer Farbe in jede Gr\u00fcnfl\u00e4che bringen.<\/li>\n<li><strong>Zierlich und nat\u00fcrlich:<\/strong> Perfekt f\u00fcr wilde G\u00e4rten und nat\u00fcrliche Landschaften. Der stachelige Mohn ist nicht nur sch\u00f6n, sondern hilft auch, Best\u00e4uber wie Bienen und Schmetterlinge anzulocken und f\u00f6rdert so die Artenvielfalt in Ihrem Garten.<\/li>\n<li><strong>Biologischer Anbau:<\/strong> Unsere Stachelmohnsamen werden zu 100% biologisch und ohne den Einsatz von Chemikalien angebaut, was ein nat\u00fcrliches und gesundes Wachstum Ihrer Pflanzen gew\u00e4hrleistet.<\/li>\n<\/ul>\n<p>Schaffen Sie einen Garten voller Leben und Farbe mit unseren Bio-Stachelmohnsamen. Genie\u00dfen Sie die Sch\u00f6nheit und Widerstandsf\u00e4higkeit dieser Pflanze, die ideal f\u00fcr R\u00e4ume ist, die einen Hauch von wilder und \u00f6kologischer Natur suchen. <\/p>\n","protected":false},"featured_media":50152,"comment_status":"open","ping_status":"closed","template":"","meta":{"_acf_changed":false},"product_brand":[],"product_cat":[475,419],"product_tag":[1580],"class_list":{"0":"post-38836","1":"product","2":"type-product","3":"status-publish","4":"has-post-thumbnail","6":"product_cat-bio-blumensaatgut","7":"product_cat-bio-saatgut","8":"product_tag-oko","10":"first","11":"instock","12":"sale","13":"taxable","14":"shipping-taxable","15":"purchasable","16":"product-type-simple"},"acf":[],"_links":{"self":[{"href":"https:\/\/cultivers.es\/de\/wp-json\/wp\/v2\/product\/38836","targetHints":{"allow":["GET"]}}],"collection":[{"href":"https:\/\/cultivers.es\/de\/wp-json\/wp\/v2\/product"}],"about":[{"href":"https:\/\/cultivers.es\/de\/wp-json\/wp\/v2\/types\/product"}],"replies":[{"embeddable":true,"href":"https:\/\/cultivers.es\/de\/wp-json\/wp\/v2\/comments?post=38836"}],"wp:featuredmedia":[{"embeddable":true,"href":"https:\/\/cultivers.es\/de\/wp-json\/wp\/v2\/media\/50152"}],"wp:attachment":[{"href":"https:\/\/cultivers.es\/de\/wp-json\/wp\/v2\/media?parent=38836"}],"wp:term":[{"taxonomy":"product_brand","embeddable":true,"href":"https:\/\/cultivers.es\/de\/wp-json\/wp\/v2\/product_brand?post=38836"},{"taxonomy":"product_cat","embeddable":true,"href":"https:\/\/cultivers.es\/de\/wp-json\/wp\/v2\/product_cat?post=38836"},{"taxonomy":"product_tag","embeddable":true,"href":"https:\/\/cultivers.es\/de\/wp-json\/wp\/v2\/product_tag?post=38836"}],"curies":[{"name":"wp","href":"https:\/\/api.w.org\/{rel}","templated":true}]}}